{"id":62,"date":"2012-09-23T20:52:03","date_gmt":"2012-09-23T20:52:03","guid":{"rendered":"http:\/\/dev.michaellaitman.kbb1.com\/?page_id=62"},"modified":"2018-04-13T16:35:29","modified_gmt":"2018-04-13T14:35:29","slug":"leader-in-global-change","status":"publish","type":"page","link":"https:\/\/www.michaellaitman.com\/no\/person\/leader-in-global-change\/","title":{"rendered":"Leder i global endring"},"content":{"rendered":"<div id=\"attachment_131\" style=\"width: 205px\" class=\"wp-caption alignleft\"><a href=\"http:\/\/www.michaellaitman.com\/no\/person\/leader-in-global-change\/unesco\/\" rel=\"attachment wp-att-131\"><img loading=\"lazy\" decoding=\"async\" aria-describedby=\"caption-attachment-131\" class=\"size-thumbnail wp-image-131\" src=\"http:\/\/www.michaellaitman.com\/no\/wp-content\/uploads\/2012\/09\/unesco-195x290.jpg\" alt=\"&quot;A true visionary.&quot; Irina Bokova Director-General of UNESCO Paris, 2011\" width=\"195\" height=\"290\"><\/a><p id=\"caption-attachment-131\" class=\"wp-caption-text\">&#8220;En ekte visjon\u00e6r.&#8221; Irina Bokova Direkt\u00f8r-General for&nbsp;UNESCO Paris, 2011<\/p><\/div>\n<p><span style=\"font-weight: 400\">Dr. Laitmans nye globale utdannings metode, ble presentert for UNESCOs generaldirekt\u00f8r fru Irina Bokova, som kalte Laitman en \u201cekte visjon\u00e6r.\u201d<\/span><\/p>\n<p><span style=\"font-weight: 400\">Under m\u00f8tet diskuterte de n\u00e5 v\u00e6rende og verdensomspennende utdanningssp\u00f8rsm\u00e5l, og Dr. Laitmans visjon for l\u00f8sninger. Han understreket at det haster med \u00e5 vurdere de unike ambisjoner til&nbsp;dagens ungdom, og behovet for&nbsp;forberedelse til&nbsp;livet i en sv\u00e6rt dynamisk og global verden, og samtidig dra nytte av den nye kommunikasjonsteknologien. ARI Instituttet ble umiddelbart invitert til \u00e5 delta i en serie av UN\/UNESCO utdannings initiativer.<br \/>\n<\/span><\/p>\n<p><span style=\"font-weight: 400\">I dag fungerer Dr. Laitman som en strategisk r\u00e5dgiver for UN i utdannings relaterte tiltak. Dr. Michael Laitman har v\u00e6rt omtalt blant annet i f\u00f8lgende publikasjoner: The Corriere della Sera, the Chicago Tribune, The Miami Herald, The Jerusalem Post, og The Globe. Han har gjestet&nbsp;flere TV programmer, inkludert: SKY TV (Skytg24) og Mediaset TV (Tg5), Univision og Bloomberg TV.<\/span><\/p>\n<p>&nbsp;<\/p>\n<ul id=\"videoTab\" class=\"nav nav-tabs\">\n<li class=\"active\"><span style=\"font-weight: 400\"> Se video:<\/span><\/li>\n<\/ul>\n<p><iframe loading=\"lazy\" title=\"Dr. Michael Laitman meeting with UNESCO Director-General Irina Bokova\" width=\"550\" height=\"413\" src=\"https:\/\/www.youtube.com\/embed\/kOu_stRvSgw?feature=oembed\" frameborder=\"0\" allow=\"accelerometer; autoplay; clipboard-write; encrypted-media; gyroscope; picture-in-picture; web-share\" referrerpolicy=\"strict-origin-when-cross-origin\" allowfullscreen><\/iframe><\/p>\n","protected":false},"excerpt":{"rendered":"<p>Dr. Laitmans nye globale utdannings metode, ble presentert for UNESCOs generaldirekt\u00f8r fru Irina Bokova, som kalte Laitman en \u201cekte visjon\u00e6r.\u201d Under m\u00f8tet diskuterte de n\u00e5 v\u00e6rende og verdensomspennende utdanningssp\u00f8rsm\u00e5l, og Dr. Laitmans visjon for l\u00f8sninger. Han understreket at det haster<span class=\"ellipsis\">&hellip;<\/span><\/p>\n<div class=\"read-more\"><a href=\"https:\/\/www.michaellaitman.com\/no\/person\/leader-in-global-change\/\">Read more &#8250;<\/a><\/div>\n<p><!-- end of .read-more --><\/p>\n","protected":false},"author":1,"featured_media":0,"parent":56,"menu_order":6,"comment_status":"open","ping_status":"open","template":"sidebar-content-page.php","meta":{"ngg_post_thumbnail":0,"footnotes":""},"class_list":["post-62","page","type-page","status-publish","hentry"],"_links":{"self":[{"href":"https:\/\/www.michaellaitman.com\/no\/wp-json\/wp\/v2\/pages\/62","targetHints":{"allow":["GET"]}}],"collection":[{"href":"https:\/\/www.michaellaitman.com\/no\/wp-json\/wp\/v2\/pages"}],"about":[{"href":"https:\/\/www.michaellaitman.com\/no\/wp-json\/wp\/v2\/types\/page"}],"author":[{"embeddable":true,"href":"https:\/\/www.michaellaitman.com\/no\/wp-json\/wp\/v2\/users\/1"}],"replies":[{"embeddable":true,"href":"https:\/\/www.michaellaitman.com\/no\/wp-json\/wp\/v2\/comments?post=62"}],"version-history":[{"count":2,"href":"https:\/\/www.michaellaitman.com\/no\/wp-json\/wp\/v2\/pages\/62\/revisions"}],"predecessor-version":[{"id":717,"href":"https:\/\/www.michaellaitman.com\/no\/wp-json\/wp\/v2\/pages\/62\/revisions\/717"}],"up":[{"embeddable":true,"href":"https:\/\/www.michaellaitman.com\/no\/wp-json\/wp\/v2\/pages\/56"}],"wp:attachment":[{"href":"https:\/\/www.michaellaitman.com\/no\/wp-json\/wp\/v2\/media?parent=62"}],"curies":[{"name":"wp","href":"https:\/\/api.w.org\/{rel}","templated":true}]}}