{"id":61,"date":"2012-09-23T20:51:16","date_gmt":"2012-09-23T20:51:16","guid":{"rendered":"http:\/\/dev.michaellaitman.kbb1.com\/?page_id=61"},"modified":"2016-05-09T09:58:22","modified_gmt":"2016-05-09T07:58:22","slug":"internationally-best-selling-author","status":"publish","type":"page","link":"https:\/\/www.michaellaitman.com\/no\/person\/internationally-best-selling-author\/","title":{"rendered":"Internasjonal bestselgende forfatter"},"content":{"rendered":"<div id=\"attachment_130\" style=\"width: 210px\" class=\"wp-caption alignleft\"><a href=\"http:\/\/www.michaellaitman.com\/no\/person\/internationally-best-selling-author\/index_img_7\/\" rel=\"attachment wp-att-130\"><img loading=\"lazy\" decoding=\"async\" aria-describedby=\"caption-attachment-130\" class=\"size-full wp-image-130\" src=\"http:\/\/www.michaellaitman.com\/no\/wp-content\/uploads\/2012\/09\/index_img_7.jpg\" alt=\"High Panel on Peace and Dialogue among Cultures. UN Headquarters, New York\" width=\"200\" height=\"149\" \/><\/a><p id=\"caption-attachment-130\" class=\"wp-caption-text\">Panelet om fred og dialog mellom kulturer, FNs hovedkvarter, New York.<\/p><\/div>\n<p><span style=\"font-weight: 400\">I l\u00f8pet av de siste tre ti\u00e5r har Dr. Laitman publisert mer enn 40 b\u00f8ker, som er oversatt til 18 spr\u00e5k, alle med form\u00e5l om \u00e5 hjelpe enkelt personer med \u00e5 oppn\u00e5 harmoni med deg selv, og milj\u00f8et rundt dem. <\/span><\/p>\n<p>&nbsp;<\/p>\n<p><i><span style=\"font-weight: 400\">Foreword<\/span><\/i><span style=\"font-weight: 400\">\u2018s anmeldelse av Laitmans siste bok, The Psychology of the integral society (om behovet for integrerende og global utdannekse for \u00e5 l\u00f8se krisen) notat:<\/span><\/p>\n<p style=\"padding-left: 30px\"><em><span style=\"font-weight: 400\">\u201cSom et samfunn bruker vi s\u00e5 mye tid p\u00e5 konkurranse og pr\u00f8ve \u00e5 komme f\u00f8rst, at konseptet om samarbeid i seg selv, h\u00f8res banebrytende ut.\u201d<\/span><\/em><\/p>\n<p><i><span style=\"font-weight: 400\">Andre nye titler inkluderer: Self-Interest vs. Altruism in the Global Era: How Can Society Turn Self-Interests Into Mutual Benefit and Children of Tomorrow: <\/span><\/i><i><span style=\"font-weight: 400\">Guidelines for Raising Happy Children in the 21st Century, <\/span><\/i><i><span style=\"font-weight: 400\">ble anmeldt av Midwest Book Review:<\/span><\/i><\/p>\n<p style=\"padding-left: 30px\"><i><span style=\"font-weight: 400\"> \u201c Her fastsl\u00e5es det at samfunnets fremtid avhenger av samarbeidet mellom mennesker som job<\/span><\/i><i><span style=\"font-weight: 400\">ber for samfunnet, at mye av samfunnets nedbrytning de siste ti\u00e5r, er\u00a0resultatet av narsissisme og gr\u00e5dighet, \u201cSelf Interest VS Altruism\u201d er en nysgjerrig og anbefalt lesning for de som enda tror optimismen i menneskets natur ikke er helt tapt.\u201d<\/span><\/i><\/p>\n","protected":false},"excerpt":{"rendered":"<p>I l\u00f8pet av de siste tre ti\u00e5r har Dr. Laitman publisert mer enn 40 b\u00f8ker, som er oversatt til 18 spr\u00e5k, alle med form\u00e5l om \u00e5 hjelpe enkelt personer med \u00e5 oppn\u00e5 harmoni med deg selv, og milj\u00f8et rundt dem.<span class=\"ellipsis\">&hellip;<\/span><\/p>\n<div class=\"read-more\"><a href=\"https:\/\/www.michaellaitman.com\/no\/person\/internationally-best-selling-author\/\">Read more &#8250;<\/a><\/div>\n<p><!-- end of .read-more --><\/p>\n","protected":false},"author":1,"featured_media":0,"parent":56,"menu_order":5,"comment_status":"open","ping_status":"open","template":"sidebar-content-page.php","meta":{"ngg_post_thumbnail":0,"footnotes":""},"class_list":["post-61","page","type-page","status-publish","hentry"],"_links":{"self":[{"href":"https:\/\/www.michaellaitman.com\/no\/wp-json\/wp\/v2\/pages\/61","targetHints":{"allow":["GET"]}}],"collection":[{"href":"https:\/\/www.michaellaitman.com\/no\/wp-json\/wp\/v2\/pages"}],"about":[{"href":"https:\/\/www.michaellaitman.com\/no\/wp-json\/wp\/v2\/types\/page"}],"author":[{"embeddable":true,"href":"https:\/\/www.michaellaitman.com\/no\/wp-json\/wp\/v2\/users\/1"}],"replies":[{"embeddable":true,"href":"https:\/\/www.michaellaitman.com\/no\/wp-json\/wp\/v2\/comments?post=61"}],"version-history":[{"count":2,"href":"https:\/\/www.michaellaitman.com\/no\/wp-json\/wp\/v2\/pages\/61\/revisions"}],"predecessor-version":[{"id":719,"href":"https:\/\/www.michaellaitman.com\/no\/wp-json\/wp\/v2\/pages\/61\/revisions\/719"}],"up":[{"embeddable":true,"href":"https:\/\/www.michaellaitman.com\/no\/wp-json\/wp\/v2\/pages\/56"}],"wp:attachment":[{"href":"https:\/\/www.michaellaitman.com\/no\/wp-json\/wp\/v2\/media?parent=61"}],"curies":[{"name":"wp","href":"https:\/\/api.w.org\/{rel}","templated":true}]}}