{"id":514,"date":"2014-09-17T07:46:39","date_gmt":"2014-09-17T07:46:39","guid":{"rendered":"http:\/\/www.michaellaitman.com\/no\/?page_id=514"},"modified":"2016-05-13T13:28:56","modified_gmt":"2016-05-13T11:28:56","slug":"like-bundle-reeds","status":"publish","type":"page","link":"https:\/\/www.michaellaitman.com\/no\/books\/like-bundle-reeds\/","title":{"rendered":"B\u00f8ker skrevet av Michael Laitman"},"content":{"rendered":"<p><em><img loading=\"lazy\" decoding=\"async\" class=\" wp-image-643 alignleft\" src=\"http:\/\/www.michaellaitman.com\/no\/wp-content\/uploads\/2014\/09\/completing-the-circle-cover.jpg\" alt=\"completing the circle cover\" width=\"190\" height=\"293\" srcset=\"https:\/\/www.michaellaitman.com\/no\/wp-content\/uploads\/2014\/09\/completing-the-circle-cover.jpg 277w, https:\/\/www.michaellaitman.com\/no\/wp-content\/uploads\/2014\/09\/completing-the-circle-cover-194x300.jpg 194w\" sizes=\"auto, (max-width: 190px) 100vw, 190px\" \/><i><span style=\"font-weight: 400\">Completing the Circle <\/span><\/i><\/em><span style=\"font-weight: 400\">presenterer en god m\u00e5te \u00e5 forbedre v\u00e5re ytelser fra v\u00e5re forbindelser. Forbindelsen &#8211; sirkler og runde bord diskusjons formatet, har vist seg vellykket til \u00e5 l\u00f8se tilsynelatende ul\u00f8selige konflikter, gjenopprette knuste relasjoner, og bringe sammen fremmedgjorte familier. Slike diskusjoner har p\u00e5g\u00e5tt i USA, Europa og Israel med stor suksess. I denne boken forklarer Dr. Laitman vitenskapen bak hans velykkede metode, og tilbyr pr\u00f8vesirkel workshops, vi alle kan gjennomf\u00f8re. Mens vi pr\u00f8ver dem ut, vil vi oppdage nye dybder i v\u00e5re sosiale forbindelser, og nye ideer til \u00e5 forvalte v\u00e5re liv mer vellykket. <\/span><\/p>\n<p>&nbsp;<\/p>\n<p>&nbsp;<\/p>\n<p><a href=\"http:\/\/bundleofreeds.com\/\" target=\"_blank\"><img loading=\"lazy\" decoding=\"async\" class=\"alignleft size-medium wp-image-516\" src=\"http:\/\/www.michaellaitman.com\/no\/wp-content\/uploads\/2014\/09\/like-bundle-of-reed-2-193x300.jpg\" alt=\"like-bundle-of-reed-2\" width=\"193\" height=\"300\" srcset=\"https:\/\/www.michaellaitman.com\/no\/wp-content\/uploads\/2014\/09\/like-bundle-of-reed-2-193x300.jpg 193w, https:\/\/www.michaellaitman.com\/no\/wp-content\/uploads\/2014\/09\/like-bundle-of-reed-2.jpg 323w\" sizes=\"auto, (max-width: 193px) 100vw, 193px\" \/><\/a><\/p>\n<p><span style=\"font-weight: 400\">Like A Bundle of Reeds er skrevet av Dr. Laitman og er en bok p\u00e5 200+ sider som g\u00e5r i dybden og tilbyr en tids- riktig innsikt og verkt\u00f8y som vil endre en frast\u00f8tende trend av antisemittisme, og vil gi et helt nytt perspektiv og l\u00f8sning p\u00e5 denne gamle demonen. <\/span><\/p>\n<p><span style=\"font-weight: 400\">Last ned boken gratis: <\/span><a href=\"http:\/\/bundleofreeds.com\"><span style=\"font-weight: 400\">BundleOfReeds.com<\/span><\/a><\/p>\n<p>&nbsp;<\/p>\n","protected":false},"excerpt":{"rendered":"<p>Completing the Circle presenterer en god m\u00e5te \u00e5 forbedre v\u00e5re ytelser fra v\u00e5re forbindelser. Forbindelsen &#8211; sirkler og runde bord diskusjons formatet, har vist seg vellykket til \u00e5 l\u00f8se tilsynelatende ul\u00f8selige konflikter, gjenopprette knuste relasjoner, og bringe sammen fremmedgjorte familier.<span class=\"ellipsis\">&hellip;<\/span><\/p>\n<div class=\"read-more\"><a href=\"https:\/\/www.michaellaitman.com\/no\/books\/like-bundle-reeds\/\">Read more &#8250;<\/a><\/div>\n<p><!-- end of .read-more --><\/p>\n","protected":false},"author":1,"featured_media":0,"parent":40,"menu_order":1,"comment_status":"open","ping_status":"open","template":"sidebar-content-page.php","meta":{"ngg_post_thumbnail":0,"footnotes":""},"class_list":["post-514","page","type-page","status-publish","hentry"],"_links":{"self":[{"href":"https:\/\/www.michaellaitman.com\/no\/wp-json\/wp\/v2\/pages\/514","targetHints":{"allow":["GET"]}}],"collection":[{"href":"https:\/\/www.michaellaitman.com\/no\/wp-json\/wp\/v2\/pages"}],"about":[{"href":"https:\/\/www.michaellaitman.com\/no\/wp-json\/wp\/v2\/types\/page"}],"author":[{"embeddable":true,"href":"https:\/\/www.michaellaitman.com\/no\/wp-json\/wp\/v2\/users\/1"}],"replies":[{"embeddable":true,"href":"https:\/\/www.michaellaitman.com\/no\/wp-json\/wp\/v2\/comments?post=514"}],"version-history":[{"count":2,"href":"https:\/\/www.michaellaitman.com\/no\/wp-json\/wp\/v2\/pages\/514\/revisions"}],"predecessor-version":[{"id":710,"href":"https:\/\/www.michaellaitman.com\/no\/wp-json\/wp\/v2\/pages\/514\/revisions\/710"}],"up":[{"embeddable":true,"href":"https:\/\/www.michaellaitman.com\/no\/wp-json\/wp\/v2\/pages\/40"}],"wp:attachment":[{"href":"https:\/\/www.michaellaitman.com\/no\/wp-json\/wp\/v2\/media?parent=514"}],"curies":[{"name":"wp","href":"https:\/\/api.w.org\/{rel}","templated":true}]}}