{"id":368,"date":"2013-07-22T12:57:17","date_gmt":"2013-07-22T12:57:17","guid":{"rendered":"http:\/\/www.michaellaitman.com\/no\/?page_id=368"},"modified":"2016-05-08T11:46:24","modified_gmt":"2016-05-08T09:46:24","slug":"the-benefits-of-the-new-economy","status":"publish","type":"page","link":"https:\/\/www.michaellaitman.com\/no\/books\/the-benefits-of-the-new-economy\/","title":{"rendered":"The Benefits of the New Economy"},"content":{"rendered":"<p><span style=\"font-weight: 400\">Har du noen gang lurt p\u00e5 hvorfor den \u00f8konomiske verdenskrisen ikke avtar, til tross for innsatsen til de beste \u00f8konomer i verden? Svar p\u00e5 dette sp\u00f8rsm\u00e5let ligger hos oss alle. \u00d8konomien er en refleksjon av v\u00e5re relasjoner. Gjennom naturlig utvikling, har verden blitt til en integrert landsby, der alle er avhengig av hverandre. <\/span><\/p>\n<p><span style=\"font-weight: 400\"><br \/>\n<\/span><span style=\"font-weight: 400\">Gjensidig avhengighet og \u201cglobalisering\u201d betyr at det som skjer i en del av verden, p\u00e5virker alle andre deler av verden. Som et resultat, m\u00e5 l\u00f8sningen p\u00e5 den globale krisen omfatte hele verden, for hvis kun en del av verden er helbredet, vil de andre delene som fortsatt ikke er lindret, gj\u00f8re den friske delen syk igjen.<\/span><\/p>\n<p>&nbsp;<\/p>\n<p><i><span style=\"font-weight: 400\">The Benefits of the New Economy: resolving the global economic crisis through mutual guarantee,\u00a0<\/span><\/i><span style=\"font-weight: 400\">ble skrevet med tanke p\u00e5 v\u00e5r felles fremtid. Dens hensikt er \u00e5 forbedre v\u00e5r forst\u00e5else av dagens \u00f8konomiske uro &#8211; dens \u00e5rsak, hvordan den kan l\u00f8ses, og dens forventede resultat. Veien mot en ny \u00f8konomi ligger ikke i \u00e5 lage nye skatter og avgifter, trykke penger, eller i noen av fortidens b\u00f8temidler. L\u00f8sningen ligger derimot i et samfunn, der alle st\u00f8tter hverandre i gjensidig garanti. Dette skaper et sosialt milj\u00f8 av omsorg og omtanke, og forst\u00e5elsen av at vi vil stige eller falle, sammen, fordi vi er alle er avhengig av hverandre.<\/span><\/p>\n<p>&nbsp;<\/p>\n<p><span style=\"font-weight: 400\">Denne boken inneholder 13 selvstendige stiler, skrevet i 2011 av flere \u00f8konomer og finansfolk fra ulike disipliner. Hver stil l\u00f8ser et bestemt problem, og kan leses som en egen enhet. Likevel kobles de sammen av ett tema: \u00e5rsaken til v\u00e5re problemer i en global integrert verden, ligger i frav\u00e6ret av gjensidig garanti<\/span><\/p>\n<p>&nbsp;<\/p>\n<p><span style=\"font-weight: 400\">Du kan lese boken i din egen rekkef\u00f8lge. Forfatterne tror at hvis du leser minst et par kapitler, vil du motta en mer omfattende oversikt over n\u00f8dvendig informasjon for \u00e5 l\u00f8se den globale krisen, og for \u00e5 skape en b\u00e6rekraftig og blomstrende \u00f8konomi. <\/span><\/p>\n<p><a title=\"KabbalahBooks.info\" href=\"http:\/\/kabbalahbooks.info\" target=\"_blank\">kabbalahbooks.info<\/a><\/p>\n","protected":false},"excerpt":{"rendered":"<p>Har du noen gang lurt p\u00e5 hvorfor den \u00f8konomiske verdenskrisen ikke avtar, til tross for innsatsen til de beste \u00f8konomer i verden? Svar p\u00e5 dette sp\u00f8rsm\u00e5let ligger hos oss alle. \u00d8konomien er en refleksjon av v\u00e5re relasjoner. Gjennom naturlig utvikling,<span class=\"ellipsis\">&hellip;<\/span><\/p>\n<div class=\"read-more\"><a href=\"https:\/\/www.michaellaitman.com\/no\/books\/the-benefits-of-the-new-economy\/\">Read more &#8250;<\/a><\/div>\n<p><!-- end of .read-more --><\/p>\n","protected":false},"author":1,"featured_media":369,"parent":40,"menu_order":3,"comment_status":"open","ping_status":"open","template":"sidebar-content-page.php","meta":{"ngg_post_thumbnail":0,"footnotes":""},"class_list":["post-368","page","type-page","status-publish","has-post-thumbnail","hentry"],"_links":{"self":[{"href":"https:\/\/www.michaellaitman.com\/no\/wp-json\/wp\/v2\/pages\/368","targetHints":{"allow":["GET"]}}],"collection":[{"href":"https:\/\/www.michaellaitman.com\/no\/wp-json\/wp\/v2\/pages"}],"about":[{"href":"https:\/\/www.michaellaitman.com\/no\/wp-json\/wp\/v2\/types\/page"}],"author":[{"embeddable":true,"href":"https:\/\/www.michaellaitman.com\/no\/wp-json\/wp\/v2\/users\/1"}],"replies":[{"embeddable":true,"href":"https:\/\/www.michaellaitman.com\/no\/wp-json\/wp\/v2\/comments?post=368"}],"version-history":[{"count":0,"href":"https:\/\/www.michaellaitman.com\/no\/wp-json\/wp\/v2\/pages\/368\/revisions"}],"up":[{"embeddable":true,"href":"https:\/\/www.michaellaitman.com\/no\/wp-json\/wp\/v2\/pages\/40"}],"wp:featuredmedia":[{"embeddable":true,"href":"https:\/\/www.michaellaitman.com\/no\/wp-json\/wp\/v2\/media\/369"}],"wp:attachment":[{"href":"https:\/\/www.michaellaitman.com\/no\/wp-json\/wp\/v2\/media?parent=368"}],"curies":[{"name":"wp","href":"https:\/\/api.w.org\/{rel}","templated":true}]}}