{"id":366,"date":"2013-07-22T12:53:40","date_gmt":"2013-07-22T12:53:40","guid":{"rendered":"http:\/\/www.michaellaitman.com\/no\/?page_id=366"},"modified":"2016-05-08T11:43:57","modified_gmt":"2016-05-08T09:43:57","slug":"connected-by-natures-law","status":"publish","type":"page","link":"https:\/\/www.michaellaitman.com\/no\/books\/connected-by-natures-law\/","title":{"rendered":"Connected &#8211; by Nature\u2019s Law"},"content":{"rendered":"<p><span style=\"font-weight: 400\">Connected \u2013 by Nature\u2019s Law er en innovativ bok om sosial bevissthet. Den presenterer et helhetlig bilde av virkeligheten og prosessen menneskeheten gjennomg\u00e5r. Boken tilbyr verkt\u00f8y for \u00e5 kunne bruke det store personlige og sosiale skifte vi m\u00e5 gjennom, til v\u00e5r fordel.<\/span><\/p>\n<p><span style=\"font-weight: 400\">I boken antyder forfatteren et \u201chelse program for menneskeheten\u201d ved \u00e5 forsterke v\u00e5re b\u00e5nd mellom oss p\u00e5 alle niv\u00e5er som: familie, samfunnet, nasjonalt og internasjonalt. Jo raskere vi gjennomf\u00f8rer programmet, jo raskere vil vi finne oss selv nyte rolige, lykkelige og meningsfylte liv. <\/span><\/p>\n<p><a title=\"KabbalahBooks.info\" href=\"http:\/\/kabbalahbooks.info\" target=\"_blank\">kabbalahbooks.info<\/a><\/p>\n","protected":false},"excerpt":{"rendered":"<p>Connected \u2013 by Nature\u2019s Law er en innovativ bok om sosial bevissthet. Den presenterer et helhetlig bilde av virkeligheten og prosessen menneskeheten gjennomg\u00e5r. Boken tilbyr verkt\u00f8y for \u00e5 kunne bruke det store personlige og sosiale skifte vi m\u00e5 gjennom, til<span class=\"ellipsis\">&hellip;<\/span><\/p>\n<div class=\"read-more\"><a href=\"https:\/\/www.michaellaitman.com\/no\/books\/connected-by-natures-law\/\">Read more &#8250;<\/a><\/div>\n<p><!-- end of .read-more --><\/p>\n","protected":false},"author":1,"featured_media":367,"parent":40,"menu_order":4,"comment_status":"open","ping_status":"open","template":"sidebar-content-page.php","meta":{"ngg_post_thumbnail":0,"footnotes":""},"class_list":["post-366","page","type-page","status-publish","has-post-thumbnail","hentry"],"_links":{"self":[{"href":"https:\/\/www.michaellaitman.com\/no\/wp-json\/wp\/v2\/pages\/366","targetHints":{"allow":["GET"]}}],"collection":[{"href":"https:\/\/www.michaellaitman.com\/no\/wp-json\/wp\/v2\/pages"}],"about":[{"href":"https:\/\/www.michaellaitman.com\/no\/wp-json\/wp\/v2\/types\/page"}],"author":[{"embeddable":true,"href":"https:\/\/www.michaellaitman.com\/no\/wp-json\/wp\/v2\/users\/1"}],"replies":[{"embeddable":true,"href":"https:\/\/www.michaellaitman.com\/no\/wp-json\/wp\/v2\/comments?post=366"}],"version-history":[{"count":1,"href":"https:\/\/www.michaellaitman.com\/no\/wp-json\/wp\/v2\/pages\/366\/revisions"}],"predecessor-version":[{"id":711,"href":"https:\/\/www.michaellaitman.com\/no\/wp-json\/wp\/v2\/pages\/366\/revisions\/711"}],"up":[{"embeddable":true,"href":"https:\/\/www.michaellaitman.com\/no\/wp-json\/wp\/v2\/pages\/40"}],"wp:featuredmedia":[{"embeddable":true,"href":"https:\/\/www.michaellaitman.com\/no\/wp-json\/wp\/v2\/media\/367"}],"wp:attachment":[{"href":"https:\/\/www.michaellaitman.com\/no\/wp-json\/wp\/v2\/media?parent=366"}],"curies":[{"name":"wp","href":"https:\/\/api.w.org\/{rel}","templated":true}]}}