{"id":327,"date":"2013-02-14T14:55:33","date_gmt":"2013-02-14T14:55:33","guid":{"rendered":"http:\/\/www.michaellaitman.com\/no\/?page_id=327"},"modified":"2018-05-11T17:21:45","modified_gmt":"2018-05-11T15:21:45","slug":"abboner","status":"publish","type":"page","link":"https:\/\/www.michaellaitman.com\/no\/abboner\/","title":{"rendered":"Abonner p\u00e5 MichaelLaitman.com oppdateringer via e-post"},"content":{"rendered":"<p>Skriv inn din e-postadresse for \u00e5 abonnere p\u00e5 nettstedets oppdateringer og motta beskjeder om nye innlegg via e-post.<\/p>\n<form id=\"subscribe-blog\" accept-charset=\"utf-8\" action=\"\" method=\"post\"><\/form>\n","protected":false},"excerpt":{"rendered":"<p>Skriv inn din e-postadresse for \u00e5 abonnere p\u00e5 nettstedets oppdateringer og motta beskjeder om nye innlegg via e-post.<\/p>\n","protected":false},"author":1,"featured_media":0,"parent":0,"menu_order":10,"comment_status":"open","ping_status":"open","template":"content-sidebar-page.php","meta":{"ngg_post_thumbnail":0,"footnotes":""},"class_list":["post-327","page","type-page","status-publish","hentry"],"_links":{"self":[{"href":"https:\/\/www.michaellaitman.com\/no\/wp-json\/wp\/v2\/pages\/327","targetHints":{"allow":["GET"]}}],"collection":[{"href":"https:\/\/www.michaellaitman.com\/no\/wp-json\/wp\/v2\/pages"}],"about":[{"href":"https:\/\/www.michaellaitman.com\/no\/wp-json\/wp\/v2\/types\/page"}],"author":[{"embeddable":true,"href":"https:\/\/www.michaellaitman.com\/no\/wp-json\/wp\/v2\/users\/1"}],"replies":[{"embeddable":true,"href":"https:\/\/www.michaellaitman.com\/no\/wp-json\/wp\/v2\/comments?post=327"}],"version-history":[{"count":2,"href":"https:\/\/www.michaellaitman.com\/no\/wp-json\/wp\/v2\/pages\/327\/revisions"}],"predecessor-version":[{"id":812,"href":"https:\/\/www.michaellaitman.com\/no\/wp-json\/wp\/v2\/pages\/327\/revisions\/812"}],"wp:attachment":[{"href":"https:\/\/www.michaellaitman.com\/no\/wp-json\/wp\/v2\/media?parent=327"}],"curies":[{"name":"wp","href":"https:\/\/api.w.org\/{rel}","templated":true}]}}