{"id":32,"date":"2012-09-19T13:21:13","date_gmt":"2012-09-19T13:21:13","guid":{"rendered":"http:\/\/dev.michaellaitman.kbb1.com\/?page_id=32"},"modified":"2016-09-14T12:50:02","modified_gmt":"2016-09-14T10:50:02","slug":"global-thinker","status":"publish","type":"page","link":"https:\/\/www.michaellaitman.com\/no\/person\/global-thinker\/","title":{"rendered":"Global Tenker"},"content":{"rendered":"<h3><img loading=\"lazy\" decoding=\"async\" class=\"size-full wp-image-646 alignleft\" src=\"http:\/\/www.michaellaitman.com\/no\/wp-content\/uploads\/2012\/09\/michael-laitman-media-kit.jpg\" alt=\"michael laitman-media kit\" width=\"692\" height=\"477\" srcset=\"https:\/\/www.michaellaitman.com\/no\/wp-content\/uploads\/2012\/09\/michael-laitman-media-kit.jpg 692w, https:\/\/www.michaellaitman.com\/no\/wp-content\/uploads\/2012\/09\/michael-laitman-media-kit-300x206.jpg 300w\" sizes=\"auto, (max-width: 692px) 100vw, 692px\" \/><\/h3>\n<h3><\/h3>\n<h3><\/h3>\n<h3><\/h3>\n<h3><\/h3>\n<h3><\/h3>\n<h3><\/h3>\n<h3><\/h3>\n<h3><\/h3>\n<h3><\/h3>\n<h3><\/h3>\n<h3><\/h3>\n<h3><\/h3>\n<h3><\/h3>\n<h3><\/h3>\n<h3><\/h3>\n<h3><a href=\"http:\/\/www.michaellaitman.com\/no\/wp-content\/uploads\/2012\/09\/Michael-Laitman-Global-Thinker-Media-Kit.pdf\"><b>Michael Laitman &#8211; Global tenker &#8211; Media pakke<\/b><\/a><\/h3>\n<h3><span style=\"font-weight: 400\">Michael Laitman er en global tenker dedikert til \u00e5 generere transformativ endring i samfunnet gjennom en ny global utdanning, som han ser p\u00e5 som n\u00f8kkelen til \u00e5 l\u00f8se de mest presserende sp\u00f8rsm\u00e5l i v\u00e5r tid.<\/span><\/h3>\n<h3><span style=\"font-weight: 400\">Hans visjon for \u00e5 l\u00f8se den globale krisen p\u00e5 alle niv\u00e5er, inkludert utdanning, klimaendringer, sult og alle sosiale og \u00f8konomiske problemer, inneb\u00e6rer implementering av et nytt omfattende globalt og integrert utdanningsprogram.<\/span><\/h3>\n<h3><span style=\"font-weight: 400\">Kombinasjonen av sin akademiske bakgrunn i vitenskap og humaniora, hans forskning innen utdanning og hans visjon\u00e6re perspektiv for samfunnet gj\u00f8r han til en fremtredende global tenker, og en ettertraktet foredragsholder. <\/span><\/h3>\n<h3><span style=\"font-weight: 400\">Dr. Laitman er professor i ontologi og kunnskaps-teori, har en doktorgrad i filosofi og kabbala, titler som er tillagt av Moskvas institutt for filosofi ved det russiske vitenskapsakademiet. Han har en mastergrad i medisinsk kyberteknikk som han fikk p\u00e5 St. Petersburg statlige polytekniske universitet.<\/span><\/h3>\n<h3><\/h3>\n<p><a href=\"http:\/\/www.michaellaitman.com\/no\/about\/\"><span style=\"font-weight: 400\">Les utvidet biograf<\/span><\/a><\/p>\n<h3><\/h3>\n","protected":false},"excerpt":{"rendered":"<p>Michael Laitman &#8211; Global tenker &#8211; Media pakke Michael Laitman er en global tenker dedikert til \u00e5 generere transformativ endring i samfunnet gjennom en ny global utdanning, som han ser p\u00e5 som n\u00f8kkelen til \u00e5 l\u00f8se de mest presserende sp\u00f8rsm\u00e5l<span class=\"ellipsis\">&hellip;<\/span><\/p>\n<div class=\"read-more\"><a href=\"https:\/\/www.michaellaitman.com\/no\/person\/global-thinker\/\">Read more &#8250;<\/a><\/div>\n<p><!-- end of .read-more --><\/p>\n","protected":false},"author":1,"featured_media":0,"parent":56,"menu_order":1,"comment_status":"open","ping_status":"open","template":"sidebar-content-page.php","meta":{"ngg_post_thumbnail":0,"footnotes":""},"class_list":["post-32","page","type-page","status-publish","hentry"],"_links":{"self":[{"href":"https:\/\/www.michaellaitman.com\/no\/wp-json\/wp\/v2\/pages\/32","targetHints":{"allow":["GET"]}}],"collection":[{"href":"https:\/\/www.michaellaitman.com\/no\/wp-json\/wp\/v2\/pages"}],"about":[{"href":"https:\/\/www.michaellaitman.com\/no\/wp-json\/wp\/v2\/types\/page"}],"author":[{"embeddable":true,"href":"https:\/\/www.michaellaitman.com\/no\/wp-json\/wp\/v2\/users\/1"}],"replies":[{"embeddable":true,"href":"https:\/\/www.michaellaitman.com\/no\/wp-json\/wp\/v2\/comments?post=32"}],"version-history":[{"count":3,"href":"https:\/\/www.michaellaitman.com\/no\/wp-json\/wp\/v2\/pages\/32\/revisions"}],"predecessor-version":[{"id":746,"href":"https:\/\/www.michaellaitman.com\/no\/wp-json\/wp\/v2\/pages\/32\/revisions\/746"}],"up":[{"embeddable":true,"href":"https:\/\/www.michaellaitman.com\/no\/wp-json\/wp\/v2\/pages\/56"}],"wp:attachment":[{"href":"https:\/\/www.michaellaitman.com\/no\/wp-json\/wp\/v2\/media?parent=32"}],"curies":[{"name":"wp","href":"https:\/\/api.w.org\/{rel}","templated":true}]}}