{"id":138,"date":"2012-09-26T08:04:27","date_gmt":"2012-09-26T08:04:27","guid":{"rendered":"http:\/\/dev.michaellaitman.kbb1.com\/?page_id=138"},"modified":"2018-04-13T17:03:51","modified_gmt":"2018-04-13T15:03:51","slug":"what-is-integral-education","status":"publish","type":"page","link":"https:\/\/www.michaellaitman.com\/no\/integral-education-page\/what-is-integral-education\/","title":{"rendered":"Hva er integral utdannelse"},"content":{"rendered":"<p><span style=\"font-weight: 400\">Verden vi lever i er et stort, vidunderlig og intrikat system. Hver del er koblet til, og avhengig av alle de andre delene. I mange ti\u00e5r ble denne kompleksiteten skjult for oss. Vi s\u00e5 verden som en samling av elementer som ikke n\u00f8dvendigvis var forbundet med hverandre, og sikkert ikke s\u00e5 avhengig av hverandre som vi oppdager i dag. <\/span><\/p>\n<p><span style=\"font-weight: 400\">Innenfor utdanningsystemet er virkelighetsoppfatningen at adskilte elementer er delt inn i adskilte temaer, fortsatt det dominerende paradigmet. Det nye og integrerende bildet forholder seg til verden som ett sammenvevd system. Denne oppfatningen er grunnlaget for integrerende utdannelse, og definerer dermed en ny og integrert tiln\u00e6rming til undervisningen. Ved \u00e5 gjennomf\u00f8re dette, innledes elevene til en integrert oppfatning av virkeligheten og samkj\u00f8rer dem med dagens virkelighet. I den integrerende utdanningsmetoden l\u00e6rer ikke studenten temaer p\u00e5 en \u201cline\u00e6r\u201d m\u00e5te. Snarere blir hvert tema presentert fra et \u201csirkul\u00e6rt\u201d perspektiv og viser sin forbindelse til alle andre temaer. &nbsp;<\/span><\/p>\n<hr>\n<p><span style=\"font-weight: 400\">Den integrerende utdannelse er basert p\u00e5 \u00e5 utnytte alle kanaler for utviklingen av mennesket. For \u00e5 vise han den korrekte menneskelige utvikling; utviklingen av mennesket, utviklingen av samfunnet og hvor mye rundere denne prosessen har blitt. <\/span><\/p>\n<ul id=\"videoTab\" class=\"nav nav-tabs\">\n<li><a class=\"cu-icon-play\" href=\"#video\">Se video<\/a><\/li>\n<\/ul>\n<p><a href=\"https:\/\/www.youtube.com\/watch?v=OUIIv9UpWTA\">https:\/\/www.youtube.com\/watch?v=OUIIv9UpWTA<\/a><\/p>\n<ul id=\"videoTab\" class=\"nav nav-tabs\">\n<li style=\"text-align: left\"><a class=\"cu-icon-listen\" href=\"#listen\">Lytt til audio<\/a><\/li>\n<\/ul>\n<audio class=\"wp-audio-shortcode\" id=\"audio-138-1\" preload=\"none\" style=\"width: 100%;\" controls=\"controls\"><source type=\"audio\/mpeg\" src=\"http:\/\/files.kabbalahmedia.info\/audio\/eng_t_rav_2012-08-05_program_haim-hadashim_n49.mp3?_=1\" \/><a href=\"http:\/\/files.kabbalahmedia.info\/audio\/eng_t_rav_2012-08-05_program_haim-hadashim_n49.mp3\">http:\/\/files.kabbalahmedia.info\/audio\/eng_t_rav_2012-08-05_program_haim-hadashim_n49.mp3<\/a><\/audio>\n<div id=\"myTabContent\" class=\"tab-content\">\n<div id=\"video\" class=\"tab-pane fade\" style=\"text-align: left\">&nbsp;<\/div>\n<div id=\"listen\" class=\"tab-pane fade\">&nbsp;<\/div>\n<\/div>\n","protected":false},"excerpt":{"rendered":"<p>Verden vi lever i er et stort, vidunderlig og intrikat system. Hver del er koblet til, og avhengig av alle de andre delene. I mange ti\u00e5r ble denne kompleksiteten skjult for oss. Vi s\u00e5 verden som en samling av elementer<span class=\"ellipsis\">&hellip;<\/span><\/p>\n<div class=\"read-more\"><a href=\"https:\/\/www.michaellaitman.com\/no\/integral-education-page\/what-is-integral-education\/\">Read more &#8250;<\/a><\/div>\n<p><!-- end of .read-more --><\/p>\n","protected":false},"author":1,"featured_media":0,"parent":64,"menu_order":1,"comment_status":"open","ping_status":"open","template":"sidebar-content-page.php","meta":{"ngg_post_thumbnail":0,"footnotes":""},"class_list":["post-138","page","type-page","status-publish","hentry"],"_links":{"self":[{"href":"https:\/\/www.michaellaitman.com\/no\/wp-json\/wp\/v2\/pages\/138","targetHints":{"allow":["GET"]}}],"collection":[{"href":"https:\/\/www.michaellaitman.com\/no\/wp-json\/wp\/v2\/pages"}],"about":[{"href":"https:\/\/www.michaellaitman.com\/no\/wp-json\/wp\/v2\/types\/page"}],"author":[{"embeddable":true,"href":"https:\/\/www.michaellaitman.com\/no\/wp-json\/wp\/v2\/users\/1"}],"replies":[{"embeddable":true,"href":"https:\/\/www.michaellaitman.com\/no\/wp-json\/wp\/v2\/comments?post=138"}],"version-history":[{"count":1,"href":"https:\/\/www.michaellaitman.com\/no\/wp-json\/wp\/v2\/pages\/138\/revisions"}],"predecessor-version":[{"id":142,"href":"https:\/\/www.michaellaitman.com\/no\/wp-json\/wp\/v2\/pages\/138\/revisions\/142"}],"up":[{"embeddable":true,"href":"https:\/\/www.michaellaitman.com\/no\/wp-json\/wp\/v2\/pages\/64"}],"wp:attachment":[{"href":"https:\/\/www.michaellaitman.com\/no\/wp-json\/wp\/v2\/media?parent=138"}],"curies":[{"name":"wp","href":"https:\/\/api.w.org\/{rel}","templated":true}]}}