{"id":123,"date":"2012-09-25T16:06:34","date_gmt":"2012-09-25T16:06:34","guid":{"rendered":"http:\/\/dev.michaellaitman.kbb1.com\/?page_id=123"},"modified":"2016-05-08T14:07:43","modified_gmt":"2016-05-08T12:07:43","slug":"the-psychology-of-the-integral-society","status":"publish","type":"page","link":"https:\/\/www.michaellaitman.com\/no\/books\/the-psychology-of-the-integral-society\/","title":{"rendered":"The Psychology of the Integral Society"},"content":{"rendered":"<p><i><span style=\"font-weight: 400\">The Psychology of the Integral Society <\/span><\/i><span style=\"font-weight: 400\">presenterer en revolusjerende tiln\u00e6rming til utdannelse. I en sammenvevd og gjensidig avhengig verden, er det \u00e5 l\u00e6re barn \u00e5 konkurrere med sine jevnalderende, like smart som \u00e5 l\u00e6re sin venstre h\u00e5nd \u00e5 lure sin likemann, h\u00f8yre h\u00e5nd. I et integrert samfunn bidrar alle til trivsel og suksess for samfunnet. Samfunnet er igjen ansvarlig og bryr seg om trivsel og suksess for dens bestanddeler, og skaper dermed gjensidig avhegighet. I en globalisert og integrert verden er dette den eneste fornuftige og b\u00e6rekraftige m\u00e5ten \u00e5 leve p\u00e5. <\/span><\/p>\n<p><span style=\"font-weight: 400\">Denne boken er en serie med dialoger mellom professor Michael Laitman og professor Anatoli Ulyanov, og belyser prinsipper med en tankevekkende tiln\u00e6rmelse til utdannelse. Frav\u00e6r av konkurranse, oppdragelse gjennom det sosiale milj\u00f8et, likemann likeverd, bel\u00f8nne givere, og den dynamiske utgj\u00f8relsen av gruppen og instrukt\u00f8rer, er noen av de nye konsepter introdusert i denne m\u00e5-ha boken for alle som \u00f8nsker \u00e5 bli bedre foreldre, bedre l\u00e6rere og bedre mennesker i det 21. \u00e5rhundrets integrerende samfunn.<\/span><\/p>\n<p><a title=\"KabbalahBooks.info\" href=\"http:\/\/kabbalahbooks.info\" target=\"_blank\">kabbalahbooks.info<\/a><\/p>\n","protected":false},"excerpt":{"rendered":"<p>The Psychology of the Integral Society presenterer en revolusjerende tiln\u00e6rming til utdannelse. I en sammenvevd og gjensidig avhengig verden, er det \u00e5 l\u00e6re barn \u00e5 konkurrere med sine jevnalderende, like smart som \u00e5 l\u00e6re sin venstre h\u00e5nd \u00e5 lure sin<span class=\"ellipsis\">&hellip;<\/span><\/p>\n<div class=\"read-more\"><a href=\"https:\/\/www.michaellaitman.com\/no\/books\/the-psychology-of-the-integral-society\/\">Read more &#8250;<\/a><\/div>\n<p><!-- end of .read-more --><\/p>\n","protected":false},"author":1,"featured_media":124,"parent":40,"menu_order":7,"comment_status":"open","ping_status":"open","template":"sidebar-content-page.php","meta":{"ngg_post_thumbnail":0,"footnotes":""},"class_list":["post-123","page","type-page","status-publish","has-post-thumbnail","hentry"],"_links":{"self":[{"href":"https:\/\/www.michaellaitman.com\/no\/wp-json\/wp\/v2\/pages\/123","targetHints":{"allow":["GET"]}}],"collection":[{"href":"https:\/\/www.michaellaitman.com\/no\/wp-json\/wp\/v2\/pages"}],"about":[{"href":"https:\/\/www.michaellaitman.com\/no\/wp-json\/wp\/v2\/types\/page"}],"author":[{"embeddable":true,"href":"https:\/\/www.michaellaitman.com\/no\/wp-json\/wp\/v2\/users\/1"}],"replies":[{"embeddable":true,"href":"https:\/\/www.michaellaitman.com\/no\/wp-json\/wp\/v2\/comments?post=123"}],"version-history":[{"count":1,"href":"https:\/\/www.michaellaitman.com\/no\/wp-json\/wp\/v2\/pages\/123\/revisions"}],"predecessor-version":[{"id":715,"href":"https:\/\/www.michaellaitman.com\/no\/wp-json\/wp\/v2\/pages\/123\/revisions\/715"}],"up":[{"embeddable":true,"href":"https:\/\/www.michaellaitman.com\/no\/wp-json\/wp\/v2\/pages\/40"}],"wp:featuredmedia":[{"embeddable":true,"href":"https:\/\/www.michaellaitman.com\/no\/wp-json\/wp\/v2\/media\/124"}],"wp:attachment":[{"href":"https:\/\/www.michaellaitman.com\/no\/wp-json\/wp\/v2\/media?parent=123"}],"curies":[{"name":"wp","href":"https:\/\/api.w.org\/{rel}","templated":true}]}}