{"id":115,"date":"2012-09-25T15:32:53","date_gmt":"2012-09-25T15:32:53","guid":{"rendered":"http:\/\/dev.michaellaitman.kbb1.com\/?page_id=115"},"modified":"2016-11-27T07:56:46","modified_gmt":"2016-11-27T06:56:46","slug":"children-of-tomorrow","status":"publish","type":"page","link":"https:\/\/www.michaellaitman.com\/no\/books\/children-of-tomorrow\/","title":{"rendered":"Children of Tomorrow"},"content":{"rendered":"<p><em>Children of Tomorrow: Guidelines for Raising Happy Children in the 21st Century\u00a0<\/em><span style=\"font-weight: 400\">er en ny begynnelse for deg og barna dine. Tenk \u00e5 kunne v\u00e6re i stand til \u00e5 trykke p\u00e5 omstart-knappen, og f\u00e5 det til riktig, denne gangen. Helt uten stress, og best av alt &#8211; uten og m\u00e5tte gjette.<\/span><\/p>\n<p>&nbsp;<\/p>\n<p>Den store \u00e5penbaringen er at oppdragelse av barn handler om spill og lek, \u00e5 relatere til dem som sm\u00e5 voksne, samt ta alle viktige beslutninger sammen. Du vil bli overrasket over \u00e5 oppdag hvordan det \u00e5 l\u00e6re barna om positive ting, som vennskap og omsorg for andre, automatisk vil spre seg\u00a0til andre omr\u00e5der i v\u00e5re liv, i l\u00f8pet av dagen.<\/p>\n<p>&nbsp;<\/p>\n<p>Du kan \u00e5pne opp boken p\u00e5 hvilken som helst side, og du vil finne tanke-vekkende sitater om alle aspekter i barnas liv: foreldre, barns relasjoner, vennskap og konflikter, og et klart bilde om hvordan skolen b\u00f8r utformes og fungere. Denne boken tilbyr et nytt perspektiv p\u00e5 hvordan vi b\u00f8r oppdra v\u00e5re barn, hvor m\u00e5let er lykke for alle barn i hele verden.<\/p>\n<p><a title=\"KabbalahBooks.info\" href=\"http:\/\/kabbalahbooks.info\" target=\"_blank\">kabbalahbooks.info<\/a><\/p>\n","protected":false},"excerpt":{"rendered":"<p>Children of Tomorrow: Guidelines for Raising Happy Children in the 21st Century\u00a0er en ny begynnelse for deg og barna dine. Tenk \u00e5 kunne v\u00e6re i stand til \u00e5 trykke p\u00e5 omstart-knappen, og f\u00e5 det til riktig, denne gangen. Helt uten<span class=\"ellipsis\">&hellip;<\/span><\/p>\n<div class=\"read-more\"><a href=\"https:\/\/www.michaellaitman.com\/no\/books\/children-of-tomorrow\/\">Read more &#8250;<\/a><\/div>\n<p><!-- end of .read-more --><\/p>\n","protected":false},"author":1,"featured_media":116,"parent":40,"menu_order":6,"comment_status":"open","ping_status":"open","template":"sidebar-content-page.php","meta":{"ngg_post_thumbnail":0,"footnotes":""},"class_list":["post-115","page","type-page","status-publish","has-post-thumbnail","hentry"],"_links":{"self":[{"href":"https:\/\/www.michaellaitman.com\/no\/wp-json\/wp\/v2\/pages\/115","targetHints":{"allow":["GET"]}}],"collection":[{"href":"https:\/\/www.michaellaitman.com\/no\/wp-json\/wp\/v2\/pages"}],"about":[{"href":"https:\/\/www.michaellaitman.com\/no\/wp-json\/wp\/v2\/types\/page"}],"author":[{"embeddable":true,"href":"https:\/\/www.michaellaitman.com\/no\/wp-json\/wp\/v2\/users\/1"}],"replies":[{"embeddable":true,"href":"https:\/\/www.michaellaitman.com\/no\/wp-json\/wp\/v2\/comments?post=115"}],"version-history":[{"count":2,"href":"https:\/\/www.michaellaitman.com\/no\/wp-json\/wp\/v2\/pages\/115\/revisions"}],"predecessor-version":[{"id":709,"href":"https:\/\/www.michaellaitman.com\/no\/wp-json\/wp\/v2\/pages\/115\/revisions\/709"}],"up":[{"embeddable":true,"href":"https:\/\/www.michaellaitman.com\/no\/wp-json\/wp\/v2\/pages\/40"}],"wp:featuredmedia":[{"embeddable":true,"href":"https:\/\/www.michaellaitman.com\/no\/wp-json\/wp\/v2\/media\/116"}],"wp:attachment":[{"href":"https:\/\/www.michaellaitman.com\/no\/wp-json\/wp\/v2\/media?parent=115"}],"curies":[{"name":"wp","href":"https:\/\/api.w.org\/{rel}","templated":true}]}}