{"id":11,"date":"2012-09-19T11:29:42","date_gmt":"2012-09-19T11:29:42","guid":{"rendered":"http:\/\/dev.michaellaitman.kbb1.com\/?page_id=11"},"modified":"2016-09-03T13:41:31","modified_gmt":"2016-09-03T11:41:31","slug":"education-provider","status":"publish","type":"page","link":"https:\/\/www.michaellaitman.com\/no\/person\/education-provider\/","title":{"rendered":"Formidler av kunnskap og undervisning"},"content":{"rendered":"<div id=\"attachment_129\" style=\"width: 242px\" class=\"wp-caption alignleft\"><a href=\"http:\/\/www.michaellaitman.com\/no\/person\/education-provider\/img_8985\/\" rel=\"attachment wp-att-129\"><img loading=\"lazy\" decoding=\"async\" aria-describedby=\"caption-attachment-129\" class=\" wp-image-129 \" src=\"http:\/\/www.michaellaitman.com\/no\/wp-content\/uploads\/2012\/09\/IMG_8985-290x193.jpg\" alt=\"Key-note Speaker at Florida International University (FIU), Miami, Florida. \" width=\"232\" height=\"154\" \/><\/a><p id=\"caption-attachment-129\" class=\"wp-caption-text\">Innledende foredragsholder ved Floridas internasjonale universitet (FIU), Miami, Florida.<\/p><\/div>\n<p><span style=\"font-weight: 400\">Innledende foredragsholder ved Florida internasjonale universitet (FIU), Miami, Florida.\u00a0<\/span>Dr. Laitman er formann i ARI Instituttet, en ideell organisasjon med filialer over hele verden, dedikert til \u00e5 forbedre menneskeheten gjennom forskning og utdannelse.<\/p>\n<p>Michael Laitman gir spesifikke retningslinjer for hvordan \u00e5 leve i dagens stadig mer sammenfiltrede verden. Hans friske perspektiv p\u00e5 \u00e5 m\u00f8te utfordringer i det 21. \u00e5rhundre, ber\u00f8rer alle aspekter av menneskers liv: sosiale, \u00f8konomiske og milj\u00f8 messige, med s\u00e6rskilt vekt p\u00e5 utdannelse. Han har utviklet en ny global utdannings metode, som omfatter prinsipper, applikasjoner og universelle verdier for \u00e5 skape et homogent samfunn i v\u00e5r framvoksende, og tett gjensidig avhengige verden.<\/p>\n","protected":false},"excerpt":{"rendered":"<p>Innledende foredragsholder ved Florida internasjonale universitet (FIU), Miami, Florida.\u00a0Dr. Laitman er formann i ARI Instituttet, en ideell organisasjon med filialer over hele verden, dedikert til \u00e5 forbedre menneskeheten gjennom forskning og utdannelse. Michael Laitman gir spesifikke retningslinjer for hvordan \u00e5<span class=\"ellipsis\">&hellip;<\/span><\/p>\n<div class=\"read-more\"><a href=\"https:\/\/www.michaellaitman.com\/no\/person\/education-provider\/\">Read more &#8250;<\/a><\/div>\n<p><!-- end of .read-more --><\/p>\n","protected":false},"author":1,"featured_media":0,"parent":56,"menu_order":4,"comment_status":"open","ping_status":"open","template":"sidebar-content-page.php","meta":{"ngg_post_thumbnail":0,"footnotes":""},"class_list":["post-11","page","type-page","status-publish","hentry"],"_links":{"self":[{"href":"https:\/\/www.michaellaitman.com\/no\/wp-json\/wp\/v2\/pages\/11","targetHints":{"allow":["GET"]}}],"collection":[{"href":"https:\/\/www.michaellaitman.com\/no\/wp-json\/wp\/v2\/pages"}],"about":[{"href":"https:\/\/www.michaellaitman.com\/no\/wp-json\/wp\/v2\/types\/page"}],"author":[{"embeddable":true,"href":"https:\/\/www.michaellaitman.com\/no\/wp-json\/wp\/v2\/users\/1"}],"replies":[{"embeddable":true,"href":"https:\/\/www.michaellaitman.com\/no\/wp-json\/wp\/v2\/comments?post=11"}],"version-history":[{"count":1,"href":"https:\/\/www.michaellaitman.com\/no\/wp-json\/wp\/v2\/pages\/11\/revisions"}],"predecessor-version":[{"id":742,"href":"https:\/\/www.michaellaitman.com\/no\/wp-json\/wp\/v2\/pages\/11\/revisions\/742"}],"up":[{"embeddable":true,"href":"https:\/\/www.michaellaitman.com\/no\/wp-json\/wp\/v2\/pages\/56"}],"wp:attachment":[{"href":"https:\/\/www.michaellaitman.com\/no\/wp-json\/wp\/v2\/media?parent=11"}],"curies":[{"name":"wp","href":"https:\/\/api.w.org\/{rel}","templated":true}]}}