{"id":105,"date":"2012-09-25T12:29:33","date_gmt":"2012-09-25T12:29:33","guid":{"rendered":"http:\/\/dev.michaellaitman.kbb1.com\/?page_id=105"},"modified":"2016-10-13T12:42:48","modified_gmt":"2016-10-13T10:42:48","slug":"about","status":"publish","type":"page","link":"https:\/\/www.michaellaitman.com\/no\/about\/","title":{"rendered":"Michael Laitman, PhD"},"content":{"rendered":"<p style=\"text-align: left\" align=\"center\"><strong><a href=\"http:\/\/www.michaellaitman.com\/no\/about\/img_3070_abrener-2\/\" rel=\"attachment wp-att-110\"><img loading=\"lazy\" decoding=\"async\" class=\"alignleft size-full wp-image-110\" src=\"http:\/\/www.michaellaitman.com\/no\/wp-content\/uploads\/2012\/09\/IMG_3070_abrener1.jpg\" alt=\"\" width=\"232\" height=\"224\" \/><\/a><\/strong><\/p>\n<p><b>Michael Laitman er professor i ontologi og kunnskaps-teori<\/b> <b>(ToK), han har doktorgrad i filosofi og kabbala, og en mastergrad i medisinsk bio- kyberteknikk.<\/b><\/p>\n<p><b>Han er grunnlegger og president for ARI Instituttet og Bnei Baruch kabbala oppl\u00e6rings- og forskningsinstitutt. <\/b><b><br \/>\n<\/b><span style=\"font-weight: 400\"><br \/>\n<\/span><span style=\"font-weight: 400\">Gjennom Bnei Baruch nettside <\/span><a href=\"http:\/\/www.kab.info\"><span style=\"font-weight: 400\">www.kab.info<\/span><\/a><span style=\"font-weight: 400\"> underviser han daglig direktesendte leksjoner til et publikum p\u00e5 ca. 2 millioner mennesker verden over, og samtidig oversettes til \u00e5tte spr\u00e5k: engelsk, spansk, hebraisk, italiensk, russisk, fransk, tyrkisk og tysk. <\/span><\/p>\n<p><span style=\"font-weight: 400\">Dr. Laitman tok sin doktorgrad i filosofi og kabbala fra Moskvas institutt for filosofi ved det russiske vitenskapsakademiet. Og hans mastergrad i medisinsk bio- kyberteknikk fra St. Petersburg polytekniske universitet. Hans omfattende undervisningserfaring f\u00f8rte til at han ble tillagt tittelen professor i ontologi og kunnskaps-teori (ToK) av den h\u00f8yeste tverrfaglige akademiske attestasjon kommisjonen i Russland.<\/span><span style=\"font-weight: 400\"><br \/>\n<\/span><\/p>\n<p><span style=\"font-weight: 400\">Til dags dato har Laitman utgitt over 40 b\u00f8ker som er oversatt til 18 spr\u00e5k, Kjente publikasjoner er: <\/span><\/p>\n<p>&nbsp;<\/p>\n<p><a href=\"http:\/\/www.bundleofreeds.com\/\"><i><span style=\"font-weight: 400\">Like a Bundle of Reeds: why unity and mutual guarantee are today\u2019s call of the hour<\/span><\/i><\/a><span style=\"font-weight: 400\">, hvorav Prof. Kalman J. Kaplan fra universitetet \u00a0i Chicago skrev: &#8220;Dette er en dypt intelligent, godt avrundet, og sv\u00e6rt lesbar bok som unders\u00f8ker alvorlige sp\u00f8rsm\u00e5l i v\u00e5r tid: J\u00f8denes rolle i historien, forholdet mellom individualitet og fellesskap, endel\u00f8sheten av anti -Semittisme, og dens kontinuerlige morfing til nye ondartede former. &#8220;<\/span><\/p>\n<ul>\n<li style=\"font-weight: 400\"><a href=\"http:\/\/www.michaellaitman.com\/no\/books\/a-guide-to-the-new-world\/\"><i><span style=\"font-weight: 400\">A Guide to the New World: why mutual guarantee is the key to our recovery from the global crisis<\/span><\/i><\/a><span style=\"font-weight: 400\">, hvorav ForeWord Reviews skrev, \u201cDet kan ikke v\u00e6re tvil om at boken er provoserende og forfriskende i sin tiln\u00e6rming til synet p\u00e5 globalisering som en potensiell positiv og god kraft.\u201d \u00a0<\/span><\/li>\n<li style=\"font-weight: 400\"><a href=\"http:\/\/www.michaellaitman.com\/no\/books\/self-interest-vs-altruism\/\"><i><span style=\"font-weight: 400\">Self-Interest vs. Altruism in the Global Era: how society can turn self-interests into mutual benefit<\/span><\/i><\/a><span style=\"font-weight: 400\">, som Midwest bokanmeldelse hyllet med f\u00f8lgende ord: \u201cAt samfunnets fremtid er avhengig av samarbeidet mellom mennesker for \u00e5 arbeide sammen for samfunnet, sier at mye av samfunnets degradering de siste ti\u00e5r har v\u00e6rt et resultat av narsissisme og gr\u00e5dighet. <\/span><a href=\"http:\/\/www.michaellaitman.com\/no\/books\/self-interest-vs-altruism\/\"><span style=\"font-weight: 400\">Self-Interest vs. Altruism<\/span><\/a><span style=\"font-weight: 400\"> er en nysgjerrig og meget anbefalt lesning. <\/span><\/li>\n<\/ul>\n<ul>\n<li style=\"font-weight: 400\"><a href=\"http:\/\/www.michaellaitman.com\/no\/books\/the-psychology-of-the-integral-society\/\"><i><span style=\"font-weight: 400\">The Psychology of the Integral Society<\/span><\/i><\/a><span style=\"font-weight: 400\">, ogs\u00e5 anbefalt av ForeWord anmeldelser: \u201cDet som st\u00e5r skrevet i boken \u201cThe Psychology of the Integral Society\u201d b\u00f8r f\u00e5 folk til \u00e5 tenke.\u201d<\/span><\/li>\n<\/ul>\n<p><span style=\"font-weight: 400\">Dr. Laitman samarbeider tett med en rekke internasjonale forskningsinsitusjoner. Han ble invitert til \u00e5 delta p\u00e5 World Wisdom Council (WWC), en \u201ctenke tank\u201d innkalt av Club of Budapest og ledet av professor Ervin Laszlo, nobelpriskandidat fra 2004 og 2005. Andre kjente personligheter i WWC er tidligere president i Sovjetunionen, nobelprisvinner primatologist Jane Goodall og musiker Peter Gabriel.<\/span><\/p>\n<p><span style=\"font-weight: 400\">De siste \u00e5rene har han deltatt i flere internasjonale hendelser med WWC og Goi fredssenteret i Tokyo, Arosa (Sveits), Dusseldorf (Tyskland) og universelt forum for kulturer i Monterrey (Mexico), organisert med st\u00f8tte fra UNESCO. M\u00e5let med alle disse begivenhetene var \u00e5 drive produktiv dialog om den globale krisen, \u00e5 sette i gang en positiv endring i global bevissthet. Blant hans bestrebelser m\u00f8ter han regelmessig verdensledere, som generaldirekt\u00f8r i UNESCO; Irina Bokova, som kalte han en \u201cekte visjon\u00e6r\u201d og FNs assisterende generalsekret\u00e6r Dr. Asha- Rose Migiro. <\/span><\/p>\n<p><span style=\"font-weight: 400\">Laitmans artikler og intervjuer har dukket opp p\u00e5 viktige medier som <\/span><i><span style=\"font-weight: 400\">Bloomberg TV, Fox News<\/span><\/i><span style=\"font-weight: 400\"> (radio), <\/span><i><span style=\"font-weight: 400\">Chicago Tribune, The Corriere delta Sera og Miami Herald. \u00a0<\/span><\/i><\/p>\n<p style=\"text-align: left\" align=\"center\"><strong><span style=\"font-weight: 400\">Han er gift, far til tre og bestefar til fire.<\/span><br \/>\n<\/strong><\/p>\n","protected":false},"excerpt":{"rendered":"<p>Michael Laitman er professor i ontologi og kunnskaps-teori (ToK), han har doktorgrad i filosofi og kabbala, og en mastergrad i medisinsk bio- kyberteknikk. Han er grunnlegger og president for ARI Instituttet og Bnei Baruch kabbala oppl\u00e6rings- og forskningsinstitutt. Gjennom Bnei<span class=\"ellipsis\">&hellip;<\/span><\/p>\n<div class=\"read-more\"><a href=\"https:\/\/www.michaellaitman.com\/no\/about\/\">Read more &#8250;<\/a><\/div>\n<p><!-- end of .read-more --><\/p>\n","protected":false},"author":1,"featured_media":0,"parent":0,"menu_order":9,"comment_status":"open","ping_status":"open","template":"content-sidebar-page.php","meta":{"ngg_post_thumbnail":0,"footnotes":""},"class_list":["post-105","page","type-page","status-publish","hentry"],"_links":{"self":[{"href":"https:\/\/www.michaellaitman.com\/no\/wp-json\/wp\/v2\/pages\/105","targetHints":{"allow":["GET"]}}],"collection":[{"href":"https:\/\/www.michaellaitman.com\/no\/wp-json\/wp\/v2\/pages"}],"about":[{"href":"https:\/\/www.michaellaitman.com\/no\/wp-json\/wp\/v2\/types\/page"}],"author":[{"embeddable":true,"href":"https:\/\/www.michaellaitman.com\/no\/wp-json\/wp\/v2\/users\/1"}],"replies":[{"embeddable":true,"href":"https:\/\/www.michaellaitman.com\/no\/wp-json\/wp\/v2\/comments?post=105"}],"version-history":[{"count":3,"href":"https:\/\/www.michaellaitman.com\/no\/wp-json\/wp\/v2\/pages\/105\/revisions"}],"predecessor-version":[{"id":743,"href":"https:\/\/www.michaellaitman.com\/no\/wp-json\/wp\/v2\/pages\/105\/revisions\/743"}],"wp:attachment":[{"href":"https:\/\/www.michaellaitman.com\/no\/wp-json\/wp\/v2\/media?parent=105"}],"curies":[{"name":"wp","href":"https:\/\/api.w.org\/{rel}","templated":true}]}}