{"id":101,"date":"2012-09-25T09:38:51","date_gmt":"2012-09-25T09:38:51","guid":{"rendered":"http:\/\/dev.michaellaitman.kbb1.com\/?page_id=101"},"modified":"2016-09-18T11:37:56","modified_gmt":"2016-09-18T09:37:56","slug":"in-the-media","status":"publish","type":"page","link":"https:\/\/www.michaellaitman.com\/no\/in-the-media\/","title":{"rendered":"I media"},"content":{"rendered":"<h3><strong>Se alle nyere medie artikler: <a href=\"michael-laitman.com\" target=\"_blank\">www.michael-laitman.com<\/a><\/strong><\/h3>\n<p class=\"title\"><a href=\"http:\/\/www.huffingtonpost.com\/michael-laitman\/whos-behind-the-situation_b_8324682.html\" target=\"_blank\">Who\u2019s Behind the Situation in Israel?<\/a> Huffpost Politics<\/p>\n<p><a href=\"http:\/\/unitedwithisrael.org\/es\/quien-esta-detras-de-la-situacion-en-israel\/\" target=\"_blank\">\u00bfQui\u00e9n est\u00e1 detr\u00e1s de la situaci\u00f3n en Israel?<\/a>\u00a0Unidos con Israel<\/p>\n<p><a href=\"http:\/\/unitingeurope.blogactiv.eu\/2015\/10\/22\/qui-est-derriere-la-situation-en-israel\/\" target=\"_blank\">Qui est derri\u00e8re la situation en Isra\u00ebl\u00a0?<\/a>\u00a0BlogActiv<\/p>\n<p><a href=\"http:\/\/unitingeurope.blogactiv.eu\/2015\/10\/21\/chi-ce-dietro-la-situazione-in-israele\/\" target=\"_blank\">Chi c\u2019\u00e8 dietro la situazione in Israele?<\/a>\u00a0BlogActiv<\/p>\n<p class=\"MyTitle\"><a href=\"http:\/\/unitingeurope.blogactiv.eu\/2015\/10\/21\/michael-laitman-whos-behind-the-situation-in-israel\/\" target=\"_blank\">Who\u2019s Behind the Situation in Israel?<\/a>\u00a0BlogActiv<\/p>\n<p><a href=\"http:\/\/www.huffingtonpost.it\/michael-laitman\/vincere-una-guerra-spirituale-richiede-spirito_b_8318866.html\" target=\"_blank\">Vincere una guerra spirituale richiede spirito<\/a>\u00a0Huffpost Italia<\/p>\n<p><a href=\"http:\/\/www.jpost.com\/Blogs\/Like-a-Bundle-of-Reeds\/Whos-Behind-the-Situation-in-Israel-427373\" target=\"_blank\">Who\u2019s Behind the Situation in Israel?<\/a>\u00a0Jerusalem Post<\/p>\n<p><a href=\"http:\/\/jewishbusinessnews.com\/2015\/10\/19\/michael-laitman-whos-behind-the-situation-in-israel\/\" target=\"_blank\">Michael Laitman: Who\u2019s Behind The Situation In Israel?<\/a>\u00a0Jewish Business News<\/p>\n<p class=\"layout-2\"><a href=\"http:\/\/www.jewishjournal.com\/thejewishtribe\/item\/whos_behind_the_situation_in_israel\" target=\"_blank\">Who\u2019s Behind the Situation in Israel?<\/a>\u00a0Jewish Journal<\/p>\n<p class=\"title\"><a href=\"http:\/\/unitingeurope.blogactiv.eu\/2015\/10\/18\/hace-falta-espiritu-para-ganar-una-guerra-espiritual\/\" target=\"_blank\">Hace falta esp\u00edritu para ganar una guerra espiritual<\/a>\u00a0BlogActiv<\/p>\n<p class=\"title\"><a href=\"http:\/\/unitedwithisrael.org\/es\/michael-laitman-hace-falta-espiritu-para-ganar-una-guerra-espiritual\/\" target=\"_blank\">Michael Laitman: Hace falta esp\u00edritu para ganar una guerra espiritual<\/a>\u00a0Unidos con Israel<\/p>\n<p class=\"title\"><a href=\"http:\/\/unitingeurope.blogactiv.eu\/2015\/10\/16\/pour-gagner-une-guerre-spirituelle-il-faut-du-coeur\/\" target=\"_blank\">Pour gagner une guerre spirituelle, il faut du c\u0153ur<\/a>\u00a0BlogActiv<\/p>\n<p class=\"title\"><a href=\"http:\/\/frblogs.timesofisrael.com\/pour-gagner-une-guerre-spirituelle-il-faut-du-coeur\/\" target=\"_blank\">Pour gagner une guerre spirituelle, il faut du c\u0153ur<\/a>\u00a0Times of Israel France<\/p>\n<p>&nbsp;<\/p>\n<p>&nbsp;<\/p>\n<p>&nbsp;<\/p>\n<p><strong>Media omtale<\/strong><\/p>\n<p><img loading=\"lazy\" decoding=\"async\" class=\"size-full wp-image-137 alignleft\" title=\"Media Logos\" src=\"http:\/\/www.michaellaitman.com\/no\/wp-content\/uploads\/2012\/09\/media-logos1.jpg\" alt=\" \" width=\"500\" height=\"400\" srcset=\"https:\/\/www.michaellaitman.com\/no\/wp-content\/uploads\/2012\/09\/media-logos1.jpg 500w, https:\/\/www.michaellaitman.com\/no\/wp-content\/uploads\/2012\/09\/media-logos1-300x240.jpg 300w\" sizes=\"auto, (max-width: 500px) 100vw, 500px\" \/><\/p>\n<h3><\/h3>\n<h3><\/h3>\n<h3><\/h3>\n<h3><\/h3>\n<h3><\/h3>\n<h3><\/h3>\n<h3><\/h3>\n<h3><\/h3>\n<h3><\/h3>\n<h3><\/h3>\n<h3><\/h3>\n<h3><\/h3>\n<h3><\/h3>\n","protected":false},"excerpt":{"rendered":"<p>Se alle nyere medie artikler: www.michael-laitman.com Who\u2019s Behind the Situation in Israel? Huffpost Politics \u00bfQui\u00e9n est\u00e1 detr\u00e1s de la situaci\u00f3n en Israel?\u00a0Unidos con Israel Qui est derri\u00e8re la situation en Isra\u00ebl\u00a0?\u00a0BlogActiv Chi c\u2019\u00e8 dietro la situazione in Israele?\u00a0BlogActiv Who\u2019s Behind<span class=\"ellipsis\">&hellip;<\/span><\/p>\n<div class=\"read-more\"><a href=\"https:\/\/www.michaellaitman.com\/no\/in-the-media\/\">Read more &#8250;<\/a><\/div>\n<p><!-- end of .read-more --><\/p>\n","protected":false},"author":1,"featured_media":0,"parent":0,"menu_order":6,"comment_status":"open","ping_status":"open","template":"content-sidebar-page.php","meta":{"ngg_post_thumbnail":0,"footnotes":""},"class_list":["post-101","page","type-page","status-publish","hentry"],"_links":{"self":[{"href":"https:\/\/www.michaellaitman.com\/no\/wp-json\/wp\/v2\/pages\/101","targetHints":{"allow":["GET"]}}],"collection":[{"href":"https:\/\/www.michaellaitman.com\/no\/wp-json\/wp\/v2\/pages"}],"about":[{"href":"https:\/\/www.michaellaitman.com\/no\/wp-json\/wp\/v2\/types\/page"}],"author":[{"embeddable":true,"href":"https:\/\/www.michaellaitman.com\/no\/wp-json\/wp\/v2\/users\/1"}],"replies":[{"embeddable":true,"href":"https:\/\/www.michaellaitman.com\/no\/wp-json\/wp\/v2\/comments?post=101"}],"version-history":[{"count":3,"href":"https:\/\/www.michaellaitman.com\/no\/wp-json\/wp\/v2\/pages\/101\/revisions"}],"predecessor-version":[{"id":748,"href":"https:\/\/www.michaellaitman.com\/no\/wp-json\/wp\/v2\/pages\/101\/revisions\/748"}],"wp:attachment":[{"href":"https:\/\/www.michaellaitman.com\/no\/wp-json\/wp\/v2\/media?parent=101"}],"curies":[{"name":"wp","href":"https:\/\/api.w.org\/{rel}","templated":true}]}}