{"id":10,"date":"2012-09-19T11:29:28","date_gmt":"2012-09-19T11:29:28","guid":{"rendered":"http:\/\/dev.michaellaitman.kbb1.com\/?page_id=10"},"modified":"2016-11-21T16:23:43","modified_gmt":"2016-11-21T15:23:43","slug":"economic-outlook","status":"publish","type":"page","link":"https:\/\/www.michaellaitman.com\/no\/person\/economic-outlook\/","title":{"rendered":"\u00d8konomiske utsikter"},"content":{"rendered":"<div id=\"attachment_128\" style=\"width: 210px\" class=\"wp-caption alignleft\"><a href=\"http:\/\/www.michaellaitman.com\/no\/person\/economic-outlook\/index_img_5\/\" rel=\"attachment wp-att-128\"><img loading=\"lazy\" decoding=\"async\" aria-describedby=\"caption-attachment-128\" class=\"size-full wp-image-128\" src=\"http:\/\/www.michaellaitman.com\/no\/wp-content\/uploads\/2012\/09\/index_img_5.jpg\" alt=\"Interview with Mike Schneider, from &quot;Night Talk&quot;, on Bloomberg TV\" width=\"200\" height=\"161\" \/><\/a><p id=\"caption-attachment-128\" class=\"wp-caption-text\">Intervju med\u00a0Mike Schneider, fra\u00a0&#8220;Night Talk&#8221;, p\u00e5\u00a0Bloomberg TV<\/p><\/div>\n<p><span style=\"line-height: 1.5\"><span style=\"font-weight: 400\">Hvis vi forst\u00e5r naturen bak menneskers relasjoner med hverandre, og hvilken kritisk effekt dette har p\u00e5 \u00f8konomien, vil vi forst\u00e5 hva slags type \u00f8konomiske systemer vi m\u00e5 bygge, slik at de\u00a0kan utf\u00f8re sine roller effektivt, og opprettholde stabilitet. N\u00e5r det \u00f8konomiske og finansielle systemet tilpasser seg den globalt integrerte verden, der \u00f8konomiske b\u00e5nd krysser grenser og bedrifter, der mennesker er avhengig av hverandre, og p\u00e5virker hverandre, vil det sikre stabilitet i det sosio\u00f8konomiske systemet. Kun da vil systemet unng\u00e5 sjokk og hyppige kriser, som igjen f\u00f8rer til tung belastning for menneskeheten.<br \/>\n<\/span><\/span><\/p>\n<p>&nbsp;<\/p>\n<p><span style=\"font-weight: 400\">Da\u00a0de \u00f8konomiske og finansielle systemer er en refleksjon p\u00e5\u00a0menneskelige relasjoner, er det ikke<\/span><span style=\"font-weight: 400\">\u00a0bare \u00f8konomien som m\u00e5 endres, men hele det internasjonale samfunnet m\u00e5\u00a0ogs\u00e5 finne l\u00f8sninger, til <\/span><span style=\"font-weight: 400\">rekonstruksjon av et nytt system for\u00a0menneskelige relasjoner. F\u00f8rst n\u00e5r v\u00e5re mellommenneskelige relasjoner endres til gode forbindelser, samhold, sosial utjevning, omsorg for andre, og felles interesse, vil vi forst\u00e5 hvordan vi tilsvarende kan endre det \u00f8konomiske paradigmet.<\/span><\/p>\n","protected":false},"excerpt":{"rendered":"<p>Hvis vi forst\u00e5r naturen bak menneskers relasjoner med hverandre, og hvilken kritisk effekt dette har p\u00e5 \u00f8konomien, vil vi forst\u00e5 hva slags type \u00f8konomiske systemer vi m\u00e5 bygge, slik at de\u00a0kan utf\u00f8re sine roller effektivt, og opprettholde stabilitet. N\u00e5r det<span class=\"ellipsis\">&hellip;<\/span><\/p>\n<div class=\"read-more\"><a href=\"https:\/\/www.michaellaitman.com\/no\/person\/economic-outlook\/\">Read more &#8250;<\/a><\/div>\n<p><!-- end of .read-more --><\/p>\n","protected":false},"author":1,"featured_media":0,"parent":56,"menu_order":3,"comment_status":"open","ping_status":"open","template":"sidebar-content-page.php","meta":{"ngg_post_thumbnail":0,"footnotes":""},"class_list":["post-10","page","type-page","status-publish","hentry"],"_links":{"self":[{"href":"https:\/\/www.michaellaitman.com\/no\/wp-json\/wp\/v2\/pages\/10","targetHints":{"allow":["GET"]}}],"collection":[{"href":"https:\/\/www.michaellaitman.com\/no\/wp-json\/wp\/v2\/pages"}],"about":[{"href":"https:\/\/www.michaellaitman.com\/no\/wp-json\/wp\/v2\/types\/page"}],"author":[{"embeddable":true,"href":"https:\/\/www.michaellaitman.com\/no\/wp-json\/wp\/v2\/users\/1"}],"replies":[{"embeddable":true,"href":"https:\/\/www.michaellaitman.com\/no\/wp-json\/wp\/v2\/comments?post=10"}],"version-history":[{"count":0,"href":"https:\/\/www.michaellaitman.com\/no\/wp-json\/wp\/v2\/pages\/10\/revisions"}],"up":[{"embeddable":true,"href":"https:\/\/www.michaellaitman.com\/no\/wp-json\/wp\/v2\/pages\/56"}],"wp:attachment":[{"href":"https:\/\/www.michaellaitman.com\/no\/wp-json\/wp\/v2\/media?parent=10"}],"curies":[{"name":"wp","href":"https:\/\/api.w.org\/{rel}","templated":true}]}}