{"id":95,"date":"2012-09-25T06:19:53","date_gmt":"2012-09-25T06:19:53","guid":{"rendered":"http:\/\/dev.michaellaitman.kbb1.com\/?page_id=95"},"modified":"2012-11-01T14:19:42","modified_gmt":"2012-11-01T14:19:42","slug":"money","status":"publish","type":"page","link":"https:\/\/www.michaellaitman.com\/it\/integral-education\/money\/","title":{"rendered":"I soldi"},"content":{"rendered":"<p>Il mondo attuale si trova ad un bivio.  L&#8217;instabilit\u00e0 economica, i fallimenti politici, e l&#8217;agitazione sociale si stanno diffondendo in tutti i continenti, segnalando una trasformazione globale nell&#8217;umanit\u00e0. La natura di questa trasformazione \u00e8 che il mondo sta diventando sempre pi\u00f9 interconnesso e interdipendente. <\/p>\n<hr \/>\n<p>Sono i nostri desideri che fanno girare il mondo. I soldi nascondono un desiderio, per poi annullarlo e questo ciclo continua ripetutamente. Ci troviamo costantemente a correre dietro il piacere fino a quando non moriamo, e questa \u00e8 la nostra intera vita. Dove si trova il piacere durevole? L&#8217;unico piacere duraturo \u00e8 nella nostra connessione sociale.  <\/p>\n<p><!-- embed talk #64 --><\/p>\n<ul class=\"nav nav-tabs\">\n<li><a href=\"#video\" class=\"cu-icon-play\"><i><\/i>Watch the video<\/a><\/li>\n<li><a href=\"#listen\" class=\"cu-icon-listen\"><i><\/i>Listen to the audio<\/a><\/li>\n<\/ul>\n<div class=\"tab-content\">\n<div class=\"tab-pane fade\">\n<\/div>\n<div class=\"tab-pane fade\">\n<a class=\"wp-embedded-audio\" href=\"http:\/\/files.kabbalahmedia.info\/video\/eng_t_rav_2012-09-02_program_haim-hadashim_n64.wmv\">http:\/\/files.kabbalahmedia.info\/video\/eng_t_rav_2012-09-02_program_haim-hadashim_n64.wmv<\/a>\n<\/div>\n<\/div>\n","protected":false},"excerpt":{"rendered":"<p>Il mondo attuale si trova ad un bivio. L&#8217;instabilit\u00e0 economica, i fallimenti politici, e l&#8217;agitazione sociale si stanno diffondendo in tutti i continenti, segnalando una trasformazione globale nell&#8217;umanit\u00e0. La natura di questa trasformazione \u00e8 che il mondo sta diventando sempre<span class=\"ellipsis\">&hellip;<\/span><\/p>\n<div class=\"read-more\"><a href=\"https:\/\/www.michaellaitman.com\/it\/integral-education\/money\/\">Leggi altro &#8250;<\/a><\/div>\n<p><!-- end of .read-more --><\/p>\n","protected":false},"author":1,"featured_media":0,"parent":64,"menu_order":5,"comment_status":"open","ping_status":"open","template":"sidebar-content-page.php","meta":{"ngg_post_thumbnail":0,"footnotes":""},"class_list":["post-95","page","type-page","status-publish","hentry"],"_links":{"self":[{"href":"https:\/\/www.michaellaitman.com\/it\/wp-json\/wp\/v2\/pages\/95","targetHints":{"allow":["GET"]}}],"collection":[{"href":"https:\/\/www.michaellaitman.com\/it\/wp-json\/wp\/v2\/pages"}],"about":[{"href":"https:\/\/www.michaellaitman.com\/it\/wp-json\/wp\/v2\/types\/page"}],"author":[{"embeddable":true,"href":"https:\/\/www.michaellaitman.com\/it\/wp-json\/wp\/v2\/users\/1"}],"replies":[{"embeddable":true,"href":"https:\/\/www.michaellaitman.com\/it\/wp-json\/wp\/v2\/comments?post=95"}],"version-history":[{"count":0,"href":"https:\/\/www.michaellaitman.com\/it\/wp-json\/wp\/v2\/pages\/95\/revisions"}],"up":[{"embeddable":true,"href":"https:\/\/www.michaellaitman.com\/it\/wp-json\/wp\/v2\/pages\/64"}],"wp:attachment":[{"href":"https:\/\/www.michaellaitman.com\/it\/wp-json\/wp\/v2\/media?parent=95"}],"curies":[{"name":"wp","href":"https:\/\/api.w.org\/{rel}","templated":true}]}}