{"id":94,"date":"2012-09-25T06:19:28","date_gmt":"2012-09-25T06:19:28","guid":{"rendered":"http:\/\/dev.michaellaitman.kbb1.com\/?page_id=94"},"modified":"2012-11-01T14:18:21","modified_gmt":"2012-11-01T14:18:21","slug":"emergency-scenarios","status":"publish","type":"page","link":"https:\/\/www.michaellaitman.com\/it\/integral-education\/emergency-scenarios\/","title":{"rendered":"Uno scenario d&#8217;emergenza"},"content":{"rendered":"<p>Sar\u00e0 impossibile risolvere qualsiasi questione nazionale senza l&#8217;unione. Dobbiamo capire che solo l&#8217;uomo ha la libera scelta di lavorare verso l&#8217;unione, di migliorare la connessione tra ogni parte della realt\u00e0 con la sua buona partecipazione. Se l&#8217;uomo, l&#8217;unica creatura che possiede questa qualit\u00e0, cercher\u00e0 di portare tutte le forze del sistema ad un equilibrio tra loro, di raggiungere la serenit\u00e0, avr\u00e0 il potere di eliminare ogni problema e ogni crisi.<\/p>\n<hr \/>\n<p>La mancanza di equilibrio tra l&#8217;umanit\u00e0 e la natura \u00e8 arrivata al punto che minaccia la nostra stessa sopravvivenza. Questo \u00e8 l&#8217;unico modo che ha la natura per risvegliarci alla comprensione che dobbiamo cambiare. Questa minaccia alla nostra sicurezza,  cruciale per l&#8217;esistenza dell&#8217;uomo, \u00e8 il risultato del nostro pensare solamente a noi stessi.  <\/p>\n<p><!-- embed talk #55 --><\/p>\n<ul class=\"nav nav-tabs\">\n<li><a href=\"#video\" class=\"cu-icon-play\"><i><\/i>Watch the video<\/a><\/li>\n<li><a href=\"#listen\" class=\"cu-icon-listen\"><i><\/i>Listen to the audio<\/a><\/li>\n<\/ul>\n<div class=\"tab-content\">\n<div class=\"tab-pane fade\">\n<\/div>\n<div class=\"tab-pane fade\">\n<audio class=\"wp-audio-shortcode\" id=\"audio-94-1\" preload=\"none\" style=\"width: 100%;\" controls=\"controls\"><source type=\"audio\/mpeg\" src=\"http:\/\/files.kabbalahmedia.info\/audio\/eng_t_rav_2012-08-12_program_haim-hadashim_n55.mp3?_=1\" \/><a href=\"http:\/\/files.kabbalahmedia.info\/audio\/eng_t_rav_2012-08-12_program_haim-hadashim_n55.mp3\">http:\/\/files.kabbalahmedia.info\/audio\/eng_t_rav_2012-08-12_program_haim-hadashim_n55.mp3<\/a><\/audio>\n<\/div>\n<\/div>\n","protected":false},"excerpt":{"rendered":"<p>Sar\u00e0 impossibile risolvere qualsiasi questione nazionale senza l&#8217;unione. Dobbiamo capire che solo l&#8217;uomo ha la libera scelta di lavorare verso l&#8217;unione, di migliorare la connessione tra ogni parte della realt\u00e0 con la sua buona partecipazione. Se l&#8217;uomo, l&#8217;unica creatura che<span class=\"ellipsis\">&hellip;<\/span><\/p>\n<div class=\"read-more\"><a href=\"https:\/\/www.michaellaitman.com\/it\/integral-education\/emergency-scenarios\/\">Leggi altro &#8250;<\/a><\/div>\n<p><!-- end of .read-more --><\/p>\n","protected":false},"author":1,"featured_media":0,"parent":64,"menu_order":4,"comment_status":"open","ping_status":"open","template":"sidebar-content-page.php","meta":{"ngg_post_thumbnail":0,"footnotes":""},"class_list":["post-94","page","type-page","status-publish","hentry"],"_links":{"self":[{"href":"https:\/\/www.michaellaitman.com\/it\/wp-json\/wp\/v2\/pages\/94","targetHints":{"allow":["GET"]}}],"collection":[{"href":"https:\/\/www.michaellaitman.com\/it\/wp-json\/wp\/v2\/pages"}],"about":[{"href":"https:\/\/www.michaellaitman.com\/it\/wp-json\/wp\/v2\/types\/page"}],"author":[{"embeddable":true,"href":"https:\/\/www.michaellaitman.com\/it\/wp-json\/wp\/v2\/users\/1"}],"replies":[{"embeddable":true,"href":"https:\/\/www.michaellaitman.com\/it\/wp-json\/wp\/v2\/comments?post=94"}],"version-history":[{"count":1,"href":"https:\/\/www.michaellaitman.com\/it\/wp-json\/wp\/v2\/pages\/94\/revisions"}],"predecessor-version":[{"id":164,"href":"https:\/\/www.michaellaitman.com\/it\/wp-json\/wp\/v2\/pages\/94\/revisions\/164"}],"up":[{"embeddable":true,"href":"https:\/\/www.michaellaitman.com\/it\/wp-json\/wp\/v2\/pages\/64"}],"wp:attachment":[{"href":"https:\/\/www.michaellaitman.com\/it\/wp-json\/wp\/v2\/media?parent=94"}],"curies":[{"name":"wp","href":"https:\/\/api.w.org\/{rel}","templated":true}]}}