{"id":93,"date":"2012-09-25T06:18:02","date_gmt":"2012-09-25T06:18:02","guid":{"rendered":"http:\/\/dev.michaellaitman.kbb1.com\/?page_id=93"},"modified":"2012-11-01T14:16:30","modified_gmt":"2012-11-01T14:16:30","slug":"social-mutual-responsability","status":"publish","type":"page","link":"https:\/\/www.michaellaitman.com\/it\/integral-education\/social-mutual-responsability\/","title":{"rendered":"La responsabilit\u00e0 reciproca sociale"},"content":{"rendered":"<p>La responsabilit\u00e0 reciproca, nata dalla considerazione, dalla comprensione che la connessione tra di noi \u00e8 la fonte della nostra sicurezza, \u00e8 l&#8217;unica maniera che abbiamo per avanzare verso una nuova era.  <\/p>\n<p>Non c&#8217;\u00e8 alcuna speranza per l&#8217;umanit\u00e0 nel mondo globale integrale, dove siamo connessi tra di noi attraverso l&#8217;effetto farfalla, senza sentire la connessione reciproca del bene, del calore, della sicurezza che risiede tra noi.  \u00c9 proprio questa rete che deve essere rivelata, il fatto che siamo un&#8217;unica famiglia.  Una struttura unica verso cui ci sta conducendo la natura. <\/p>\n<hr \/>\n<p>In ogni sistema intero ogni componente \u00e8 parte del sistema e deve eseguire i suoi compiti e mantenere i suoi obblighi verso le altre parti.  <\/p>\n<ul class=\"nav nav-tabs\">\n<li><a class=\"cu-icon-play\" href=\"#video\"><em><\/em>Watch the video<\/a><\/li>\n<li><a class=\"cu-icon-listen\" href=\"#listen\"><em><\/em>Listen to the audio<\/a><\/li>\n<\/ul>\n<div class=\"tab-content\">\n<div class=\"tab-pane fade\"><\/div>\n<div class=\"tab-pane fade\">\n<audio class=\"wp-audio-shortcode\" id=\"audio-93-1\" preload=\"none\" style=\"width: 100%;\" controls=\"controls\"><source type=\"audio\/mpeg\" src=\"http:\/\/files.kabbalahmedia.info\/audio\/eng_t_rav_2012-08-05_program_haim-hadashim_n48.mp3?_=1\" \/><a href=\"http:\/\/files.kabbalahmedia.info\/audio\/eng_t_rav_2012-08-05_program_haim-hadashim_n48.mp3\">http:\/\/files.kabbalahmedia.info\/audio\/eng_t_rav_2012-08-05_program_haim-hadashim_n48.mp3<\/a><\/audio>\n<\/div>\n<\/div>\n","protected":false},"excerpt":{"rendered":"<p>La responsabilit\u00e0 reciproca, nata dalla considerazione, dalla comprensione che la connessione tra di noi \u00e8 la fonte della nostra sicurezza, \u00e8 l&#8217;unica maniera che abbiamo per avanzare verso una nuova era. Non c&#8217;\u00e8 alcuna speranza per l&#8217;umanit\u00e0 nel mondo globale<span class=\"ellipsis\">&hellip;<\/span><\/p>\n<div class=\"read-more\"><a href=\"https:\/\/www.michaellaitman.com\/it\/integral-education\/social-mutual-responsability\/\">Leggi altro &#8250;<\/a><\/div>\n<p><!-- end of .read-more --><\/p>\n","protected":false},"author":1,"featured_media":0,"parent":64,"menu_order":3,"comment_status":"open","ping_status":"open","template":"sidebar-content-page.php","meta":{"ngg_post_thumbnail":0,"footnotes":""},"class_list":["post-93","page","type-page","status-publish","hentry"],"_links":{"self":[{"href":"https:\/\/www.michaellaitman.com\/it\/wp-json\/wp\/v2\/pages\/93","targetHints":{"allow":["GET"]}}],"collection":[{"href":"https:\/\/www.michaellaitman.com\/it\/wp-json\/wp\/v2\/pages"}],"about":[{"href":"https:\/\/www.michaellaitman.com\/it\/wp-json\/wp\/v2\/types\/page"}],"author":[{"embeddable":true,"href":"https:\/\/www.michaellaitman.com\/it\/wp-json\/wp\/v2\/users\/1"}],"replies":[{"embeddable":true,"href":"https:\/\/www.michaellaitman.com\/it\/wp-json\/wp\/v2\/comments?post=93"}],"version-history":[{"count":1,"href":"https:\/\/www.michaellaitman.com\/it\/wp-json\/wp\/v2\/pages\/93\/revisions"}],"predecessor-version":[{"id":163,"href":"https:\/\/www.michaellaitman.com\/it\/wp-json\/wp\/v2\/pages\/93\/revisions\/163"}],"up":[{"embeddable":true,"href":"https:\/\/www.michaellaitman.com\/it\/wp-json\/wp\/v2\/pages\/64"}],"wp:attachment":[{"href":"https:\/\/www.michaellaitman.com\/it\/wp-json\/wp\/v2\/media?parent=93"}],"curies":[{"name":"wp","href":"https:\/\/api.w.org\/{rel}","templated":true}]}}