{"id":92,"date":"2012-09-25T06:17:28","date_gmt":"2012-09-25T06:17:28","guid":{"rendered":"http:\/\/dev.michaellaitman.kbb1.com\/?page_id=92"},"modified":"2012-11-01T14:06:15","modified_gmt":"2012-11-01T14:06:15","slug":"global-economy","status":"publish","type":"page","link":"https:\/\/www.michaellaitman.com\/it\/integral-education\/global-economy\/","title":{"rendered":"L\u2019economia globale"},"content":{"rendered":"<p><strong><\/strong>Nella realt\u00e0 globalizzata di oggi possiamo o vincere insieme o perdere insieme, perch\u00e9 siamo interdipendenti. Quando un numero sufficiente di persone nel mondo aprir\u00e0 gli occhi al fatto della globalizzazione e alla responsabilit\u00e0 condivisa, si manifester\u00e0 un grosso cambiamento: paesi e persone non si sfrutteranno pi\u00f9 reciprocamente, consorzi enormi non sfrutteranno pi\u00f9 milioni di lavoratori sottopagati in tutto il mondo, non sar\u00e0 pi\u00f9 possibile che i bambini muoiano di fame o di malattie che possono essere trattate con un comune antibiotico, e le donne non subiranno pi\u00f9 abusi semplicemente perch\u00e9 sono donne. Infatti, in un mondo dove le persone capiscono che il loro benessere dipende dal benessere altrui, esse si prenderanno cura degli altri, che in cambio si prenderanno cura di loro. <\/p>\n<hr>\n<p>Dobbiamo sostituire le nostre strutture egoistiche, che guidano ogni cosa che facciamo e che ci spingono a lottare contro la natura, con strutture altruistiche che ci connettono con la natura. In altre parole dobbiamo creare un nuovo sistema di unione tra tutta l&#8217;umanit\u00e0 e la natura che ci circonda in modo che ogni persona sia obbligata ed essere in equilibrio e unita invece che in opposizione, perch\u00e9 possiamo vedere, quando tutti pensano soltanto a se stessi a danno della natura, quanto questo comportamento ci \u00e8 costato finora.<\/p>\n<p><!-- embed talk #67 --><\/p>\n<ul class=\"nav nav-tabs\">\n<li><a href=\"#video\" class=\"cu-icon-play\"><i><\/i>Watch the video<\/a><\/li>\n<li><a href=\"#listen\" class=\"cu-icon-listen\"><i><\/i>Listen to the audio<\/a><\/li>\n<\/ul>\n<div class=\"tab-content\">\n<div class=\"tab-pane fade\">\n<\/div>\n<div class=\"tab-pane fade\">\n<audio class=\"wp-audio-shortcode\" id=\"audio-92-1\" preload=\"none\" style=\"width: 100%;\" controls=\"controls\"><source type=\"audio\/mpeg\" src=\"http:\/\/files.kabbalahmedia.info\/audio\/eng_t_rav_2012-09-05_program_haim-hadashim_n67.mp3?_=1\" \/><a href=\"http:\/\/files.kabbalahmedia.info\/audio\/eng_t_rav_2012-09-05_program_haim-hadashim_n67.mp3\">http:\/\/files.kabbalahmedia.info\/audio\/eng_t_rav_2012-09-05_program_haim-hadashim_n67.mp3<\/a><\/audio>\n<\/div>\n<\/div>\n","protected":false},"excerpt":{"rendered":"<p>Nella realt\u00e0 globalizzata di oggi possiamo o vincere insieme o perdere insieme, perch\u00e9 siamo interdipendenti. Quando un numero sufficiente di persone nel mondo aprir\u00e0 gli occhi al fatto della globalizzazione e alla responsabilit\u00e0 condivisa, si manifester\u00e0 un grosso cambiamento: paesi<span class=\"ellipsis\">&hellip;<\/span><\/p>\n<div class=\"read-more\"><a href=\"https:\/\/www.michaellaitman.com\/it\/integral-education\/global-economy\/\">Leggi altro &#8250;<\/a><\/div>\n<p><!-- end of .read-more --><\/p>\n","protected":false},"author":1,"featured_media":0,"parent":64,"menu_order":2,"comment_status":"open","ping_status":"open","template":"sidebar-content-page.php","meta":{"ngg_post_thumbnail":0,"footnotes":""},"class_list":["post-92","page","type-page","status-publish","hentry"],"_links":{"self":[{"href":"https:\/\/www.michaellaitman.com\/it\/wp-json\/wp\/v2\/pages\/92","targetHints":{"allow":["GET"]}}],"collection":[{"href":"https:\/\/www.michaellaitman.com\/it\/wp-json\/wp\/v2\/pages"}],"about":[{"href":"https:\/\/www.michaellaitman.com\/it\/wp-json\/wp\/v2\/types\/page"}],"author":[{"embeddable":true,"href":"https:\/\/www.michaellaitman.com\/it\/wp-json\/wp\/v2\/users\/1"}],"replies":[{"embeddable":true,"href":"https:\/\/www.michaellaitman.com\/it\/wp-json\/wp\/v2\/comments?post=92"}],"version-history":[{"count":1,"href":"https:\/\/www.michaellaitman.com\/it\/wp-json\/wp\/v2\/pages\/92\/revisions"}],"predecessor-version":[{"id":160,"href":"https:\/\/www.michaellaitman.com\/it\/wp-json\/wp\/v2\/pages\/92\/revisions\/160"}],"up":[{"embeddable":true,"href":"https:\/\/www.michaellaitman.com\/it\/wp-json\/wp\/v2\/pages\/64"}],"wp:attachment":[{"href":"https:\/\/www.michaellaitman.com\/it\/wp-json\/wp\/v2\/media?parent=92"}],"curies":[{"name":"wp","href":"https:\/\/api.w.org\/{rel}","templated":true}]}}