{"id":91,"date":"2012-09-25T06:16:52","date_gmt":"2012-09-25T06:16:52","guid":{"rendered":"http:\/\/dev.michaellaitman.kbb1.com\/?page_id=91"},"modified":"2012-11-01T14:02:03","modified_gmt":"2012-11-01T14:02:03","slug":"principles-of-integral-education","status":"publish","type":"page","link":"https:\/\/www.michaellaitman.com\/it\/integral-education\/principles-of-integral-education\/","title":{"rendered":"I principi dell&#8217;Educazione Integrale"},"content":{"rendered":"<p>Anche se siamo diventati globalmente interconnessi, la mentalit\u00e0 egocentrica rappresenta ancora il paradigma predominante.\u00a0 La nostra interdipendenza \u00e8 diventata un dato di fatto, ma noi stessi, il nostro modo di pensare e i nostri valori sono ancora rinchiusi nel vecchio paradigma.<\/p>\n<p>Perci\u00f2 la strada verso una soluzione fattibile alle crisi, che oggi\u00a0 l&#8217;umanit\u00e0 sta affrontando, deve iniziare con il nostro allineamento con le nuove condizioni che emergono: dobbiamo educarci ed elevarci per accettare la nostra dipendenza e responsabilit\u00e0 reciproca verso gli altri.<\/p>\n<p>Educazione significa informare le persone riguardo alla nuova era di globalizzazione, dipendenza reciproca e responsabilit\u00e0 condivisa, della quale facciamo tutti parte. Come impariamo dalla natura, l&#8217;unione, la reciprocit\u00e0 e la responsabilit\u00e0 sono prerequisiti per la vita:\u00a0 nessun organismo sopravvive se le sue cellule non operano in armonia; nello stesso modo nessun ecosistema si sviluppa se viene rimosso uno dei suoi elementi.<\/p>\n<p>&nbsp;<\/p>\n<ul class=\"nav nav-tabs\">\n<li><a class=\"cu-icon-play\" href=\"#video\"><em><\/em>Watch the video<\/a><\/li>\n<li><a class=\"cu-icon-read\" href=\"#read\"><em><\/em>Read the text<\/a><\/li>\n<\/ul>\n<div class=\"tab-content\">\n<div class=\"tab-pane fade\"><\/div>\n<div class=\"tab-pane fade\">\n<p>&#8220;Nel sistema umano, il nostro desiderio, i pensieri e le azioni influenzano inevitabilmente gli uni agli altri.<br \/>\nQuesta legge connette gli individui ad ogni livello, tutto il tempo.<br \/>\nQualsiasi interazione \u00e8\u00a0 l&#8217;espressione di questa legge.&#8221;<\/p>\n<\/div>\n<\/div>\n","protected":false},"excerpt":{"rendered":"<p>Anche se siamo diventati globalmente interconnessi, la mentalit\u00e0 egocentrica rappresenta ancora il paradigma predominante.\u00a0 La nostra interdipendenza \u00e8 diventata un dato di fatto, ma noi stessi, il nostro modo di pensare e i nostri valori sono ancora rinchiusi nel vecchio<span class=\"ellipsis\">&hellip;<\/span><\/p>\n<div class=\"read-more\"><a href=\"https:\/\/www.michaellaitman.com\/it\/integral-education\/principles-of-integral-education\/\">Leggi altro &#8250;<\/a><\/div>\n<p><!-- end of .read-more --><\/p>\n","protected":false},"author":1,"featured_media":0,"parent":64,"menu_order":1,"comment_status":"open","ping_status":"open","template":"sidebar-content-page.php","meta":{"ngg_post_thumbnail":0,"footnotes":""},"class_list":["post-91","page","type-page","status-publish","hentry"],"_links":{"self":[{"href":"https:\/\/www.michaellaitman.com\/it\/wp-json\/wp\/v2\/pages\/91","targetHints":{"allow":["GET"]}}],"collection":[{"href":"https:\/\/www.michaellaitman.com\/it\/wp-json\/wp\/v2\/pages"}],"about":[{"href":"https:\/\/www.michaellaitman.com\/it\/wp-json\/wp\/v2\/types\/page"}],"author":[{"embeddable":true,"href":"https:\/\/www.michaellaitman.com\/it\/wp-json\/wp\/v2\/users\/1"}],"replies":[{"embeddable":true,"href":"https:\/\/www.michaellaitman.com\/it\/wp-json\/wp\/v2\/comments?post=91"}],"version-history":[{"count":1,"href":"https:\/\/www.michaellaitman.com\/it\/wp-json\/wp\/v2\/pages\/91\/revisions"}],"predecessor-version":[{"id":159,"href":"https:\/\/www.michaellaitman.com\/it\/wp-json\/wp\/v2\/pages\/91\/revisions\/159"}],"up":[{"embeddable":true,"href":"https:\/\/www.michaellaitman.com\/it\/wp-json\/wp\/v2\/pages\/64"}],"wp:attachment":[{"href":"https:\/\/www.michaellaitman.com\/it\/wp-json\/wp\/v2\/media?parent=91"}],"curies":[{"name":"wp","href":"https:\/\/api.w.org\/{rel}","templated":true}]}}