{"id":66,"date":"2012-09-23T21:36:40","date_gmt":"2012-09-23T21:36:40","guid":{"rendered":"http:\/\/dev.michaellaitman.kbb1.com\/?page_id=66"},"modified":"2015-04-08T22:14:39","modified_gmt":"2015-04-08T22:14:39","slug":"a-guide-to-the-new-world","status":"publish","type":"page","link":"https:\/\/www.michaellaitman.com\/it\/books\/a-guide-to-the-new-world\/","title":{"rendered":"Una guida al nuovo mondo"},"content":{"rendered":"<p><strong>Una guida al nuovo mondo<\/strong><\/p>\n<p>Perch\u00e9 l\u20191% della popolazione del mondo possiede il 40% delle ricchezze? Perch\u00e9 i sistemi educativi in tutto il mondo generano ragazzi infelici, ed istruiti in modo inadeguato? Perch\u00e9 esiste la fame? Perch\u00e9 il prezzo degli alimenti \u00e8 in aumento quando le risorse alimentari sono pi\u00f9 che sufficienti per tutti?\u00a0 Perch\u00e9 esistono ancora paesi dove la dignit\u00e0 umana e la giustizia sociale sono inesistenti?\u00a0 E quando e come questi torti verranno trasformati in equit\u00e0?<\/p>\n<p>Nel 2011 queste domande hanno toccato i cuori di centinaia di milioni di persone in tutto il mondo.\u00a0 Il grido per la giustizia sociale \u00e8 divenuto un&#8217;esigenza intorno a cui tutti possono unirsi.\u00a0 Desideriamo tutti una societ\u00e0 dove possiamo sentirci al sicuro, fidarci dei nostri vicini e garantire un futuro ai nostri bambini.\u00a0 In una societ\u00e0 del genere tutti si prenderanno cura degli altri e la garanzia reciproca &#8211; dove tutti sono garanti del benessere altrui &#8211; si svilupper\u00e0.<\/p>\n<p>Nonostante tutte le sfide, noi crediamo che il cambiamento sia possibile e che possiamo trovare un modo per attuarlo.\u00a0 Quindi il libro che tieni tra le mani \u00e8 positivo ed <em>ottimistico<\/em>.<\/p>\n<p>Abbiamo ora un&#8217;opportunit\u00e0 unica di realizzare una trasformazione globale in maniera pacifica e piacevole, e <em>Una<\/em> <em>guida al nuovo mondo: perch\u00e9 la garanzia reciproca \u00e8 la chiave per riprenderci dalla crisi globale <\/em>cerca di aiutarci ad aprire la strada verso quella meta.<\/p>\n<p>Questo libro \u00e8 diviso in due parti, pi\u00f9 gli indici.\u00a0 La prima parte illustra il concetto di garanzia reciproca. La seconda descrive la costruzione della nuova societ\u00e0 basata sulla garanzia reciproca, e riassume i principi presentati nella prima parte.\u00a0 Gli indici contengono le pubblicazioni dell&#8217;Istituto ARI precedenti che espongono le sue teorie sociali, educative ed economiche.<\/p>\n<p>&nbsp;<\/p>\n<p><a href=\"http:\/\/kabbalahbooks.info\/\">http:\/\/kabbalahbooks.info\/<\/a><\/p>\n<p>&nbsp;<\/p>\n","protected":false},"excerpt":{"rendered":"<p>Una guida al nuovo mondo Perch\u00e9 l\u20191% della popolazione del mondo possiede il 40% delle ricchezze? Perch\u00e9 i sistemi educativi in tutto il mondo generano ragazzi infelici, ed istruiti in modo inadeguato? Perch\u00e9 esiste la fame? Perch\u00e9 il prezzo degli<span class=\"ellipsis\">&hellip;<\/span><\/p>\n<div class=\"read-more\"><a href=\"https:\/\/www.michaellaitman.com\/it\/books\/a-guide-to-the-new-world\/\">Leggi altro &#8250;<\/a><\/div>\n<p><!-- end of .read-more --><\/p>\n","protected":false},"author":1,"featured_media":119,"parent":40,"menu_order":0,"comment_status":"open","ping_status":"open","template":"sidebar-content-page.php","meta":{"ngg_post_thumbnail":0,"footnotes":""},"class_list":["post-66","page","type-page","status-publish","has-post-thumbnail","hentry"],"_links":{"self":[{"href":"https:\/\/www.michaellaitman.com\/it\/wp-json\/wp\/v2\/pages\/66","targetHints":{"allow":["GET"]}}],"collection":[{"href":"https:\/\/www.michaellaitman.com\/it\/wp-json\/wp\/v2\/pages"}],"about":[{"href":"https:\/\/www.michaellaitman.com\/it\/wp-json\/wp\/v2\/types\/page"}],"author":[{"embeddable":true,"href":"https:\/\/www.michaellaitman.com\/it\/wp-json\/wp\/v2\/users\/1"}],"replies":[{"embeddable":true,"href":"https:\/\/www.michaellaitman.com\/it\/wp-json\/wp\/v2\/comments?post=66"}],"version-history":[{"count":0,"href":"https:\/\/www.michaellaitman.com\/it\/wp-json\/wp\/v2\/pages\/66\/revisions"}],"up":[{"embeddable":true,"href":"https:\/\/www.michaellaitman.com\/it\/wp-json\/wp\/v2\/pages\/40"}],"wp:featuredmedia":[{"embeddable":true,"href":"https:\/\/www.michaellaitman.com\/it\/wp-json\/wp\/v2\/media\/119"}],"wp:attachment":[{"href":"https:\/\/www.michaellaitman.com\/it\/wp-json\/wp\/v2\/media?parent=66"}],"curies":[{"name":"wp","href":"https:\/\/api.w.org\/{rel}","templated":true}]}}