{"id":64,"date":"2012-09-23T21:10:08","date_gmt":"2012-09-23T21:10:08","guid":{"rendered":"http:\/\/dev.michaellaitman.kbb1.com\/?page_id=64"},"modified":"2012-11-01T13:52:18","modified_gmt":"2012-11-01T13:52:18","slug":"integral-education","status":"publish","type":"page","link":"https:\/\/www.michaellaitman.com\/it\/integral-education\/","title":{"rendered":"Educazione Integrale"},"content":{"rendered":"<p>Il mondo in cui viviamo \u00e8 un sistema vasto, meraviglioso e complesso; ogni sua parte \u00e8 connessa, e dipende da tutte le altre parti. Per molti decenni, questa complessit\u00e0 \u00e8 stata occultata: vedevamo il mondo come una gamma di elementi non necessariamente connessi tra di loro, e certamente non cos\u00ec interconnessi come ora stiamo scoprendo.<\/p>\n<p>All&#8217;interno dei sistemi educativi prevale ancora il paradigma della percezione della realt\u00e0 come elementi separati divisi in materie distinte. La nuova visione integrale si riferisce al mondo come a un sistema interconnesso. Questa percezione \u00e8 alla base dell&#8217;Educazione Integrale, e quindi definisce un nuovo approccio integrale verso l&#8217;insegnamento. In questo modo porta gli studenti verso una percezione globale della realt\u00e0, allineandoli con la realt\u00e0 integrale di oggi. Nel metodo dell&#8217;educazione integrale, lo studente non impara materie diverse in una maniera \u201clineare\u201d; piuttosto ogni materia viene presentata da una prospettiva \u201ccircolare\u201d, illustrando la sua connessione con tutte le altre materie.<\/p>\n<hr \/>\n<p>L&#8217;educazione integrale \u00e8 basata sull\u2019utilizzazione di tutti i canali dei mezzi di comunicazione per sviluppare l&#8217;uomo, per mostrargli lo sviluppo corretto dell&#8217;essere umano, lo sviluppo dell&#8217;uomo, lo sviluppo della societ\u00e0 e quanto pi\u00f9 circolare \u00e8 diventato questo processo.<\/p>\n<ul>\n<li><a href=\"#video\"><em><\/em>Watch the video<\/a><\/li>\n<li><a href=\"#listen\"><em><\/em>Listen to the audio<\/a><\/li>\n<\/ul>\n<div>\n<div>\n<p><img loading=\"lazy\" decoding=\"async\" src=\"http:\/\/www.michaellaitman.com\/wp-includes\/js\/tinymce\/themes\/advanced\/img\/trans.gif\" alt=\"\" width=\"560\" height=\"315\" \/><\/p>\n<\/div>\n<div>\n<audio class=\"wp-audio-shortcode\" id=\"audio-64-1\" preload=\"none\" style=\"width: 100%;\" controls=\"controls\"><source type=\"audio\/mpeg\" src=\"http:\/\/files.kabbalahmedia.info\/audio\/eng_t_rav_2012-08-05_program_haim-hadashim_n49.mp3?_=1\" \/><a href=\"http:\/\/files.kabbalahmedia.info\/audio\/eng_t_rav_2012-08-05_program_haim-hadashim_n49.mp3\">http:\/\/files.kabbalahmedia.info\/audio\/eng_t_rav_2012-08-05_program_haim-hadashim_n49.mp3<\/a><\/audio>\n<\/div>\n<\/div>\n","protected":false},"excerpt":{"rendered":"<p>Il mondo in cui viviamo \u00e8 un sistema vasto, meraviglioso e complesso; ogni sua parte \u00e8 connessa, e dipende da tutte le altre parti. Per molti decenni, questa complessit\u00e0 \u00e8 stata occultata: vedevamo il mondo come una gamma di elementi<span class=\"ellipsis\">&hellip;<\/span><\/p>\n<div class=\"read-more\"><a href=\"https:\/\/www.michaellaitman.com\/it\/integral-education\/\">Leggi altro &#8250;<\/a><\/div>\n<p><!-- end of .read-more --><\/p>\n","protected":false},"author":1,"featured_media":0,"parent":0,"menu_order":0,"comment_status":"open","ping_status":"open","template":"sidebar-content-page.php","meta":{"ngg_post_thumbnail":0,"footnotes":""},"class_list":["post-64","page","type-page","status-publish","hentry"],"_links":{"self":[{"href":"https:\/\/www.michaellaitman.com\/it\/wp-json\/wp\/v2\/pages\/64","targetHints":{"allow":["GET"]}}],"collection":[{"href":"https:\/\/www.michaellaitman.com\/it\/wp-json\/wp\/v2\/pages"}],"about":[{"href":"https:\/\/www.michaellaitman.com\/it\/wp-json\/wp\/v2\/types\/page"}],"author":[{"embeddable":true,"href":"https:\/\/www.michaellaitman.com\/it\/wp-json\/wp\/v2\/users\/1"}],"replies":[{"embeddable":true,"href":"https:\/\/www.michaellaitman.com\/it\/wp-json\/wp\/v2\/comments?post=64"}],"version-history":[{"count":0,"href":"https:\/\/www.michaellaitman.com\/it\/wp-json\/wp\/v2\/pages\/64\/revisions"}],"wp:attachment":[{"href":"https:\/\/www.michaellaitman.com\/it\/wp-json\/wp\/v2\/media?parent=64"}],"curies":[{"name":"wp","href":"https:\/\/api.w.org\/{rel}","templated":true}]}}