{"id":61,"date":"2012-09-23T20:51:16","date_gmt":"2012-09-23T20:51:16","guid":{"rendered":"http:\/\/dev.michaellaitman.kbb1.com\/?page_id=61"},"modified":"2012-11-01T14:43:43","modified_gmt":"2012-11-01T14:43:43","slug":"internationally-best-selling-author","status":"publish","type":"page","link":"https:\/\/www.michaellaitman.com\/it\/person\/internationally-best-selling-author\/","title":{"rendered":"Autore di Best-Seller Internazionali"},"content":{"rendered":"<div id=\"attachment_130\" style=\"width: 210px\" class=\"wp-caption alignleft\"><a href=\"http:\/\/www.michaellaitman.com\/person\/internationally-best-selling-author\/index_img_7\/\" rel=\"attachment wp-att-130\"><img loading=\"lazy\" decoding=\"async\" aria-describedby=\"caption-attachment-130\" class=\"size-full wp-image-130\" src=\"http:\/\/www.michaellaitman.com\/it\/wp-content\/uploads\/2012\/09\/index_img_7.jpg\" alt=\"High Panel on Peace and Dialogue among Cultures. UN Headquarters, New York\" width=\"200\" height=\"149\" \/><\/a><p id=\"caption-attachment-130\" class=\"wp-caption-text\">High Panel on Peace and Dialogue among Cultures. UN Headquarters, New York<\/p><\/div>\n<p>Negli ultimi tre decenni il Dott. Laitman ha pubblicato oltre 40 libri che sono stati tradotti in 17 lingue, tutti con l&#8217;obiettivo di aiutare gli individui a raggiungere l&#8217;armonia con se stessi e con l&#8217;ambiente che li circonda.  <\/p>\n<p>La recensione del suo libro \u201cLa Psicologia della Societ\u00e0 Integrale\u201d (sulla necessit\u00e0 di un&#8217;educazione integrale-globale per risolvere la crisi) da parte del Foreword Magazine afferma:<\/p>\n<p>\u201cCome societ\u00e0, passiamo cos\u00ec tanto tempo a competere e a cercare di avvantaggiarci sugli altri che il concetto di lavorare semplicemente insieme sembra di per s\u00e9 rivoluzionario&#8230;\u201d<\/p>\n<p>Altri titoli recenti comprendono \u201cLa Kabbalah in tempi di crisi: come pu\u00f2 una societ\u00e0 trasformare l\u2019egoismo in beneficio reciproco\u201d e \u201cBambini di domani: linee guida per crescere bambini felici nel xxi secolo\u201d, del quale Midwestbookreview.com dice: <\/p>\n<p>\u201cCon l&#8217;affermazione che il futuro della societ\u00e0 dipende dalla collaborazione delle persone per lavorare insieme per il bene della societ\u00e0, e che la maggior parte del degrado della societ\u00e0 negli ultimi decenni \u00e8 il risultato di narcisismo e avidit\u00e0, \u201cLa Kabbalah in tempi di Crisi\u201d \u00e8 una lettura singolare e consigliata a coloro che credono che l&#8217;ottimismo nella natura umana non sia completamente perduto\u201d<br \/>\n<\/em><\/p>\n","protected":false},"excerpt":{"rendered":"<p>Negli ultimi tre decenni il Dott. Laitman ha pubblicato oltre 40 libri che sono stati tradotti in 17 lingue, tutti con l&#8217;obiettivo di aiutare gli individui a raggiungere l&#8217;armonia con se stessi e con l&#8217;ambiente che li circonda. La recensione<span class=\"ellipsis\">&hellip;<\/span><\/p>\n<div class=\"read-more\"><a href=\"https:\/\/www.michaellaitman.com\/it\/person\/internationally-best-selling-author\/\">Leggi altro &#8250;<\/a><\/div>\n<p><!-- end of .read-more --><\/p>\n","protected":false},"author":1,"featured_media":0,"parent":56,"menu_order":5,"comment_status":"open","ping_status":"open","template":"sidebar-content-page.php","meta":{"ngg_post_thumbnail":0,"footnotes":""},"class_list":["post-61","page","type-page","status-publish","hentry"],"_links":{"self":[{"href":"https:\/\/www.michaellaitman.com\/it\/wp-json\/wp\/v2\/pages\/61","targetHints":{"allow":["GET"]}}],"collection":[{"href":"https:\/\/www.michaellaitman.com\/it\/wp-json\/wp\/v2\/pages"}],"about":[{"href":"https:\/\/www.michaellaitman.com\/it\/wp-json\/wp\/v2\/types\/page"}],"author":[{"embeddable":true,"href":"https:\/\/www.michaellaitman.com\/it\/wp-json\/wp\/v2\/users\/1"}],"replies":[{"embeddable":true,"href":"https:\/\/www.michaellaitman.com\/it\/wp-json\/wp\/v2\/comments?post=61"}],"version-history":[{"count":1,"href":"https:\/\/www.michaellaitman.com\/it\/wp-json\/wp\/v2\/pages\/61\/revisions"}],"predecessor-version":[{"id":168,"href":"https:\/\/www.michaellaitman.com\/it\/wp-json\/wp\/v2\/pages\/61\/revisions\/168"}],"up":[{"embeddable":true,"href":"https:\/\/www.michaellaitman.com\/it\/wp-json\/wp\/v2\/pages\/56"}],"wp:attachment":[{"href":"https:\/\/www.michaellaitman.com\/it\/wp-json\/wp\/v2\/media?parent=61"}],"curies":[{"name":"wp","href":"https:\/\/api.w.org\/{rel}","templated":true}]}}