{"id":32,"date":"2012-09-19T13:21:13","date_gmt":"2012-09-19T13:21:13","guid":{"rendered":"http:\/\/dev.michaellaitman.kbb1.com\/?page_id=32"},"modified":"2015-08-06T11:48:18","modified_gmt":"2015-08-06T11:48:18","slug":"global-thinker","status":"publish","type":"page","link":"https:\/\/www.michaellaitman.com\/it\/person\/global-thinker\/","title":{"rendered":"Un Pensatore Globale"},"content":{"rendered":"<p><a href=\"http:\/\/www.michaellaitman.com\/it\/wp-content\/uploads\/2012\/09\/Senza-titolo-1.jpg\"><img loading=\"lazy\" decoding=\"async\" class=\"aligncenter wp-image-275 size-medium\" src=\"http:\/\/www.michaellaitman.com\/it\/wp-content\/uploads\/2012\/09\/Senza-titolo-1-300x275.jpg\" alt=\"Senza-titolo-1\" width=\"300\" height=\"275\" srcset=\"https:\/\/www.michaellaitman.com\/it\/wp-content\/uploads\/2012\/09\/Senza-titolo-1-300x275.jpg 300w, https:\/\/www.michaellaitman.com\/it\/wp-content\/uploads\/2012\/09\/Senza-titolo-1.jpg 699w\" sizes=\"auto, (max-width: 300px) 100vw, 300px\" \/><\/a><\/p>\n<h3 style=\"text-align: center\"><strong><a href=\"https:\/\/drive.google.com\/file\/d\/0Bwm_1jsZHOcjc1QtOHY5MlB0Tmc\/view\" target=\"_blank\">Michael Laitman &#8211; Un Pensatore Globale &#8211; Media Kit<\/a><\/strong><\/h3>\n<p>&nbsp;<\/p>\n<p>Michael Laitman \u00e8 un pensatore globale che dedica il suo operato per generare un cambiamento nella societ\u00e0 attraverso una nuova educazione globale, che egli vede come la chiave per risolvere le questioni pi\u00f9 pressanti dei nostri tempi.<\/p>\n<p>La sua visione per risolvere la crisi globale, su tutti i livelli, compresa l&#8217;educazione, i cambiamenti climatici, la fame e tutti i problemi sociali ed economici, prevede l\u2019attuazione di un nuovo programma educativo completo, integrale e globale. Il Dott. Laitman ha recentemente condiviso i principi di questo nuovo paradigma educativo e i benefici di una collaborazione congiunta e globale con il Vice Segretario Generale dell&#8217;ONU, la Dott.ssa Asha-Rose Migiro, alla sede dell&#8217;ONU a New York.<br \/>\nLa sintesi tra la sua esperienza accademica nelle scienze tradizionali e nelle discipline umanistiche, e la sua ricerca nel campo dell&#8217;educazione lo rendono uno dei pensatori ed oratori internazionali pi\u00f9 ricercati al mondo.<\/p>\n<p>Il Dott. Laitman ha un Master in Cibernetica Medica ed una Specializzazione in Kabbalah e Filosofia. Gli \u00e8 stato conferito il titolo di Professore di Ontologia e Teoria della Conoscenza dall&#8217;Istituto di Filosofia di Mosca all&#8217;Accademia Russa delle Scienze.<\/p>\n<p><a class=\"read-more\" title=\"Dott. Michael Laitman\" href=\"http:\/\/www.michaellaitman.com\/it\/about\/\">Leggi Biografia completa<\/a><\/p>\n","protected":false},"excerpt":{"rendered":"<p>Michael Laitman &#8211; Un Pensatore Globale &#8211; Media Kit &nbsp; Michael Laitman \u00e8 un pensatore globale che dedica il suo operato per generare un cambiamento nella societ\u00e0 attraverso una nuova educazione globale, che egli vede come la chiave per risolvere<span class=\"ellipsis\">&hellip;<\/span><\/p>\n<div class=\"read-more\"><a href=\"https:\/\/www.michaellaitman.com\/it\/person\/global-thinker\/\">Leggi altro &#8250;<\/a><\/div>\n<p><!-- end of .read-more --><\/p>\n","protected":false},"author":1,"featured_media":0,"parent":56,"menu_order":0,"comment_status":"open","ping_status":"open","template":"sidebar-content-page.php","meta":{"ngg_post_thumbnail":0,"footnotes":""},"class_list":["post-32","page","type-page","status-publish","hentry"],"_links":{"self":[{"href":"https:\/\/www.michaellaitman.com\/it\/wp-json\/wp\/v2\/pages\/32","targetHints":{"allow":["GET"]}}],"collection":[{"href":"https:\/\/www.michaellaitman.com\/it\/wp-json\/wp\/v2\/pages"}],"about":[{"href":"https:\/\/www.michaellaitman.com\/it\/wp-json\/wp\/v2\/types\/page"}],"author":[{"embeddable":true,"href":"https:\/\/www.michaellaitman.com\/it\/wp-json\/wp\/v2\/users\/1"}],"replies":[{"embeddable":true,"href":"https:\/\/www.michaellaitman.com\/it\/wp-json\/wp\/v2\/comments?post=32"}],"version-history":[{"count":2,"href":"https:\/\/www.michaellaitman.com\/it\/wp-json\/wp\/v2\/pages\/32\/revisions"}],"predecessor-version":[{"id":276,"href":"https:\/\/www.michaellaitman.com\/it\/wp-json\/wp\/v2\/pages\/32\/revisions\/276"}],"up":[{"embeddable":true,"href":"https:\/\/www.michaellaitman.com\/it\/wp-json\/wp\/v2\/pages\/56"}],"wp:attachment":[{"href":"https:\/\/www.michaellaitman.com\/it\/wp-json\/wp\/v2\/media?parent=32"}],"curies":[{"name":"wp","href":"https:\/\/api.w.org\/{rel}","templated":true}]}}