{"id":258,"date":"2015-04-24T13:27:59","date_gmt":"2015-04-24T13:27:59","guid":{"rendered":"http:\/\/www.michaellaitman.com\/it\/?page_id=258"},"modified":"2015-04-24T13:28:09","modified_gmt":"2015-04-24T13:28:09","slug":"clima-la-palla-e-nel-nostro-campo","status":"publish","type":"page","link":"https:\/\/www.michaellaitman.com\/it\/clima-la-palla-e-nel-nostro-campo\/","title":{"rendered":"Clima &#8211; La Palla E&#8217; Nel Nostro Campo"},"content":{"rendered":"<p><img loading=\"lazy\" decoding=\"async\" class=\"alignleft\" style=\"margin-left: 0px;margin-right: 10px\" src=\"http:\/\/ariresearch.org\/it\/wp-content\/uploads\/2011\/02\/climate-the-ball-is-in-our-court.jpg\" alt=\"immagine19\" width=\"155\" height=\"90\" \/>Finora l&#8217;uomo e&#8217; stato contro la Natura; da ora in poi egli sar\u00e0 contro la sua stessa natura\u201d<\/p>\n<p><strong>Dennis Gabor, <em>Inventing the Future<\/em>, 1964<\/strong><\/p>\n<p>Il livello dei mari si sta innalzando, la siccit\u00e0 si sta espandendo, gli inverni sono pi\u00f9 freddi, le estati pi\u00f9 calde, le calotte di ghiaccio si stanno sciogliendo e il clima e&#8217; andato complessivamente fuori controllo. Ci sono l&#8217;influenza aviaria, l&#8217;influenza suina, le api stanno scomparendo e gli insetti stanno erodendo intere foreste. Di fatto, la Terra sta scivolando sempre pi\u00f9 fuori equilibrio.<!--more--><\/p>\n<p>Il Consiglio dei consulenti per la scienza e la tecnologia del Presidente Obama ha ammonito che se gli USA e gli altri paesi non si attiveranno in modo sufficientemente veloce per arrestare il cambiamento climatico, si verificheranno cambiamenti che gli scienziati chiamano \u201cpunto di svolta\u201d:<\/p>\n<ul>\n<li>\u201cla Terra potrebbe trovarsi a soli sei anni dalla perdita del ghiaccio estivo artico\u201d dice, \u201ce<\/li>\n<li>ci\u00f2 ha il potenziale per alterare il clima in modi imprevedibili.<\/li>\n<li>Il rilascio del metano congelato nel permafrost che e&#8217; in disgelo in Siberia.<\/li>\n<li>Incendi pi\u00f9 numerosi e pi\u00f9 estesi in tutto il mondo.\u201d<\/li>\n<\/ul>\n<p>I consiglieri di Obama hanno avvertito anche riguardo le gravi siccit\u00e0 e l&#8217;innalzamento del livello dei mari. La situazione e&#8217; cos\u00ec grave che John Holden, il capo dei consulenti scientifici, ha suggerito di considerare \u201cil lancio di particelle di zolfo nella parte alta dell&#8217;atmosfera,\u201d per raffreddare artificialmente l&#8217;atmosfera.<\/p>\n<p>Ma come e&#8217; arrivata la terra ad un tale stato? Desideriamo offrire un approccio diverso per<\/p>\n<p>rispondere a questa domanda, un approccio che ha a che fare con la radice del problema piuttosto che con le sue manifestazioni.<\/p>\n<p>&nbsp;<\/p>\n<p><strong>Equilibrio e Reciprocit\u00e0<\/strong><\/p>\n<p>Per capire perch\u00e9 la Terra sta andando fuori equilibrio, consideriamo brevemente il termine \u201cNatura\u201d. La prima immagine che viene in mente al pensiero della parola \u201cNatura\u201d potrebbe essere quella di alberi, paesaggi o animali. Queste sono tutte parti della natura, ma sono solo elementi di un ben pi\u00f9 vasto sistema. Una pi\u00f9 ampia prospettiva rivela che la Natura e&#8217; molto pi\u00f9 che piante, animali e montagne. La Natura e&#8217; un sistema di regolazione che e&#8217; responsabile dell&#8217;appropriato funzionamento e benessere di tutte le sue componenti. Questo sistema di regolazione abbraccia l&#8217;intera realt\u00e0 e lotta per portare tutti i suoi elementi in equilibrio e armonia.<\/p>\n<p>Se noi isoliamo gli elementi in natura e li esaminiamo separatamente, ci sembrer\u00e0 come se stessero funzionando indipendentemente. Ma se noi consideriamo la loro funzionalit\u00e0 all&#8217;interno dell&#8217;intero sistema, noi vediamo che ciascun elemento rinuncia al proprio vantaggio per contribuire alla creazione di un sistema armonioso in cui tutto lavora per il bene comune.<\/p>\n<p>Una panoramica della Natura rivela che questo sistema di regolazione si applica a ciascun degli elementi della Natura. E&#8217; un corpo che include una miriade di organi, e l&#8217;armonia tra loro consente la continuit\u00e0 di tutta la vita.<\/p>\n<p>Una colonia di formiche, per esempio, consiste in milioni di formiche che agiscono perfettamente all&#8217;unisono. Ma la colonia e&#8217; solo una parte di numerosi altri elementi \u2013 che spesso sembrano in competizione , ma che insieme formano un ecosistema equilibrato.<\/p>\n<p>Esempi di affascinanti correlazioni in Natura abbondano: le api impollinano i fiori, gli avvoltoi mangiano le carcasse lasciate a decomporsi dai predatori, gli scarafaggi coprofagi si cibano delle feci di altri animali, ecc.<\/p>\n<p>Poi c&#8217;\u00e8 l&#8217;uomo. Esempi di come l&#8217;uomo abusa della Natura sono talmente ubiquitari che sembra persino superfluo menzionarli. Infatti sarebbe abbastanza sicuro affermare che non esiste un singolo ambito di azione umana in cui non alteriamo l&#8217;equilibrio della Natura.<\/p>\n<p>&nbsp;<\/p>\n<p><strong>Il Legame Mancante<\/strong><\/p>\n<p>Mentre il leone caccia la zebra solo per riempire il suo stomaco, l&#8217;uomo trae piacere della sua superiorit\u00e0 sugli altri. La razza umana e&#8217; la sola creatura che desidera sfruttare l&#8217;ambiente per il suo interesse personale. Noi non ci accontentiamo mai per quel che abbiamo; noi prendiamo dall&#8217;ambiente molto pi\u00f9 di quello di cui abbiamo veramente bisogno e traiamo piacere dal dolore degli altri.<\/p>\n<p>Alla base del comportamento sociale umano sta l&#8217;ego, che preferisce sempre l&#8217;interesse personale alla condivisione del bene comune. Ma che siamo consapevoli o no di ci\u00f2, noi siamo parte della Natura, e il fatto che noi sentiamo di esserne al di sopra ci pone in una situazione precaria. Se noi desideriamo aiutare noi stessi, \u00a0dobbiamo cominciare dalla sola causa che infrange l&#8217;equilibrio della Natura: noi.<\/p>\n<p>&nbsp;<\/p>\n<p><strong>Misure Pratiche<\/strong><\/p>\n<p>1) <strong>In Relazione con la Terra<\/strong><\/p>\n<p>Dobbiamo nutrire maggiore considerazione per la terra, capire che stiamo vivendo su di un piccolo pianeta e che siamo tutti interdipendenti. Non abbiamo un&#8217;altra terra da utilizzare quando avremo esaurito e inquinato questa oltre il punto di non ritorno, dunque dobbiamo comportarci ora con la comprensione che se noi non agiremo responsabilmente, i nostri figli non avranno un luogo dove vivere.<\/p>\n<p>2) <strong>Relazioni Umane<\/strong><\/p>\n<p>Frenare le emissioni di CO2 e riciclare per aiutare l&#8217;ecologia della Terra sono tutte azioni importanti e meritevoli che dobbiamo intraprendere. Tuttavia nella nostra attuale concezione egocentrica queste azioni sono efficaci quanto un&#8217;aspirina per il cancro. Queste misure possono farci sentire meglio momentaneamente, ma non risolvono il vero problema.<\/p>\n<p>Solo quando noi cominceremo a cambiare le relazioni umane, cominceremo a ricostruire lo squilibrio globale della Natura. Se terremo presente che il solo elemento nel mondo in disequilibrio e&#8217; il nostro egoismo, non dimenticheremo che esso e&#8217; anche la sola cosa che richiede di essere corretta.<\/p>\n<p>Per indirizzarci verso questo, noi dobbiamo coltivare programmi di istruzione che promuovano la mutua considerazione, l&#8217;eguaglianza e, ancor pi\u00f9 importante, la comprensione della Natura in generale e della natura umana in particolare. Dovremmo autorizzare le istituzioni educative per avviare questi programmi in ogni paese e a livello mondiale attraverso uno sforzo coordinato globale. Le infrastrutture e le istituzioni per indurre questo cambiamento esistono gi\u00e0; dobbiamo semplicemente decidere insieme che vogliamo realizzarlo.<\/p>\n<p>Quando creeremo relazioni di mutua considerazione e cura, saremo all&#8217;unisono con la Natura e cos\u00ec invertiremo l&#8217;attuale via di declino dell&#8217;umanit\u00e0 in un luminoso futuro di armonia e pace.<\/p>\n<p>&nbsp;<\/p>\n<p><a href=\"http:\/\/ariresearch.org\/crisis-resolution\/climate%E2%80%94the-ball-is-in-our-court\">http:\/\/ariresearch.org\/crisis-resolution\/climate%E2%80%94the-ball-is-in-our-court<\/a><\/p>\n","protected":false},"excerpt":{"rendered":"<p>Finora l&#8217;uomo e&#8217; stato contro la Natura; da ora in poi egli sar\u00e0 contro la sua stessa natura\u201d Dennis Gabor, Inventing the Future, 1964 Il livello dei mari si sta innalzando, la siccit\u00e0 si sta espandendo, gli inverni sono pi\u00f9<span class=\"ellipsis\">&hellip;<\/span><\/p>\n<div class=\"read-more\"><a href=\"https:\/\/www.michaellaitman.com\/it\/clima-la-palla-e-nel-nostro-campo\/\">Leggi altro &#8250;<\/a><\/div>\n<p><!-- end of .read-more --><\/p>\n","protected":false},"author":39,"featured_media":0,"parent":0,"menu_order":0,"comment_status":"open","ping_status":"open","template":"","meta":{"ngg_post_thumbnail":0,"footnotes":""},"class_list":["post-258","page","type-page","status-publish","hentry"],"_links":{"self":[{"href":"https:\/\/www.michaellaitman.com\/it\/wp-json\/wp\/v2\/pages\/258","targetHints":{"allow":["GET"]}}],"collection":[{"href":"https:\/\/www.michaellaitman.com\/it\/wp-json\/wp\/v2\/pages"}],"about":[{"href":"https:\/\/www.michaellaitman.com\/it\/wp-json\/wp\/v2\/types\/page"}],"author":[{"embeddable":true,"href":"https:\/\/www.michaellaitman.com\/it\/wp-json\/wp\/v2\/users\/39"}],"replies":[{"embeddable":true,"href":"https:\/\/www.michaellaitman.com\/it\/wp-json\/wp\/v2\/comments?post=258"}],"version-history":[{"count":0,"href":"https:\/\/www.michaellaitman.com\/it\/wp-json\/wp\/v2\/pages\/258\/revisions"}],"wp:attachment":[{"href":"https:\/\/www.michaellaitman.com\/it\/wp-json\/wp\/v2\/media?parent=258"}],"curies":[{"name":"wp","href":"https:\/\/api.w.org\/{rel}","templated":true}]}}