{"id":256,"date":"2015-04-24T13:03:46","date_gmt":"2015-04-24T13:03:46","guid":{"rendered":"http:\/\/www.michaellaitman.com\/it\/?page_id=256"},"modified":"2015-04-24T13:19:52","modified_gmt":"2015-04-24T13:19:52","slug":"internet-il-motore-del-cambiamento","status":"publish","type":"page","link":"https:\/\/www.michaellaitman.com\/it\/internet-il-motore-del-cambiamento\/","title":{"rendered":"Internet\u2014 Il Motore del Cambiamento"},"content":{"rendered":"<p><img loading=\"lazy\" decoding=\"async\" class=\"alignleft\" style=\"margin-left: 0px;margin-right: 10px\" src=\"http:\/\/ariresearch.org\/it\/wp-content\/uploads\/2011\/02\/internet-the-engine-of-change.jpg\" alt=\"immagine20\" width=\"155\" height=\"90\" \/><strong>Per anni, siamo stati passivi, guardando e ascoltando qualsiasi cosa che veniva trasmessa in onda, e leggendo qualsiasi cosa che fosse scritto nei giornali e nelle riviste.<\/strong> Ed eravamo praticamente incapaci di portare qualsiasi cambiamento al mondo intorno a noi.\u00a0\u00a0 Poi \u00e8 arrivato internet e ha cambiato il mondo. Internet ha rivoluzionato i media quando ha introdotto <em>l\u2019interattivit\u00e0<\/em>.<!--more--><\/p>\n<p>Internet ha creato la piattaforma perfetta per connettere l\u2019intera umanit\u00e0 in una singola rete.\u00a0 Il numero di utilizzatori mondiali di internet \u00e8 gi\u00e0 a miliardi.\u00a0 \u00c8 solo questione di tempo prima che divenga pi\u00f9 diffuso della televisione.\u00a0 Come \u00e8 stato recentemente dimostrato da un gran numero di eventi globali, internet gioca un ruolo potente nella societ\u00e0, capace di incitare, se non iniziare, rivoluzioni.<\/p>\n<p>Oggigiorno, la massa di utenti d\u2019internet pu\u00f2 fare qualsiasi cosa, dal causare una crescita o una caduta delle popstar, la crescita o la caduta di una despota. Grazie ad internet, processi sociali e culturali, come la recente rivoluzione nel mondo arabo, sono accelerati e ampiamente pubblicizzati.\u00a0 Internet ci permette di dar inizio ad una campagna globale di abbracci, vendicare aziende fraudolenti, promuovere film antiestablishment e facilitare l\u2019elezione dei nuovi presidenti dal popolo.<\/p>\n<p>Con un semplice click del mouse, possiamo essere in qualsiasi parte del mondo e comunicare con quasi qualsiasi persona sulla terra.<\/p>\n<p><strong>Il Futuro \u00e8 Qui<\/strong><\/p>\n<p>Infatti internet \u00e8 diventato lo strumento che permette la promozione di idee, un\u2019arena aperta per le discussioni, e un posto che\u00a0 pu\u00f2 motivare la gente ad agire.\u00a0 Proprio per questo, internet pu\u00f2 servire come un\u2019infrastruttura comune che facilita la nostra uscita dalla crisi multidimensionale che stiamo ora vivendo.\u00a0 A differenza dalle altre crisi, questa crisi viene accompagnata da una rete di comunicazione vastamente sviluppata, che penetra quasi ogni casa che ha corrente elettrica, e in cui miliardi di messaggi di comunicazioni vengono scambiati quotidianamente.<\/p>\n<p>Quindi, proprio per via della crisi e delle trasformazioni che stanno avvenendo nell\u2019era di comunicazione di oggi, internet si \u00e8 evoluto in un sistema chiave per entrare e muoversi in questo nuovo mondo.\u00a0 Dobbiamo usare la rete per sostenere idee che connettono la gente, lavorare per rafforzare i nostri collegamenti, condividere informazioni, e creare sistemi di sostegno virtuali.<\/p>\n<p>L\u2019unico ostacolo che impedisce all\u2019umanit\u00e0 di raggiungere questa considerazione, di cui abbiamo tanto bisogno, degli altri e della Natura, \u00e8 il nostro stesso \u201cseparatismo\u201d. Attualmente stiamo cercando di risolvere la crisi trattando i sintomi e non la causa.\u00a0 Stiamo usando quantit\u00e0 enormi di energia e risorse cercando di fare cose come eliminare la povert\u00e0, promuovere i diritti umani e democrazia,\u00a0 impedire il crollo ecologico del pianeta, impedire lo sfruttamento e combattere la corruzione.\u00a0 Questi sono s\u00ec delle giuste cause, ma non riusciremo mai a risolverle prima di aver risolto la questione radice dell\u2019egocentrismo umano che le causa.<\/p>\n<p>Potremo provocare un cambiamento globale in ogni sfera della vita, ma per fare questo abbiamo bisogno di un posto, di un&#8217;arena dove la parola sia libera, globale e accessibile a tutti; e internet rappresenta precisamente quell\u2019arena.\u00a0 In essa, possiamo e dovremo stabilire discussioni creative e pluralistiche sui modi di creare nuovi ordini finanziari ed ecologici che siano giusti e rispettosi verso tutti, e che permetta alle iniziative personali di fiorire per il beneficio di tutti.<\/p>\n<p>Oggi esiste la tecnologia per portare tutti insieme.\u00a0 Appena riusciamo ad unire tutti intorno a questa idea potremo promuovere nuove idee di collaborazione e reciprocit\u00e0, e generare il cambiamento positivo globale che \u00e8 necessario, molto rapidamente.<\/p>\n<p><strong>Verso una Connessione pi\u00f9 Profonda.<\/strong><\/p>\n<p>Nella lezione intitolata \u201c<a href=\"http:\/\/www.youtube.com\/watch?v=TPAO-lZ4_hU\">The Anthropology of YouTube<\/a>,\u201d\u00a0 (l\u2019antropologia di YouTube)\u00a0 nella Biblioteca del Congresso il 23 Giugno 2008, Prof. Michael Wesch, un antropologo di rilievo dell&#8217;universit\u00e0 del Kansas , ha dimostrato il nuovo bisogno che aveva trovato in rete: <em>\u201cStiamo diventando sempre pi\u00f9 individualistici\u201d ha detto. <\/em> <em>\u201cMa molti di noi hanno un valore e un desiderio molto forte per la comunit\u00e0.\u00a0 Quindi pi\u00f9 individuali diventiamo e pi\u00f9 sentiamo il bisogno di questa comunit\u00e0\u201d<\/em> <span style=\"text-decoration: underline\">Barry Wellman, <\/span>direttore di <strong>NetLabs<\/strong> e professore di Sociologia all&#8217;universit\u00e0 di Toronto, ha spiegato che stiamo vivendo <em>\u201cl\u2019individualismo di rete\u201d.<\/em> Wesch afferma che questo bisogno riflette\u00a0 il bisogno per un valore culturale che fondamentalmente manca nelle nostre vite &#8211; la connessione.<\/p>\n<p>La frizione tra i nostri ego che crescono, che cercano di staccarci l\u2019uno dall\u2019altro, e la direzione del nostro sviluppo verso il diventare una famiglia globale, pu\u00f2 produrre una connessione migliore, pi\u00f9 sostenibile tra di noi.\u00a0 Possiamo sollevarci al di sopra delle barriere che ci dividono &#8211; razza, cultura, sesso, lingua e religione &#8211; e senza negare la nostra unicit\u00e0 indigena, trovare un punto pi\u00f9 profondo di connessione che esiste realmente al di sotto delle nostre differenze superficiali.<\/p>\n<p>&nbsp;<\/p>\n<p><a href=\"http:\/\/ariresearch.org\/crisis-resolution\/internet%E2%80%94the-engine-of-change\">http:\/\/ariresearch.org\/crisis-resolution\/internet%E2%80%94the-engine-of-change<\/a><\/p>\n","protected":false},"excerpt":{"rendered":"<p>Per anni, siamo stati passivi, guardando e ascoltando qualsiasi cosa che veniva trasmessa in onda, e leggendo qualsiasi cosa che fosse scritto nei giornali e nelle riviste. Ed eravamo praticamente incapaci di portare qualsiasi cambiamento al mondo intorno a noi.\u00a0\u00a0<span class=\"ellipsis\">&hellip;<\/span><\/p>\n<div class=\"read-more\"><a href=\"https:\/\/www.michaellaitman.com\/it\/internet-il-motore-del-cambiamento\/\">Leggi altro &#8250;<\/a><\/div>\n<p><!-- end of .read-more --><\/p>\n","protected":false},"author":39,"featured_media":0,"parent":0,"menu_order":0,"comment_status":"open","ping_status":"open","template":"","meta":{"ngg_post_thumbnail":0,"footnotes":""},"class_list":["post-256","page","type-page","status-publish","hentry"],"_links":{"self":[{"href":"https:\/\/www.michaellaitman.com\/it\/wp-json\/wp\/v2\/pages\/256","targetHints":{"allow":["GET"]}}],"collection":[{"href":"https:\/\/www.michaellaitman.com\/it\/wp-json\/wp\/v2\/pages"}],"about":[{"href":"https:\/\/www.michaellaitman.com\/it\/wp-json\/wp\/v2\/types\/page"}],"author":[{"embeddable":true,"href":"https:\/\/www.michaellaitman.com\/it\/wp-json\/wp\/v2\/users\/39"}],"replies":[{"embeddable":true,"href":"https:\/\/www.michaellaitman.com\/it\/wp-json\/wp\/v2\/comments?post=256"}],"version-history":[{"count":0,"href":"https:\/\/www.michaellaitman.com\/it\/wp-json\/wp\/v2\/pages\/256\/revisions"}],"wp:attachment":[{"href":"https:\/\/www.michaellaitman.com\/it\/wp-json\/wp\/v2\/media?parent=256"}],"curies":[{"name":"wp","href":"https:\/\/api.w.org\/{rel}","templated":true}]}}