{"id":138,"date":"2012-09-26T08:04:27","date_gmt":"2012-09-26T08:04:27","guid":{"rendered":"http:\/\/dev.michaellaitman.kbb1.com\/?page_id=138"},"modified":"2015-08-06T11:50:14","modified_gmt":"2015-08-06T11:50:14","slug":"what-is-integral-education","status":"publish","type":"page","link":"https:\/\/www.michaellaitman.com\/it\/integral-education\/what-is-integral-education\/","title":{"rendered":"Educazione integrale"},"content":{"rendered":"<p>Michael Laitman \u00e8 un pensatore globale che si \u00e8 specializzato nel creare un movimento di trasformazione nella societ\u00e0 attraverso una nuova educazione globale che egli vede come la chiave per risolvere i problemi pi\u00f9 urgenti del nostro tempo. La sua visione per risolvere la crisi globale a tutti i livelli,inclusa l\u2019istruzione, il cambiamento climatico,la fame e tutti i problemi sociali ed economici, richiede l\u2019attualizzazione di un nuovo programma educativo totale , integrale e globale.<\/p>\n<h1>Educazione Integrale Principi<\/h1>\n<p>Il mondo nel quale viviamo \u00e8 un sistema vasto,meraviglioso ed intricato. Ogni parte di esso \u00e8 connessa e dipende da tutte le altre. Per molti decenni tale complessit\u00e0 ci \u00e8 stata nascosta. Vedevamo il mondo come un insieme di elementi che non erano necessariamente connessi l\u2019un l\u2019altro e certamente non interdipendenti come stiamo scoprendo ora.<\/p>\n<p>All\u2019interno dei sistemi educativi attuali, la percezione della realt\u00e0 come elementi separati divisi in singoli argomenti \u00e8 ancora il paradigma predominante. La nuova visione integrale parla del mondo come di un sistema interconnesso. Questa percezione \u00e8 la base dell\u2019Educazione Integrale e perci\u00f2 definisce un nuovo approccio integrato all\u2019insegnamento. Facendo cos\u00ec ci introduce in una percezione integrata della realt\u00e0 per allinearci con la realt\u00e0 integrata di oggi. Nel metodo dell\u2019educazione integrale gli studenti non studiano gli argomenti in modo separato e lineare.<\/p>\n<p>Piuttosto ogni argomento viene presentato da una prospettiva \u201ccircolare\u201d mostrando la sua connessione a tutti gli altri temi.<\/p>\n<hr \/>\n<p>&nbsp;<\/p>\n<p><iframe loading=\"lazy\" title=\"Principi di Educazione Integrale\" width=\"550\" height=\"309\" src=\"https:\/\/www.youtube.com\/embed\/videoseries?list=PLgNk9CcA1PT90JXsIkFsADIGLwxskt9qH\" frameborder=\"0\" allow=\"accelerometer; autoplay; clipboard-write; encrypted-media; gyroscope; picture-in-picture; web-share\" referrerpolicy=\"strict-origin-when-cross-origin\" allowfullscreen><\/iframe><\/p>\n<div class=\"grid_2 alpha\"><\/div>\n<div id=\"post-1310\" class=\"grid_8 entry\">\n<h1>Incontri con le Nazioni Unite e L\u2019UNESCO<\/h1>\n<p>Dott. Laitman ha condiviso recentemente I principi di questo nuovo paradigma educativo ed i benefici della collaborazione totale e congiunta con il Deputato Segretario Generale delle Nazioni Unite Dott. Asha-Rose Migiro, nella sede centrale della Nazioni Unite A New York.<br \/>\nLa variet\u00e0 della sua preparazione accademica in scienze difficili, humanistiche e la sua ricerca nel campo dell\u2019istruzione ne fa uno dei pi\u00f9 ricercati pensatori ed oratori al mondo.<br \/>\n<img decoding=\"async\" class=\"aligncenter size-full wp-image-520\" src=\"http:\/\/www.michaellaitman.com\/it\/wp-content\/uploads\/2012\/09\/meetings.jpg\" alt=\"meetings\" width=\"560\" \/><\/p>\n<ul>\n<li>Proposta di un metodo di educazione integrale presentata in Francia al Direttore Generale dell\u2019UNESCO Sig.ra Irina Bokova .<\/li>\n<li>Partecipazione alla valutazione annuale dell\u2019UNESCO sul \u201dResoconto del Monitoraggio Globale per l\u2019Istruzione per Tutti\u201d presso la Columbia University, New York.<\/li>\n<li>Partecipazione a \u201c Costruendo la Pace : Riconciliazione tramite l\u2019Istruzione, le Scienze, la Cultura e la Comunicazione\u201d tenutosi nella sede centrale delle Nazioni Unite a New York.<\/li>\n<li>Partecipazione a Mosca alla conferenza dell\u2019UNESCO \u201c Partecipazione Giovanile nelle Trasformazioni Sociali : Iniziative e Partecipazione\u201d.<\/li>\n<li>Partecipazione alla XXIIV Conferenza Internazionale sulle Donne Guida su \u201cScienza, Tecnologia ed Innovazione: Istruzione e Tirocinio per Donne e Ragazze,\u201d organizzato dall\u2019UNESCO.<\/li>\n<li>Proposta \u201cIstruzione Integrale e Globale come Soluzione alla Crisi\u201d presentata al XVIII Forum dei Ministri per lo Sviluppo Sociale dell\u2019 America Latina organizzato dall\u2019UNESCO, in El Salvador.<\/li>\n<li>Proposta \u201cIstruzione Integrale e Globale come Soluzione alla Crisi\u201d presentata al Vice Segretario Generale delle Nazioni Unite Dott. Asha Rose Migiro.<\/li>\n<li>Presentazione \u201cKids Bonding Through Sports Games\u201d ( L\u2019unione dei ragazzi attraverso I giochi sportivi) presentata alla Conferenza Internazionale dell\u2019ICSSPE sullo Sport per lo Sviluppo e la Pace.<\/li>\n<li>Partecipazione a \u201c Donne Fautrici dello Sviluppo per Sfide Globali\u201d simposio a Parigi come parte del progetto internazionale Millenia 2015 .<\/li>\n<li>Proposta di un corso di educazione integrale come soluzione per gestire il crescente numero di disoccupati presentata al Segretario Generale delle Nazioni Unite Ban Ki-Moon.<\/li>\n<\/ul>\n<h2>Proposte \/ Presentazioni<\/h2>\n<ul>\n<li><a href=\"http:\/\/www.comeunfasciodicanne.it\/files\/SCUOLA DELLA GLOBALIZZAZIONE PER CITTADINI DI UN MONDO INTERCONNESSO.pdf\" target=\"_blank\">Scuola di Globalizzazione per Cittadini di un Mondo Interconnesso &#8211; Panoramica<\/a><\/li>\n<li><a href=\"http:\/\/www.comeunfasciodicanne.it\/files\/ISTITUTOARI_Impegno_reciproco.pdf\" target=\"_blank\">Verso un Impegno Mutuo<\/a><\/li>\n<li><a href=\"http:\/\/www.comeunfasciodicanne.it\/files\/Noi il MONDO.pdf\" target=\"_blank\">Noi , il Mondo<\/a><\/li>\n<li><a href=\"http:\/\/www.comeunfasciodicanne.it\/files\/women-leaders-conference-presentation_ari-institute.pdf\" target=\"_blank\">Presentazione della Conferenza delle donne leader<\/a><\/li>\n<\/ul>\n<div><\/div>\n<h2>ARTICOLI<\/h2>\n<ul>\n<li><a href=\"http:\/\/www.michaellaitman.com\/it\/lettera-alle-personalita-influenti-prima-del-vertice-del-g-20-a-cannes\/\">Lettera alle Autorit\u00e0 prima della Riunione del G20 di Cannes<\/a><\/li>\n<li><a href=\"http:\/\/www.michaellaitman.com\/it\/educazione-globale-come-rimedio-alla-crisi\/\">Educazione Globale come Rimedio per la Crisi<\/a><\/li>\n<li><a href=\"http:\/\/www.michaellaitman.com\/it\/la-soluzione-della-crisi-educare-al-globalismo\/\">La Soluzione alla Crisi : Educazione alla Globalit\u00e0<\/a><\/li>\n<li><a href=\"http:\/\/www.michaellaitman.com\/it\/internet-il-motore-del-cambiamento\/\">Internet : il Motore del Cambiamento<\/a><\/li>\n<li><a href=\"http:\/\/www.michaellaitman.com\/it\/una-buona-educazione\/\">La Buona Educazione<\/a><\/li>\n<li><a href=\"http:\/\/www.michaellaitman.com\/it\/clima-la-palla-e-nel-nostro-campo\/\">Clima: La Palla \u00e8 nel Nostro Campo<\/a><\/li>\n<\/ul>\n<div class=\"fix\"><\/div>\n<\/div>\n<p><!--\/entry--><br \/>\n<!-- content-in #end --><\/p>\n<div class=\"tab-content\"><\/div>\n","protected":false},"excerpt":{"rendered":"<p>Michael Laitman \u00e8 un pensatore globale che si \u00e8 specializzato nel creare un movimento di trasformazione nella societ\u00e0 attraverso una nuova educazione globale che egli vede come la chiave per risolvere i problemi pi\u00f9 urgenti del nostro tempo. La sua<span class=\"ellipsis\">&hellip;<\/span><\/p>\n<div class=\"read-more\"><a href=\"https:\/\/www.michaellaitman.com\/it\/integral-education\/what-is-integral-education\/\">Leggi altro &#8250;<\/a><\/div>\n<p><!-- end of .read-more --><\/p>\n","protected":false},"author":1,"featured_media":0,"parent":64,"menu_order":0,"comment_status":"open","ping_status":"open","template":"content-sidebar-page.php","meta":{"ngg_post_thumbnail":0,"footnotes":""},"class_list":["post-138","page","type-page","status-publish","hentry"],"_links":{"self":[{"href":"https:\/\/www.michaellaitman.com\/it\/wp-json\/wp\/v2\/pages\/138","targetHints":{"allow":["GET"]}}],"collection":[{"href":"https:\/\/www.michaellaitman.com\/it\/wp-json\/wp\/v2\/pages"}],"about":[{"href":"https:\/\/www.michaellaitman.com\/it\/wp-json\/wp\/v2\/types\/page"}],"author":[{"embeddable":true,"href":"https:\/\/www.michaellaitman.com\/it\/wp-json\/wp\/v2\/users\/1"}],"replies":[{"embeddable":true,"href":"https:\/\/www.michaellaitman.com\/it\/wp-json\/wp\/v2\/comments?post=138"}],"version-history":[{"count":2,"href":"https:\/\/www.michaellaitman.com\/it\/wp-json\/wp\/v2\/pages\/138\/revisions"}],"predecessor-version":[{"id":963,"href":"https:\/\/www.michaellaitman.com\/it\/wp-json\/wp\/v2\/pages\/138\/revisions\/963"}],"up":[{"embeddable":true,"href":"https:\/\/www.michaellaitman.com\/it\/wp-json\/wp\/v2\/pages\/64"}],"wp:attachment":[{"href":"https:\/\/www.michaellaitman.com\/it\/wp-json\/wp\/v2\/media?parent=138"}],"curies":[{"name":"wp","href":"https:\/\/api.w.org\/{rel}","templated":true}]}}