{"id":123,"date":"2012-09-25T16:06:34","date_gmt":"2012-09-25T16:06:34","guid":{"rendered":"http:\/\/dev.michaellaitman.kbb1.com\/?page_id=123"},"modified":"2012-11-01T13:49:58","modified_gmt":"2012-11-01T13:49:58","slug":"the-psychology-of-the-integral-society","status":"publish","type":"page","link":"https:\/\/www.michaellaitman.com\/it\/books\/the-psychology-of-the-integral-society\/","title":{"rendered":"La Psicologia della Societ\u00e0 Integrale"},"content":{"rendered":"<p><em>La psicologia della societ\u00e0 integrale<\/em> presenta un approccio all&#8217;educazione rivoluzionario.\u00a0 In un mondo interconnesso e interdipendente insegnare ai bambini a competere con i loro coetanei \u00e8 tanto \u201csaggio\u201d quanto insegnare alla mano sinistra a raggirare la sua compagna, la mano destra.\u00a0 Una societ\u00e0 integrale \u00e8 quella in cui ogni sua parte contribuisce al benessere e al successo della societ\u00e0 stessa.\u00a0 La societ\u00e0, a sua volta, \u00e8 responsabile e si prende cura del benessere e del successo dei suoi membri, formando cos\u00ec la co-dipendenza.\u00a0 In un mondo globale e integrale, questa \u00e8 l&#8217;unica maniera sensata e sostenibile in cui vivere.<\/p>\n<p>In questo libro una serie di dialoghi tra il professor Michael Laitman e il professor Anatoly Ulianov fanno luce sui principi di un approccio educativo illuminante.\u00a0 L&#8217;assenza della competizione, crescere tramite l&#8217;ambiente sociale, l\u2019uguaglianza tra coetanei, premiare chi d\u00e0 e la composizione dinamica dei gruppi e dei loro istruttori sono solo alcuni dei concetti che questo nuovo approccio introduce, in questo libro fondamentale per tutti coloro che desiderano diventare genitori migliori, insegnanti migliori o persone migliori nella societ\u00e0 integrale del XXI secolo.<\/p>\n<p>&nbsp;<\/p>\n","protected":false},"excerpt":{"rendered":"<p>La psicologia della societ\u00e0 integrale presenta un approccio all&#8217;educazione rivoluzionario.\u00a0 In un mondo interconnesso e interdipendente insegnare ai bambini a competere con i loro coetanei \u00e8 tanto \u201csaggio\u201d quanto insegnare alla mano sinistra a raggirare la sua compagna, la mano<span class=\"ellipsis\">&hellip;<\/span><\/p>\n<div class=\"read-more\"><a href=\"https:\/\/www.michaellaitman.com\/it\/books\/the-psychology-of-the-integral-society\/\">Leggi altro &#8250;<\/a><\/div>\n<p><!-- end of .read-more --><\/p>\n","protected":false},"author":1,"featured_media":124,"parent":40,"menu_order":4,"comment_status":"open","ping_status":"open","template":"sidebar-content-page.php","meta":{"ngg_post_thumbnail":0,"footnotes":""},"class_list":["post-123","page","type-page","status-publish","has-post-thumbnail","hentry"],"_links":{"self":[{"href":"https:\/\/www.michaellaitman.com\/it\/wp-json\/wp\/v2\/pages\/123","targetHints":{"allow":["GET"]}}],"collection":[{"href":"https:\/\/www.michaellaitman.com\/it\/wp-json\/wp\/v2\/pages"}],"about":[{"href":"https:\/\/www.michaellaitman.com\/it\/wp-json\/wp\/v2\/types\/page"}],"author":[{"embeddable":true,"href":"https:\/\/www.michaellaitman.com\/it\/wp-json\/wp\/v2\/users\/1"}],"replies":[{"embeddable":true,"href":"https:\/\/www.michaellaitman.com\/it\/wp-json\/wp\/v2\/comments?post=123"}],"version-history":[{"count":0,"href":"https:\/\/www.michaellaitman.com\/it\/wp-json\/wp\/v2\/pages\/123\/revisions"}],"up":[{"embeddable":true,"href":"https:\/\/www.michaellaitman.com\/it\/wp-json\/wp\/v2\/pages\/40"}],"wp:featuredmedia":[{"embeddable":true,"href":"https:\/\/www.michaellaitman.com\/it\/wp-json\/wp\/v2\/media\/124"}],"wp:attachment":[{"href":"https:\/\/www.michaellaitman.com\/it\/wp-json\/wp\/v2\/media?parent=123"}],"curies":[{"name":"wp","href":"https:\/\/api.w.org\/{rel}","templated":true}]}}