{"id":105,"date":"2012-09-25T12:29:33","date_gmt":"2012-09-25T12:29:33","guid":{"rendered":"http:\/\/dev.michaellaitman.kbb1.com\/?page_id=105"},"modified":"2015-04-08T21:47:13","modified_gmt":"2015-04-08T21:47:13","slug":"about","status":"publish","type":"page","link":"https:\/\/www.michaellaitman.com\/it\/about\/","title":{"rendered":"Dott. Michael Laitman"},"content":{"rendered":"<p style=\"text-align: left\" align=\"center\"><strong><a href=\"http:\/\/www.michaellaitman.com\/about\/img_3070_abrener-2\/\" rel=\"attachment wp-att-110\"><img loading=\"lazy\" decoding=\"async\" class=\"alignleft size-full wp-image-110\" src=\"http:\/\/www.michaellaitman.com\/it\/wp-content\/uploads\/2012\/09\/IMG_3070_abrener1.jpg\" alt=\"\" width=\"232\" height=\"224\" \/><\/a><\/strong><\/p>\n<p><strong>Michael Laitman \u00e8 professore di Ontologia e di Teoria della Conoscenza, dottore di ricerca in Filosofia e Master in Medicina Bio-Cibernetica .<\/strong><\/p>\n<p><strong>\u00c8 fondatore e presidente dell&#8217;Istituto ARI e Bnei Baruch Kabbalah Education e Research Institute.<\/strong><\/p>\n<p>Attraverso il sito Bnei Baruch, <a href=\"http:\/\/www.kab.info\">www.kab.info<\/a>, offre lezioni giornaliere dal vivo ad un pubblico di circa due milioni di persone in tutto il mondo, simultaneamente tradotte in otto lingue: inglese, spagnolo, ebraico,italiano, russo, francese, turco e tedesco.<\/p>\n<p>Il Dott. Laitman ha conseguito il dottorato in filosofia e Cabala presso l&#8217;Istituto di Mosca di Filosofia all&#8217;Accademia Russa delle Scienze e il suo Master in Medicina Bio-Cibernetica al Politecnico Universitario di Stato di San Pietroburgo. La sua vasta esperienza d\u2019 insegnamento gli ha conferito il titolo di Professore in Ontologia e Teoria della Conoscenza, dalla Commissione di Attestazione Accademica per la Massima Interdisciplinariet\u00e0 della Federazione Russa.<\/p>\n<p>Ad oggi, Laitman ha pubblicato pi\u00f9 di 40 libri, tradotti in 18 lingue. Pubblicazioni degni di nota sono:<\/p>\n<ul>\n<li><em><a href=\"http:\/\/www.comeunfasciodicanne.it\/\" target=\"_blank\">Come un \u00a0fascio di canne: perch\u00e9 l\u2019unit\u00e0 e \u00a0 la garanzia reciproca sono la chiamata del momento<\/a><\/em>, sul quale il Prof. Kalman J. Kaplan dell\u2019 Universit\u00e0 di Chicago ha scritto, &#8220;Questo \u00e8 un libro profondamente intelligente, a tutto tondo e altamente leggibile che sonda seri problemi della nostra epoca: il ruolo degli ebrei nella storia, il rapporto tra individualit\u00e0 e comunit\u00e0, l&#8217;ubiquit\u00e0 dell\u2019 antisemitismo e il suo continuo evolversi in\u00a0nuove forme maligne &#8220;.<\/li>\n<li><em><a href=\"http:\/\/www.michaellaitman.com\/it\/books\/a-guide-to-the-new-world\/\" target=\"_blank\">Una guida per il nuovo mondo: perch\u00e9 la garanzia reciproca \u00e8 la chiave della nostra ripresa dalla crisi global<\/a>e<\/em>, sul quale il ForeWord Reviews scrisse, &#8220;Non ci pu\u00f2 essere alcun dubbio che il libro \u00e8 provocatorio e rinfrescante nel suo approccio alla visione della globalizzazione come una forza potenziale per un bene\u00a0sempre positivo\u201d.<\/li>\n<li><em><a href=\"http:\/\/www.michaellaitman.com\/books\/self-interest-vs-altruism\/\" target=\"_blank\">L\u2019Egoismo contro l\u2019 Altruismo nell\u2019Era Globale: come la societ\u00e0 pu\u00f2 trasformare gli egoismi in vantaggio reciproco<\/a><\/em>\u00a0, che Midwest Book Review ha elogiato con le seguenti parole: &#8220;Afferma che il futuro della societ\u00e0 si basa sulla collaborazione delle persone nel lavorare insieme per la societ\u00e0, dice che il grande degrado della societ\u00e0 negli ultimi decenni \u00e8 stato il risultato del narcisismo e dell\u2019 avidit\u00e0, L\u2019Egoismo contro l\u2019Altruismo \u00e8 una\u00a0lettura curiosa e \u00a0suggerita &#8220;.<\/li>\n<li><em><a href=\"http:\/\/www.michaellaitman.com\/it\/books\/the-psychology-of-the-integral-society\/\" target=\"_blank\">La Psicologia della Societ\u00e0 Integrale<\/a><\/em>, consigliato anche dal ForeWord Reviews: &#8220;Ci\u00f2 che \u00e8 espresso in Psicologia della Societ\u00e0 Integrale dovrebbe far pensare alle persone.<\/li>\n<\/ul>\n<p>Il Dott. Laitman collabora con numerosi istituti di ricerca internazionali. E &#8216;stato invitato a partecipare al Consiglio Mondiale per la Saggezza (WWC), una seduta d\u2019 idee convocata dal Club di Budapest e diretto dal Prof. Ervin Laszlo, candidato al Premio Nobel nel 2004 e 2005. Altri personaggi di rilievo del WWC sono l\u2019 ex presidente dell\u2019 Unione Sovietica Michael Gorbaciov, premio Nobel , la primatologa Jane Goodall ed il rinomato compositore e artista, Peter Gabriel.<\/p>\n<p>Negli ultimi anni, ha partecipato a numerosi eventi internazionali con il WWC e la Fondazione per la Pace Goi in Tokyo, ad Arosa (Svizzera), a D\u00fcsseldorf (Germania), e al Forum Universale delle Culture di Monterrey (Messico), organizzato con il sostegno dell\u2019 UNESCO. L&#8217;obiettivo in tutti questi eventi \u00e8 stato quello di avviare un dialogo produttivo riguardante la crisi globale e dare il via ad un cambiamento positivo nella consapevolezza globale. Come parte dei suoi sforzi, s\u2019 incontra regolarmente con i leader mondiali, come il Direttore generale dell&#8217;UNESCO Irina Bokova , che lo ha definito un &#8220;vero visionario&#8221; e il vicesegretario generale delle Nazioni Unite Dott. Asha-Rose Migiro .<\/p>\n<p>Articoli e interviste di Michael Laitman sono apparsi su importanti media come Bloomberg TV, Fox News (Radio), il Chicago Tribune, il Corriere della Sera ed il Miami Herald.<\/p>\n<p>E &#8216;sposato, padre di tre figli, e nonno di quattro nipoti.<\/p>\n","protected":false},"excerpt":{"rendered":"<p>Michael Laitman \u00e8 professore di Ontologia e di Teoria della Conoscenza, dottore di ricerca in Filosofia e Master in Medicina Bio-Cibernetica . \u00c8 fondatore e presidente dell&#8217;Istituto ARI e Bnei Baruch Kabbalah Education e Research Institute. Attraverso il sito Bnei<span class=\"ellipsis\">&hellip;<\/span><\/p>\n<div class=\"read-more\"><a href=\"https:\/\/www.michaellaitman.com\/it\/about\/\">Leggi altro &#8250;<\/a><\/div>\n<p><!-- end of .read-more --><\/p>\n","protected":false},"author":1,"featured_media":0,"parent":0,"menu_order":0,"comment_status":"open","ping_status":"open","template":"content-sidebar-page.php","meta":{"ngg_post_thumbnail":0,"footnotes":""},"class_list":["post-105","page","type-page","status-publish","hentry"],"_links":{"self":[{"href":"https:\/\/www.michaellaitman.com\/it\/wp-json\/wp\/v2\/pages\/105","targetHints":{"allow":["GET"]}}],"collection":[{"href":"https:\/\/www.michaellaitman.com\/it\/wp-json\/wp\/v2\/pages"}],"about":[{"href":"https:\/\/www.michaellaitman.com\/it\/wp-json\/wp\/v2\/types\/page"}],"author":[{"embeddable":true,"href":"https:\/\/www.michaellaitman.com\/it\/wp-json\/wp\/v2\/users\/1"}],"replies":[{"embeddable":true,"href":"https:\/\/www.michaellaitman.com\/it\/wp-json\/wp\/v2\/comments?post=105"}],"version-history":[{"count":1,"href":"https:\/\/www.michaellaitman.com\/it\/wp-json\/wp\/v2\/pages\/105\/revisions"}],"predecessor-version":[{"id":174,"href":"https:\/\/www.michaellaitman.com\/it\/wp-json\/wp\/v2\/pages\/105\/revisions\/174"}],"wp:attachment":[{"href":"https:\/\/www.michaellaitman.com\/it\/wp-json\/wp\/v2\/media?parent=105"}],"curies":[{"name":"wp","href":"https:\/\/api.w.org\/{rel}","templated":true}]}}