{"id":10,"date":"2012-09-19T11:29:28","date_gmt":"2012-09-19T11:29:28","guid":{"rendered":"http:\/\/dev.michaellaitman.kbb1.com\/?page_id=10"},"modified":"2012-11-01T14:39:34","modified_gmt":"2012-11-01T14:39:34","slug":"economic-outlook","status":"publish","type":"page","link":"https:\/\/www.michaellaitman.com\/it\/person\/economic-outlook\/","title":{"rendered":"Il punto di vista economico"},"content":{"rendered":"<div id=\"attachment_128\" style=\"width: 210px\" class=\"wp-caption alignleft\"><a href=\"http:\/\/www.michaellaitman.com\/person\/economic-outlook\/index_img_5\/\" rel=\"attachment wp-att-128\"><img loading=\"lazy\" decoding=\"async\" aria-describedby=\"caption-attachment-128\" class=\"size-full wp-image-128\" src=\"http:\/\/www.michaellaitman.com\/it\/wp-content\/uploads\/2012\/09\/index_img_5.jpg\" alt=\"Intervista con Mike Schneider, da &quot;Night Talk&quot;, a Bloomberg TV\" width=\"200\" height=\"161\" \/><\/a><p id=\"caption-attachment-128\" class=\"wp-caption-text\">Intervista con Mike Schneider, da &#8220;Night Talk&#8221;, a Bloomberg TV<\/p><\/div>\n<p>Se comprenderemo l&#8217;impatto cruciale che hanno le relazioni tra persone sull&#8217;economia, capiremo il tipo di sistema economico che dobbiamo costruire in modo che esso possa organizzare strutture in modo efficace e mantenere la stabilit\u00e0. Quando i sistemi economici e finanziari si adatteranno al mondo integrale-globale, dove i legami economici oltrepassano i confini e le aziende, dove la persone dipendono e si influenzano reciprocamente, si assicurer\u00e0 la stabilit\u00e0 del sistema socio-economico.  Soltanto allora il sistema sar\u00e0 in grado di evitare gli shock e le crisi frequenti che oggi stanno facendo cos\u00ec tante vittime.<\/p>\n<p>Eppure non \u00e8 solo l&#8217;economia che deve cambiare, visto che i sistemi economici e finanziari costituiscono il riflesso delle relazioni umane; l&#8217;intera comunit\u00e0 internazionale deve fornire soluzioni per ristrutturare il sistema dei rapporti umani. Quando le nostre relazioni cominceranno a dirigersi verso la connessione, l&#8217;unione, la coesione sociale, il prendersi cura degli altri e la preoccupazione sociale, sapremo come modificare il paradigma economico nella maniera adatta.   <\/p>\n","protected":false},"excerpt":{"rendered":"<p>Se comprenderemo l&#8217;impatto cruciale che hanno le relazioni tra persone sull&#8217;economia, capiremo il tipo di sistema economico che dobbiamo costruire in modo che esso possa organizzare strutture in modo efficace e mantenere la stabilit\u00e0. Quando i sistemi economici e finanziari<span class=\"ellipsis\">&hellip;<\/span><\/p>\n<div class=\"read-more\"><a href=\"https:\/\/www.michaellaitman.com\/it\/person\/economic-outlook\/\">Leggi altro &#8250;<\/a><\/div>\n<p><!-- end of .read-more --><\/p>\n","protected":false},"author":1,"featured_media":0,"parent":56,"menu_order":2,"comment_status":"open","ping_status":"open","template":"sidebar-content-page.php","meta":{"ngg_post_thumbnail":0,"footnotes":""},"class_list":["post-10","page","type-page","status-publish","hentry"],"_links":{"self":[{"href":"https:\/\/www.michaellaitman.com\/it\/wp-json\/wp\/v2\/pages\/10","targetHints":{"allow":["GET"]}}],"collection":[{"href":"https:\/\/www.michaellaitman.com\/it\/wp-json\/wp\/v2\/pages"}],"about":[{"href":"https:\/\/www.michaellaitman.com\/it\/wp-json\/wp\/v2\/types\/page"}],"author":[{"embeddable":true,"href":"https:\/\/www.michaellaitman.com\/it\/wp-json\/wp\/v2\/users\/1"}],"replies":[{"embeddable":true,"href":"https:\/\/www.michaellaitman.com\/it\/wp-json\/wp\/v2\/comments?post=10"}],"version-history":[{"count":1,"href":"https:\/\/www.michaellaitman.com\/it\/wp-json\/wp\/v2\/pages\/10\/revisions"}],"predecessor-version":[{"id":167,"href":"https:\/\/www.michaellaitman.com\/it\/wp-json\/wp\/v2\/pages\/10\/revisions\/167"}],"up":[{"embeddable":true,"href":"https:\/\/www.michaellaitman.com\/it\/wp-json\/wp\/v2\/pages\/56"}],"wp:attachment":[{"href":"https:\/\/www.michaellaitman.com\/it\/wp-json\/wp\/v2\/media?parent=10"}],"curies":[{"name":"wp","href":"https:\/\/api.w.org\/{rel}","templated":true}]}}