{"id":70,"date":"2012-09-23T21:43:24","date_gmt":"2012-09-23T21:43:24","guid":{"rendered":"http:\/\/dev.michaellaitman.kbb1.com\/?page_id=70"},"modified":"2019-03-15T15:22:12","modified_gmt":"2019-03-15T15:22:12","slug":"self-interest-vs-altruism","status":"publish","type":"page","link":"https:\/\/www.michaellaitman.com\/hr\/books\/self-interest-vs-altruism\/","title":{"rendered":"Osobni interes protiv altruizma u globalnoj eri"},"content":{"rendered":"<p><em><span style=\"font-weight: 400\">Osobni interes protiv altruizma u globalnoj eri <\/span><\/em><span style=\"font-weight: 400\">predstavlja novu perspektivu na izazove s kojima se suo\u010dava dana\u0161nji svijet. Dr. Laitman pokazuje \u010ditatelju da su problemi svijeta posljedica rastu\u0107eg egoizma \u010dovje\u010danstva. U tom duhu, knjiga predla\u017ee na\u010dine na koje mo\u017eemo koristiti na\u0161 ego za dobrobit dru\u0161tva, a ne samo za vlastiti osobni interes.<\/span><span style=\"font-weight: 400\"><br \/>\n<\/span><span style=\"font-weight: 400\"><br \/>\n<\/span><span style=\"font-weight: 400\">Prva poglavlja nude jedinstveno razumijevanje postojanja \u010dovje\u010danstva na ovom planetu te utjecaja na\u0161eg kolektivnog egoizma na razvoj &nbsp;dru\u0161tva. Razumijevaju\u0107i ego i njegovo podrijetlo, \u010ditatelj stje\u010de novo shva\u0107anje globalnog integralnog postojanja kao lijek za dru\u0161tvene bolesti. Kasnija poglavlja obra\u0111uju na\u0161e aktualne dru\u0161tvene i politi\u010dke izazove te obja\u0161njavaju na koji na\u010din koristiti svoj ego kako bismo ih rije\u0161ili, umjesto da &nbsp;nastavimo trenuta\u010dnom silaznom putanjom \u010dovje\u010danstva.<\/span><\/p>\n<p><a title=\"KabbalahBooks.info\" href=\"http:\/\/kabbalahbooks.info\" target=\"_blank\" rel=\"noopener\">kabbalahbooks.info<\/a><br \/>\n&nbsp;<\/p>\n","protected":false},"excerpt":{"rendered":"<p>Osobni interes protiv altruizma u globalnoj eri predstavlja novu perspektivu na izazove s kojima se suo\u010dava dana\u0161nji svijet. Dr. Laitman pokazuje \u010ditatelju da su problemi svijeta posljedica rastu\u0107eg egoizma \u010dovje\u010danstva. U tom duhu, knjiga predla\u017ee na\u010dine na koje mo\u017eemo koristiti<span class=\"ellipsis\">&hellip;<\/span><\/p>\n<div class=\"read-more\"><a href=\"https:\/\/www.michaellaitman.com\/hr\/books\/self-interest-vs-altruism\/\">Read more &#8250;<\/a><\/div>\n<p><!-- end of .read-more --><\/p>\n","protected":false},"author":1,"featured_media":118,"parent":40,"menu_order":5,"comment_status":"open","ping_status":"closed","template":"sidebar-content-page.php","meta":{"ngg_post_thumbnail":0,"footnotes":""},"class_list":["post-70","page","type-page","status-publish","has-post-thumbnail","hentry"],"_links":{"self":[{"href":"https:\/\/www.michaellaitman.com\/hr\/wp-json\/wp\/v2\/pages\/70","targetHints":{"allow":["GET"]}}],"collection":[{"href":"https:\/\/www.michaellaitman.com\/hr\/wp-json\/wp\/v2\/pages"}],"about":[{"href":"https:\/\/www.michaellaitman.com\/hr\/wp-json\/wp\/v2\/types\/page"}],"author":[{"embeddable":true,"href":"https:\/\/www.michaellaitman.com\/hr\/wp-json\/wp\/v2\/users\/1"}],"replies":[{"embeddable":true,"href":"https:\/\/www.michaellaitman.com\/hr\/wp-json\/wp\/v2\/comments?post=70"}],"version-history":[{"count":1,"href":"https:\/\/www.michaellaitman.com\/hr\/wp-json\/wp\/v2\/pages\/70\/revisions"}],"predecessor-version":[{"id":72,"href":"https:\/\/www.michaellaitman.com\/hr\/wp-json\/wp\/v2\/pages\/70\/revisions\/72"}],"up":[{"embeddable":true,"href":"https:\/\/www.michaellaitman.com\/hr\/wp-json\/wp\/v2\/pages\/40"}],"wp:featuredmedia":[{"embeddable":true,"href":"https:\/\/www.michaellaitman.com\/hr\/wp-json\/wp\/v2\/media\/118"}],"wp:attachment":[{"href":"https:\/\/www.michaellaitman.com\/hr\/wp-json\/wp\/v2\/media?parent=70"}],"curies":[{"name":"wp","href":"https:\/\/api.w.org\/{rel}","templated":true}]}}