{"id":66,"date":"2012-09-23T21:36:40","date_gmt":"2012-09-23T21:36:40","guid":{"rendered":"http:\/\/dev.michaellaitman.kbb1.com\/?page_id=66"},"modified":"2019-03-15T15:19:54","modified_gmt":"2019-03-15T15:19:54","slug":"a-guide-to-the-new-world","status":"publish","type":"page","link":"https:\/\/www.michaellaitman.com\/hr\/books\/a-guide-to-the-new-world\/","title":{"rendered":"Vodi\u010d za novi svijet: za\u0161to je uzajamno jamstvo klju\u010d na\u0161eg oporavka od globalne krize"},"content":{"rendered":"<p><span style=\"font-weight: 400\">Za\u0161to 1% svjetske populacije posjeduje 40% bogatstva? Za\u0161to obrazovni sustavi \u0161irom svijeta proizvode nesretnu, slabo obrazovanu djecu? Za\u0161to postoji glad? Za\u0161to se cijene hrane pove\u0107avaju kada za sve postoji vi\u0161e nego dovoljno hrane? Za\u0161to jo\u0161 uvijek postoje zemlje u kojima ljudsko dostojanstvo i dru\u0161tvena pravda ne postoje? I kada i kako \u0107e se ove pogre\u0161ke ispraviti?<\/span><span style=\"font-weight: 400\"><br \/>\n<\/span><span style=\"font-weight: 400\"><br \/>\n<\/span><span style=\"font-weight: 400\">Tijekom 2011. ova su pitanja dotaknula srca stotina milijuna ljudi diljem svijeta. Potreba za dru\u0161tvenom pravdom postala je zahtjev oko kojeg se svi mogu ujediniti. Svi \u017eudimo za dru\u0161tvom u kojem \u0107emo se mo\u0107i osje\u0107ati sigurno, vjerovati svojim susjedima i jam\u010diti budu\u0107nost svojoj djeci. U takvom dru\u0161tvu svi \u0107e se brinuti za sve i razvijat \u0107e se uzajamno jamstvo, u kojem su svi jedni drugima jamci me\u0111usobnog blagostanja. <\/span><span style=\"font-weight: 400\"><br \/>\n<\/span><span style=\"font-weight: 400\"><br \/>\n<\/span><span style=\"font-weight: 400\">Unato\u010d svim izazovima, vjerujemo da je ta promjena mogu\u0107a i da mo\u017eemo prona\u0107i na\u010din kako da je provedemo. Stoga je knjiga koju dr\u017eite u rukama pozitivna i optimisti\u010dna.<\/span><span style=\"font-weight: 400\"><br \/>\n<\/span><span style=\"font-weight: 400\"><br \/>\n<\/span><span style=\"font-weight: 400\">Sada imamo jedinstvenu priliku posti\u0107i globalnu transformaciju na miran i ugodan na\u010din. <\/span><i><span style=\"font-weight: 400\">Vodi\u010d za novi svijet: za\u0161to je uzajamno jamstvo klju\u010d na\u0161eg oporavka od globalne krize<\/span><\/i><span style=\"font-weight: 400\"> poku\u0161ava nam pomo\u0107i utrti put prema tom cilju.<\/span><span style=\"font-weight: 400\"><br \/>\n<\/span><span style=\"font-weight: 400\"><br \/>\n<\/span><span style=\"font-weight: 400\">Knjiga je podijeljena na dva dijela i sadr\u017ei kazala. Prvi dio obja\u0161njava pojam me\u0111usobnog jamstva. Drugi dio prikazuje izgradnju novog dru\u0161tva utemeljenog na uzajamnom jamstvu i obnavlja na\u010dela iz prvog dijela. Kazala sadr\u017ee prethodne publikacije ARI Instituta koje detaljno opisuju svoje dru\u0161tvene, obrazovne i ekonomske ideologije.<\/span><\/p>\n<p><a title=\"KabbalahBooks.info\" href=\"http:\/\/kabbalahbooks.info\" target=\"_blank\" rel=\"noopener\">kabbalahbooks.info<\/a><br \/>\n&nbsp;<\/p>\n","protected":false},"excerpt":{"rendered":"<p>Za\u0161to 1% svjetske populacije posjeduje 40% bogatstva? Za\u0161to obrazovni sustavi \u0161irom svijeta proizvode nesretnu, slabo obrazovanu djecu? Za\u0161to postoji glad? Za\u0161to se cijene hrane pove\u0107avaju kada za sve postoji vi\u0161e nego dovoljno hrane? Za\u0161to jo\u0161 uvijek postoje zemlje u kojima<span class=\"ellipsis\">&hellip;<\/span><\/p>\n<div class=\"read-more\"><a href=\"https:\/\/www.michaellaitman.com\/hr\/books\/a-guide-to-the-new-world\/\">Read more &#8250;<\/a><\/div>\n<p><!-- end of .read-more --><\/p>\n","protected":false},"author":1,"featured_media":119,"parent":40,"menu_order":2,"comment_status":"open","ping_status":"closed","template":"sidebar-content-page.php","meta":{"ngg_post_thumbnail":0,"footnotes":""},"class_list":["post-66","page","type-page","status-publish","has-post-thumbnail","hentry"],"_links":{"self":[{"href":"https:\/\/www.michaellaitman.com\/hr\/wp-json\/wp\/v2\/pages\/66","targetHints":{"allow":["GET"]}}],"collection":[{"href":"https:\/\/www.michaellaitman.com\/hr\/wp-json\/wp\/v2\/pages"}],"about":[{"href":"https:\/\/www.michaellaitman.com\/hr\/wp-json\/wp\/v2\/types\/page"}],"author":[{"embeddable":true,"href":"https:\/\/www.michaellaitman.com\/hr\/wp-json\/wp\/v2\/users\/1"}],"replies":[{"embeddable":true,"href":"https:\/\/www.michaellaitman.com\/hr\/wp-json\/wp\/v2\/comments?post=66"}],"version-history":[{"count":1,"href":"https:\/\/www.michaellaitman.com\/hr\/wp-json\/wp\/v2\/pages\/66\/revisions"}],"predecessor-version":[{"id":114,"href":"https:\/\/www.michaellaitman.com\/hr\/wp-json\/wp\/v2\/pages\/66\/revisions\/114"}],"up":[{"embeddable":true,"href":"https:\/\/www.michaellaitman.com\/hr\/wp-json\/wp\/v2\/pages\/40"}],"wp:featuredmedia":[{"embeddable":true,"href":"https:\/\/www.michaellaitman.com\/hr\/wp-json\/wp\/v2\/media\/119"}],"wp:attachment":[{"href":"https:\/\/www.michaellaitman.com\/hr\/wp-json\/wp\/v2\/media?parent=66"}],"curies":[{"name":"wp","href":"https:\/\/api.w.org\/{rel}","templated":true}]}}