{"id":62,"date":"2012-09-23T20:52:03","date_gmt":"2012-09-23T20:52:03","guid":{"rendered":"http:\/\/dev.michaellaitman.kbb1.com\/?page_id=62"},"modified":"2019-04-02T18:56:51","modified_gmt":"2019-04-02T18:56:51","slug":"leader-in-global-change","status":"publish","type":"page","link":"https:\/\/www.michaellaitman.com\/hr\/global-thinker\/leader-in-global-change\/","title":{"rendered":"Vo\u0111a svjetske promjene"},"content":{"rendered":"<div id=\"attachment_131\" style=\"width: 205px\" class=\"wp-caption alignleft\"><a href=\"http:\/\/www.michaellaitman.com\/hr\/person\/leader-in-global-change\/unesco\/\" rel=\"attachment wp-att-131\"><img loading=\"lazy\" decoding=\"async\" aria-describedby=\"caption-attachment-131\" class=\"size-thumbnail wp-image-131\" src=\"http:\/\/www.michaellaitman.com\/hr\/wp-content\/uploads\/2012\/09\/unesco-195x290.jpg\" alt=\"&quot;A true visionary.&quot; Irina Bokova Director-General of UNESCO Paris, 2011\" width=\"195\" height=\"290\"><\/a><p id=\"caption-attachment-131\" class=\"wp-caption-text\">&#8220;Istinski vizionar.&#8221; Irina Bokova Generalni direktor,&nbsp;UNESCO Paris, 2011<\/p><\/div>\n<p><span style=\"font-weight: 400\">Nova globalna obrazovna metoda dr. Laitmana predstavljena je UNESCO-voj glavnoj direktorici, g\u0111i Irini Bokovoj, koja ga je nazvala &#8220;pravim vizionarom&#8221;.<\/span><\/p>\n<p><span style=\"font-weight: 400\">Tijekom sastanka, raspravljali su o teku\u0107im svjetskim problemima u obrazovanju i Laitmanovoj viziji njihovog rje\u0161enja. Dr. Laitman istaknuo je hitnost razmatranja jedistvenih te\u017enji dana\u0161nje mlade\u017ei i potrebi da ih se pripremi za \u017eivot u vrlo dinami\u010dnom, globalnom svijetu, koriste\u0107i pritom prednosti novih komunikacijskih tehnologija. Institut ARI &nbsp;odmah je pozvan na sudjelovanje u seriji obrazovnih inicijativa UN-a\/UNESCO-a. <\/span><\/p>\n<p><span style=\"font-weight: 400\">Danas dr. Laitman djeluje kao strate\u0161ki savjetnik UN-a za obrazovne inicijative. Dr. Michael Laitman predstavljen je, izme\u0111u ostalog, u sljede\u0107im publikacijama: The Corriere della Sera, the Chicago Tribune, The Miami Herald, The Jerusalem Post, te The Globe. Gostovao je u nekoliko televizijskih programa uklju\u010duju\u0107i SKY TV (Skytg24) i Mediaset TV (Tg5), Univision te Bloomberg TV.<\/span><\/p>\n<p><a class=\"cu-icon-play\" href=\"#video2\">Watch the video<\/a><\/p>\n<div id=\"myTabContent\" class=\"tab-content\">\n<div id=\"video2\" class=\"tab-pane fade in active\">\n<p style=\"font-size: 14px\">Michael Laitman na sastanaku s&nbsp;UNESCO Generalnom direktoricom&nbsp;Irinom Bokova<\/p>\n<\/div>\n<\/div>\n","protected":false},"excerpt":{"rendered":"<p>Nova globalna obrazovna metoda dr. Laitmana predstavljena je UNESCO-voj glavnoj direktorici, g\u0111i Irini Bokovoj, koja ga je nazvala &#8220;pravim vizionarom&#8221;. Tijekom sastanka, raspravljali su o teku\u0107im svjetskim problemima u obrazovanju i Laitmanovoj viziji njihovog rje\u0161enja. Dr. Laitman istaknuo je hitnost<span class=\"ellipsis\">&hellip;<\/span><\/p>\n<div class=\"read-more\"><a href=\"https:\/\/www.michaellaitman.com\/hr\/global-thinker\/leader-in-global-change\/\">Read more &#8250;<\/a><\/div>\n<p><!-- end of .read-more --><\/p>\n","protected":false},"author":1,"featured_media":0,"parent":32,"menu_order":6,"comment_status":"open","ping_status":"open","template":"sidebar-content-page.php","meta":{"ngg_post_thumbnail":0,"footnotes":""},"class_list":["post-62","page","type-page","status-publish","hentry"],"_links":{"self":[{"href":"https:\/\/www.michaellaitman.com\/hr\/wp-json\/wp\/v2\/pages\/62","targetHints":{"allow":["GET"]}}],"collection":[{"href":"https:\/\/www.michaellaitman.com\/hr\/wp-json\/wp\/v2\/pages"}],"about":[{"href":"https:\/\/www.michaellaitman.com\/hr\/wp-json\/wp\/v2\/types\/page"}],"author":[{"embeddable":true,"href":"https:\/\/www.michaellaitman.com\/hr\/wp-json\/wp\/v2\/users\/1"}],"replies":[{"embeddable":true,"href":"https:\/\/www.michaellaitman.com\/hr\/wp-json\/wp\/v2\/comments?post=62"}],"version-history":[{"count":2,"href":"https:\/\/www.michaellaitman.com\/hr\/wp-json\/wp\/v2\/pages\/62\/revisions"}],"predecessor-version":[{"id":616,"href":"https:\/\/www.michaellaitman.com\/hr\/wp-json\/wp\/v2\/pages\/62\/revisions\/616"}],"up":[{"embeddable":true,"href":"https:\/\/www.michaellaitman.com\/hr\/wp-json\/wp\/v2\/pages\/32"}],"wp:attachment":[{"href":"https:\/\/www.michaellaitman.com\/hr\/wp-json\/wp\/v2\/media?parent=62"}],"curies":[{"name":"wp","href":"https:\/\/api.w.org\/{rel}","templated":true}]}}