{"id":40,"date":"2012-09-22T16:13:38","date_gmt":"2012-09-22T16:13:38","guid":{"rendered":"http:\/\/dev.michaellaitman.kbb1.com\/?page_id=40"},"modified":"2019-04-02T19:08:43","modified_gmt":"2019-04-02T19:08:43","slug":"books","status":"publish","type":"page","link":"https:\/\/www.michaellaitman.com\/hr\/books\/","title":{"rendered":"Knjige\/Izdanja"},"content":{"rendered":"<div id=\"attachment_130\" style=\"width: 210px\" class=\"wp-caption alignleft\"><a href=\"http:\/\/www.michaellaitman.com\/hr\/person\/internationally-best-selling-author\/index_img_7\/\" rel=\"attachment wp-att-130\"><img loading=\"lazy\" decoding=\"async\" aria-describedby=\"caption-attachment-130\" class=\"size-full wp-image-130\" src=\"http:\/\/www.michaellaitman.com\/hr\/wp-content\/uploads\/2012\/09\/index_img_7.jpg\" alt=\"High Panel on Peace and Dialogue among Cultures. UN Headquarters, New York\" width=\"200\" height=\"149\"><\/a><p id=\"caption-attachment-130\" class=\"wp-caption-text\">Visoko vije\u0107e za mir i dijalog me\u0111u kulturama. Sjedi\u0161te UN-a, New York<\/p><\/div>\n<p>Unazad tri desetlje\u0107a, dr. Laitman je objavio vi\u0161e od 40 knjiga koje su prevedene na 18 jezika, s ciljem pomaganja pojedincima da postignu sklad unutar samih sebe te sa svojim okru\u017eenjem.<\/p>\n<p>Forewordova kritika njegove nedavno objavljene knjige Psihologija integralnog dru\u0161tva (o potrebi za integralnim i globalnim obrazovanjem kao rje\u0161enjem krize) navodi:<\/p>\n<p><i>&#8220;Kao dru\u0161tvo, tro\u0161imo nevjerojatno mnogo vremena natje\u010du\u0107i se i poku\u0161avaju\u0107i presti\u0107i jedni druge, toliko da koncept zajedni\u010dkog rada naprosto zvu\u010di revolucionarno sam po sebi..&#8221;<\/i><\/p>\n<p>Drugi nedavni naslovi uklju\u010duju Vlastiti interest nasuprot altruizmu u globalnoj eri; Kako dru\u0161tvo mo\u017ee vlastite interese pretvoriti u zajedni\u010dku dobrobit, te Djeca sutra\u0161njice: smjernice za odgoj sretne djece u 21. stolje\u0107u, za koju je kritiku objavio Midwest Book Review.<\/p>\n<p><i>&#8220;Tvrde\u0107i da budu\u0107nost dru\u0161tva ovisi o suradnji ljudi u zajedni\u010dkom radu za dru\u0161tvo, tvrde\u0107i da je ve\u0107ina dru\u0161tvenog nazadovanja u posljednjim desetlje\u0107ima rezultat narcisizma i pohlepe, &#8220;Vlastiti interes nasuprot altruizmu&#8221; &nbsp;rijetko je i preporu\u010dljivo \u0161tivo za one koji smatraju da vjera u ljudsku prirodu jo\u0161 uvijek nije u potpunosti izgubljena.&#8221;<\/i><\/p>\n","protected":false},"excerpt":{"rendered":"<p>Unazad tri desetlje\u0107a, dr. Laitman je objavio vi\u0161e od 40 knjiga koje su prevedene na 18 jezika, s ciljem pomaganja pojedincima da postignu sklad unutar samih sebe te sa svojim okru\u017eenjem. Forewordova kritika njegove nedavno objavljene knjige Psihologija integralnog dru\u0161tva<span class=\"ellipsis\">&hellip;<\/span><\/p>\n<div class=\"read-more\"><a href=\"https:\/\/www.michaellaitman.com\/hr\/books\/\">Read more &#8250;<\/a><\/div>\n<p><!-- end of .read-more --><\/p>\n","protected":false},"author":1,"featured_media":0,"parent":0,"menu_order":3,"comment_status":"open","ping_status":"open","template":"sidebar-content-page.php","meta":{"ngg_post_thumbnail":0,"footnotes":""},"class_list":["post-40","page","type-page","status-publish","hentry"],"_links":{"self":[{"href":"https:\/\/www.michaellaitman.com\/hr\/wp-json\/wp\/v2\/pages\/40","targetHints":{"allow":["GET"]}}],"collection":[{"href":"https:\/\/www.michaellaitman.com\/hr\/wp-json\/wp\/v2\/pages"}],"about":[{"href":"https:\/\/www.michaellaitman.com\/hr\/wp-json\/wp\/v2\/types\/page"}],"author":[{"embeddable":true,"href":"https:\/\/www.michaellaitman.com\/hr\/wp-json\/wp\/v2\/users\/1"}],"replies":[{"embeddable":true,"href":"https:\/\/www.michaellaitman.com\/hr\/wp-json\/wp\/v2\/comments?post=40"}],"version-history":[{"count":0,"href":"https:\/\/www.michaellaitman.com\/hr\/wp-json\/wp\/v2\/pages\/40\/revisions"}],"wp:attachment":[{"href":"https:\/\/www.michaellaitman.com\/hr\/wp-json\/wp\/v2\/media?parent=40"}],"curies":[{"name":"wp","href":"https:\/\/api.w.org\/{rel}","templated":true}]}}