{"id":368,"date":"2013-07-22T12:57:17","date_gmt":"2013-07-22T12:57:17","guid":{"rendered":"http:\/\/www.michaellaitman.com\/hr\/?page_id=368"},"modified":"2019-04-10T13:20:44","modified_gmt":"2019-04-10T13:20:44","slug":"the-benefits-of-the-new-economy","status":"publish","type":"page","link":"https:\/\/www.michaellaitman.com\/hr\/books\/the-benefits-of-the-new-economy\/","title":{"rendered":"Prednosti nove ekonomije"},"content":{"rendered":"<p><span style=\"font-weight: 400\">Jeste li se ikad zapitali za\u0161to, usprkos svim naporima najboljih ekonomista na svijetu, ekonomska kriza ne posustaje? Odgovor na to pitanje le\u017ei u nama, svima nama. Ekonomija je odraz na\u0161ih odnosa. Kroz prirodni razvoj, svijet je postao integrirano globalno selo u kojem smo svi me\u0111usobno ovisni.<\/span><span style=\"font-weight: 400\"><br \/>\n<\/span><span style=\"font-weight: 400\">Me\u0111uzavisnost i &#8220;globalizacija&#8221; zna\u010de da ono \u0161to se doga\u0111a u jednom dijelu svijeta utje\u010de na svaki drugi dio. Kao rezultat toga, rje\u0161enje globalne krize mora uklju\u010divati \u200b\u200b\u010ditav svijet, jer ako se samo jedan dio izlije\u010di, ostali dijelovi, koji su jo\u0161 uvijek bolesni, ponovno \u0107e ga zaraziti.<\/span><span style=\"font-weight: 400\"><br \/>\n<\/span><span style=\"font-weight: 400\"><br \/>\n<\/span><i><span style=\"font-weight: 400\">Prednosti nove ekonomije: rje\u0161avanje globalne ekonomske krize kroz uzajamno jamstvo<\/span><\/i><span style=\"font-weight: 400\"> knjiga je koja je napisana iz brige za na\u0161u zajedni\u010dku budu\u0107nost. Njezina je svrha pobolj\u0161ati na\u0161e razumijevanje dana\u0161njih ekonomskih previranja &#8211; njihovih uzroka, mogu\u0107ih rje\u0161enja te o\u010dekivanih ishoda. Put ka novoj ekonomiji ne le\u017ei u napla\u0107ivanju novih poreza, tiskanju novca ili bilo kojem pravnom rje\u0161enju iz pro\u0161losti. Umjesto toga, rje\u0161enje le\u017ei u dru\u0161tvu u kojemu se svi me\u0111usobno podr\u017eavaju u me\u0111usobnom jamstvu. To stvara dru\u0161tveno okru\u017eenje skrbi i obzira, te shva\u0107anje da \u0107emo se ili uzdi\u0107i ili propasti zajedno, jer smo svi me\u0111usobno ovisni.<\/span><span style=\"font-weight: 400\"><br \/>\n<\/span><span style=\"font-weight: 400\"><br \/>\n<\/span><span style=\"font-weight: 400\">Knjiga sadr\u017ei trinaest &#8220;samostalnih&#8221; eseja napisanih u 2011. od strane nekoliko ekonomista i financijskih stru\u010dnjaka iz razli\u010ditih podru\u010dja. Svaki se esej odnosi na odre\u0111eno pitanje i mo\u017ee se \u010ditati kao zasebna jedinica. Me\u0111utim, povezuje ih zajedni\u010dka tema: nepostojanje me\u0111usobnog jamstva kao uzroka na\u0161ih problema u globalno-integralnom svijetu.<\/span><span style=\"font-weight: 400\"><br \/>\n<\/span><span style=\"font-weight: 400\"><br \/>\n<\/span><span style=\"font-weight: 400\">Eseje mo\u017eete pro\u010ditati redoslijedom po Va\u0161em izboru. Mi, autori, vjerujemo da \u0107ete, ako pro\u010ditate barem nekoliko eseja, dobiti sveobuhvatniji prikaz potrebne transformacije koja je potrebna kako bi se rije\u0161ila globalna kriza i stvorila odr\u017eiva i napredna ekonomija.<\/span><\/p>\n<p><a title=\"KabbalahBooks.info\" href=\"http:\/\/kabbalahbooks.info\" target=\"_blank\" rel=\"noopener\">kabbalahbooks.info<\/a><br \/>\n&nbsp;<\/p>\n","protected":false},"excerpt":{"rendered":"<p>Jeste li se ikad zapitali za\u0161to, usprkos svim naporima najboljih ekonomista na svijetu, ekonomska kriza ne posustaje? Odgovor na to pitanje le\u017ei u nama, svima nama. Ekonomija je odraz na\u0161ih odnosa. Kroz prirodni razvoj, svijet je postao integrirano globalno selo<span class=\"ellipsis\">&hellip;<\/span><\/p>\n<div class=\"read-more\"><a href=\"https:\/\/www.michaellaitman.com\/hr\/books\/the-benefits-of-the-new-economy\/\">Read more &#8250;<\/a><\/div>\n<p><!-- end of .read-more --><\/p>\n","protected":false},"author":1,"featured_media":369,"parent":40,"menu_order":3,"comment_status":"open","ping_status":"open","template":"sidebar-content-page.php","meta":{"ngg_post_thumbnail":0,"footnotes":""},"class_list":["post-368","page","type-page","status-publish","has-post-thumbnail","hentry"],"_links":{"self":[{"href":"https:\/\/www.michaellaitman.com\/hr\/wp-json\/wp\/v2\/pages\/368","targetHints":{"allow":["GET"]}}],"collection":[{"href":"https:\/\/www.michaellaitman.com\/hr\/wp-json\/wp\/v2\/pages"}],"about":[{"href":"https:\/\/www.michaellaitman.com\/hr\/wp-json\/wp\/v2\/types\/page"}],"author":[{"embeddable":true,"href":"https:\/\/www.michaellaitman.com\/hr\/wp-json\/wp\/v2\/users\/1"}],"replies":[{"embeddable":true,"href":"https:\/\/www.michaellaitman.com\/hr\/wp-json\/wp\/v2\/comments?post=368"}],"version-history":[{"count":1,"href":"https:\/\/www.michaellaitman.com\/hr\/wp-json\/wp\/v2\/pages\/368\/revisions"}],"predecessor-version":[{"id":738,"href":"https:\/\/www.michaellaitman.com\/hr\/wp-json\/wp\/v2\/pages\/368\/revisions\/738"}],"up":[{"embeddable":true,"href":"https:\/\/www.michaellaitman.com\/hr\/wp-json\/wp\/v2\/pages\/40"}],"wp:featuredmedia":[{"embeddable":true,"href":"https:\/\/www.michaellaitman.com\/hr\/wp-json\/wp\/v2\/media\/369"}],"wp:attachment":[{"href":"https:\/\/www.michaellaitman.com\/hr\/wp-json\/wp\/v2\/media?parent=368"}],"curies":[{"name":"wp","href":"https:\/\/api.w.org\/{rel}","templated":true}]}}