{"id":366,"date":"2013-07-22T12:53:40","date_gmt":"2013-07-22T12:53:40","guid":{"rendered":"http:\/\/www.michaellaitman.com\/hr\/?page_id=366"},"modified":"2019-04-10T13:22:19","modified_gmt":"2019-04-10T13:22:19","slug":"connected-by-natures-law","status":"publish","type":"page","link":"https:\/\/www.michaellaitman.com\/hr\/books\/connected-by-natures-law\/","title":{"rendered":"Povezani &#8211; prema zakonu prirode"},"content":{"rendered":"<p><i><span style=\"font-weight: 400\">Povezani &#8211; prema zakonu prirode<\/span><\/i><span style=\"font-weight: 400\"> (<\/span><i><span style=\"font-weight: 400\">Connected \u2013 by Nature\u2019s Law<\/span><\/i><span style=\"font-weight: 400\">) je inovativna knjiga o dru\u0161tvenoj svijesti. Prikazuju\u0107i sveobuhvatnu sliku stvarnosti i procesa kroz koje \u010dovje\u010dantsvo prolazi, knjiga nudi alate za kori\u0161tenje velikih osobnih i dru\u0161tvenih promjena kroz koje prolazimo kako bi ih iskoristili u na\u0161u korist. <\/span><\/p>\n<p><span style=\"font-weight: 400\">U <em>Povezani<\/em>, autor predla\u017ee \u201czdrastveni program za \u010dovje\u010dantsvo\u201d putem kojeg bi u\u010dvrstili veze izme\u0111u svih nas na svim razinama &#8211; obiteljskim, me\u0111u zajednicama, nacionalnim i internacionalnim. \u0160to prije krenemo provoditi taj program to \u0107emo se prije na\u0107i u tome da u\u017eivamo u mirnom, sretnom i smislenom \u017eivotu. <\/span><\/p>\n<p><a href=\"http:\/\/kabbalahbooks.info\/\"><span style=\"font-weight: 400\">kabbalahbooks.info<\/span><\/a><\/p>\n","protected":false},"excerpt":{"rendered":"<p>Povezani &#8211; prema zakonu prirode (Connected \u2013 by Nature\u2019s Law) je inovativna knjiga o dru\u0161tvenoj svijesti. Prikazuju\u0107i sveobuhvatnu sliku stvarnosti i procesa kroz koje \u010dovje\u010dantsvo prolazi, knjiga nudi alate za kori\u0161tenje velikih osobnih i dru\u0161tvenih promjena kroz koje prolazimo kako<span class=\"ellipsis\">&hellip;<\/span><\/p>\n<div class=\"read-more\"><a href=\"https:\/\/www.michaellaitman.com\/hr\/books\/connected-by-natures-law\/\">Read more &#8250;<\/a><\/div>\n<p><!-- end of .read-more --><\/p>\n","protected":false},"author":1,"featured_media":367,"parent":40,"menu_order":4,"comment_status":"open","ping_status":"open","template":"sidebar-content-page.php","meta":{"ngg_post_thumbnail":0,"footnotes":""},"class_list":["post-366","page","type-page","status-publish","has-post-thumbnail","hentry"],"_links":{"self":[{"href":"https:\/\/www.michaellaitman.com\/hr\/wp-json\/wp\/v2\/pages\/366","targetHints":{"allow":["GET"]}}],"collection":[{"href":"https:\/\/www.michaellaitman.com\/hr\/wp-json\/wp\/v2\/pages"}],"about":[{"href":"https:\/\/www.michaellaitman.com\/hr\/wp-json\/wp\/v2\/types\/page"}],"author":[{"embeddable":true,"href":"https:\/\/www.michaellaitman.com\/hr\/wp-json\/wp\/v2\/users\/1"}],"replies":[{"embeddable":true,"href":"https:\/\/www.michaellaitman.com\/hr\/wp-json\/wp\/v2\/comments?post=366"}],"version-history":[{"count":0,"href":"https:\/\/www.michaellaitman.com\/hr\/wp-json\/wp\/v2\/pages\/366\/revisions"}],"up":[{"embeddable":true,"href":"https:\/\/www.michaellaitman.com\/hr\/wp-json\/wp\/v2\/pages\/40"}],"wp:featuredmedia":[{"embeddable":true,"href":"https:\/\/www.michaellaitman.com\/hr\/wp-json\/wp\/v2\/media\/367"}],"wp:attachment":[{"href":"https:\/\/www.michaellaitman.com\/hr\/wp-json\/wp\/v2\/media?parent=366"}],"curies":[{"name":"wp","href":"https:\/\/api.w.org\/{rel}","templated":true}]}}