{"id":32,"date":"2012-09-19T13:21:13","date_gmt":"2012-09-19T13:21:13","guid":{"rendered":"http:\/\/dev.michaellaitman.kbb1.com\/?page_id=32"},"modified":"2019-04-08T14:58:56","modified_gmt":"2019-04-08T14:58:56","slug":"global-thinker","status":"publish","type":"page","link":"https:\/\/www.michaellaitman.com\/hr\/global-thinker\/","title":{"rendered":"Svjetski mislilac"},"content":{"rendered":"<div id=\"attachment_122\" style=\"width: 226px\" class=\"wp-caption alignleft\"><a href=\"http:\/\/www.michaellaitman.com\/hr\/person\/global-thinker\/un-secretary\/\" rel=\"attachment wp-att-122\"><img loading=\"lazy\" decoding=\"async\" aria-describedby=\"caption-attachment-122\" class=\" wp-image-122 \" src=\"http:\/\/www.michaellaitman.com\/hr\/wp-content\/uploads\/2012\/09\/un-secretary-267x290.jpg\" alt=\"Meeting with Dr. Asha-Rose Migiro, Deputy Secretary General of the United Nations.\" width=\"216\" height=\"235\"><\/a><p id=\"caption-attachment-122\" class=\"wp-caption-text\">Sastanak s&nbsp;Dr. Asha-Rose Migiro, zamjenica glavnog tajnika Ujedinjenih Naroda<\/p><\/div>\n<p>Michael Laitman svjetski je mislilac posve\u0107en stvaranju transformacijskog pomaka u dru\u0161tvu kroz novo globalno obrazovanje, koje smatra klju\u010dnim za rje\u0161avanje naj\u017eurnijih problema na\u0161eg vremena.<\/p>\n<p>Njegova vizija za rje\u0161avanje globalne krize na svim razinama, uklju\u010duju\u0107i obrazovanje, klimatske promjene, glad, te sve dru\u0161tvene i ekonomske probleme, uklju\u010duje novi, sveobuhvatan, globalni i integralni obrazovni program.<\/p>\n<p>Dr. Laitman nedavno je predstavio na\u010dela ove nove obrazovne paradigme i koristi razne globalne suradnje sa zamjenicom glavnog tajnika UN-a, g\u0111om Ashom-Rose Migiro (Ph.D) u centru UN-a u New Yorku.<\/p>\n<p>Spoj njegove akademske pozadine u prirodnim i dru\u0161tvenim znanostima, njegovih istra\u017eivanja na podru\u010dju obrazovanja i njegovih vizionarskih pogleda na dru\u0161tvo, \u010dine ga prominentnim globalnim misliocem i tra\u017eenim predava\u010dem.<\/p>\n<p>Dr. Laitman profesor je ontologije i teorije znanja, s doktoratom iz filozofije i kabale moskovskog Instituta za filozofiju i ruske Akademije znanosti. Tako\u0111er posjeduje magisterij iz medicinske kibernetike sa St.Petersbur\u0161kog Dr\u017eavnog politehni\u010dkog sveu\u010dili\u0161ta.<\/p>\n<p><a title=\"Dr. Michael Laitman\" href=\"http:\/\/www.michaellaitman.com\/hr\/about\/\">Pro\u010ditaj op\u0161irniju biografiju<\/a><\/p>\n","protected":false},"excerpt":{"rendered":"<p>Michael Laitman svjetski je mislilac posve\u0107en stvaranju transformacijskog pomaka u dru\u0161tvu kroz novo globalno obrazovanje, koje smatra klju\u010dnim za rje\u0161avanje naj\u017eurnijih problema na\u0161eg vremena. Njegova vizija za rje\u0161avanje globalne krize na svim razinama, uklju\u010duju\u0107i obrazovanje, klimatske promjene, glad, te sve<span class=\"ellipsis\">&hellip;<\/span><\/p>\n<div class=\"read-more\"><a href=\"https:\/\/www.michaellaitman.com\/hr\/global-thinker\/\">Read more &#8250;<\/a><\/div>\n<p><!-- end of .read-more --><\/p>\n","protected":false},"author":1,"featured_media":0,"parent":0,"menu_order":1,"comment_status":"open","ping_status":"open","template":"sidebar-content-page.php","meta":{"ngg_post_thumbnail":0,"footnotes":""},"class_list":["post-32","page","type-page","status-publish","hentry"],"_links":{"self":[{"href":"https:\/\/www.michaellaitman.com\/hr\/wp-json\/wp\/v2\/pages\/32","targetHints":{"allow":["GET"]}}],"collection":[{"href":"https:\/\/www.michaellaitman.com\/hr\/wp-json\/wp\/v2\/pages"}],"about":[{"href":"https:\/\/www.michaellaitman.com\/hr\/wp-json\/wp\/v2\/types\/page"}],"author":[{"embeddable":true,"href":"https:\/\/www.michaellaitman.com\/hr\/wp-json\/wp\/v2\/users\/1"}],"replies":[{"embeddable":true,"href":"https:\/\/www.michaellaitman.com\/hr\/wp-json\/wp\/v2\/comments?post=32"}],"version-history":[{"count":2,"href":"https:\/\/www.michaellaitman.com\/hr\/wp-json\/wp\/v2\/pages\/32\/revisions"}],"predecessor-version":[{"id":690,"href":"https:\/\/www.michaellaitman.com\/hr\/wp-json\/wp\/v2\/pages\/32\/revisions\/690"}],"wp:attachment":[{"href":"https:\/\/www.michaellaitman.com\/hr\/wp-json\/wp\/v2\/media?parent=32"}],"curies":[{"name":"wp","href":"https:\/\/api.w.org\/{rel}","templated":true}]}}