{"id":123,"date":"2012-09-25T16:06:34","date_gmt":"2012-09-25T16:06:34","guid":{"rendered":"http:\/\/dev.michaellaitman.kbb1.com\/?page_id=123"},"modified":"2019-03-15T14:53:16","modified_gmt":"2019-03-15T14:53:16","slug":"the-psychology-of-the-integral-society","status":"publish","type":"page","link":"https:\/\/www.michaellaitman.com\/hr\/books\/the-psychology-of-the-integral-society\/","title":{"rendered":"Psihologija integralnog dru\u0161tva"},"content":{"rendered":"<p><i><span style=\"font-weight: 400\">Psihologija Integralnog dru\u0161tva<\/span><\/i><span style=\"font-weight: 400\"> predstavlja revolucionarni pristup obrazovanju. U me\u0111usobno povezanom i me\u0111uovisnom svijetu, pou\u010davanje djece da se natje\u010du sa svojim vr\u0161njacima jednako je &#8220;mudro&#8221; kao da u\u010dimo svoju lijevu ruku da nadmudri svog vr\u0161njaka, desnu ruku. Integralno dru\u0161tvo je ono u kojem svi dijelovi doprinose dobrobiti i uspjehu dru\u0161tva. Time je zauzvrat i cjelokupno dru\u0161tvo odgovorno te se brine za dobrobit i uspjeh svih svojih elemenata, \u010dime se stvara zajedni\u010dka me\u0111uovisnost. U globaliziranom i integriranom svijetu to je jedini razuman i odr\u017eiv na\u010din \u017eivljenja.<\/span><span style=\"font-weight: 400\"><br \/>\n<\/span><span style=\"font-weight: 400\"><br \/>\n<\/span><span style=\"font-weight: 400\">U ovoj su se knjizi putem niza dijaloga izme\u0111u profesora Michaela Laitmana i Anatolija Ulyanova osvijetlila nova na\u010dela obrazovanja. Odsutnost konkurencije, poticanje putem dru\u0161tvenog okru\u017eenja, ravnopravnost me\u0111u vr\u0161njacima, nagra\u0111ivanje davatelja i dinami\u010dan sastav izme\u0111u grupa i u\u010ditelja samo su neki od novih koncepata uvedenih u ovu neophodnu knjigu za sve koji \u017eele postati bolji roditelji, bolji nastavnici, i bolje osobe u integriranom dru\u0161tvu 21. Stolje\u0107a.<\/span><\/p>\n<p><a title=\"KabbalahBooks.info\" href=\"http:\/\/kabbalahbooks.info\" target=\"_blank\" rel=\"noopener\">kabbalahbooks.info<\/a><br \/>\n&nbsp;<\/p>\n","protected":false},"excerpt":{"rendered":"<p>Psihologija Integralnog dru\u0161tva predstavlja revolucionarni pristup obrazovanju. U me\u0111usobno povezanom i me\u0111uovisnom svijetu, pou\u010davanje djece da se natje\u010du sa svojim vr\u0161njacima jednako je &#8220;mudro&#8221; kao da u\u010dimo svoju lijevu ruku da nadmudri svog vr\u0161njaka, desnu ruku. Integralno dru\u0161tvo je ono<span class=\"ellipsis\">&hellip;<\/span><\/p>\n<div class=\"read-more\"><a href=\"https:\/\/www.michaellaitman.com\/hr\/books\/the-psychology-of-the-integral-society\/\">Read more &#8250;<\/a><\/div>\n<p><!-- end of .read-more --><\/p>\n","protected":false},"author":1,"featured_media":124,"parent":40,"menu_order":7,"comment_status":"open","ping_status":"open","template":"sidebar-content-page.php","meta":{"ngg_post_thumbnail":0,"footnotes":""},"class_list":["post-123","page","type-page","status-publish","has-post-thumbnail","hentry"],"_links":{"self":[{"href":"https:\/\/www.michaellaitman.com\/hr\/wp-json\/wp\/v2\/pages\/123","targetHints":{"allow":["GET"]}}],"collection":[{"href":"https:\/\/www.michaellaitman.com\/hr\/wp-json\/wp\/v2\/pages"}],"about":[{"href":"https:\/\/www.michaellaitman.com\/hr\/wp-json\/wp\/v2\/types\/page"}],"author":[{"embeddable":true,"href":"https:\/\/www.michaellaitman.com\/hr\/wp-json\/wp\/v2\/users\/1"}],"replies":[{"embeddable":true,"href":"https:\/\/www.michaellaitman.com\/hr\/wp-json\/wp\/v2\/comments?post=123"}],"version-history":[{"count":0,"href":"https:\/\/www.michaellaitman.com\/hr\/wp-json\/wp\/v2\/pages\/123\/revisions"}],"up":[{"embeddable":true,"href":"https:\/\/www.michaellaitman.com\/hr\/wp-json\/wp\/v2\/pages\/40"}],"wp:featuredmedia":[{"embeddable":true,"href":"https:\/\/www.michaellaitman.com\/hr\/wp-json\/wp\/v2\/media\/124"}],"wp:attachment":[{"href":"https:\/\/www.michaellaitman.com\/hr\/wp-json\/wp\/v2\/media?parent=123"}],"curies":[{"name":"wp","href":"https:\/\/api.w.org\/{rel}","templated":true}]}}