{"id":115,"date":"2012-09-25T15:32:53","date_gmt":"2012-09-25T15:32:53","guid":{"rendered":"http:\/\/dev.michaellaitman.kbb1.com\/?page_id=115"},"modified":"2019-03-15T14:54:19","modified_gmt":"2019-03-15T14:54:19","slug":"children-of-tomorrow","status":"publish","type":"page","link":"https:\/\/www.michaellaitman.com\/hr\/books\/children-of-tomorrow\/","title":{"rendered":"Djeca sutra\u0161njice"},"content":{"rendered":"<p><i><span style=\"font-weight: 400\">Djeca Sutra\u0161njice: Smjernice za Odgoj Sretne Djece u 21. Stolje\u0107u (<\/span><\/i><i><span style=\"font-weight: 400\">Children of Tomorrow: Guidelines for Raising Happy Children in the 21st Century)<\/span><\/i> <span style=\"font-weight: 400\">je novi po\u010detak za Vas i Va\u0161e dijete. Zamislite da mo\u017eete pritisnuti tipku za ponovno pokretanje i ovaj put pogoditi. Bez gnjava\u017ee, bez stresa, i najbolje od svega &#8211; bez naga\u0111anja.<\/span><\/p>\n<p><span style=\"font-weight: 400\">Veliko je otkri\u0107e da je kod odgoja djece rije\u010d o igri, odno\u0161enju prema njima kao prema odraslima i zajedni\u010dkom dono\u0161enju velikih odluka. Bit \u0107ete iznena\u0111eni kad otkrijete kako pou\u010davanje djece o pozitivnim stvarima kao \u0161to su prijateljstvo i briga za druge automatski \u0161irimo takav duh i na druga podru\u010dja iz na\u0161ih \u017eivota tijekom dana.<\/span><\/p>\n<p><span style=\"font-weight: 400\">Otvorite bilo koju stranicu i na\u0107i \u0107ete citate koji poti\u010du na razmi\u0161ljanje o svakom dijelu djetetova \u017eivota: odnosi roditelja i djece, prijateljstva i sukobi, te jasne slike kako bi \u0161kole trebale biti ure\u0111ene i kako bi trebale funkcionirati. Ova knjiga pru\u017ea novu perspektivu o tome &nbsp;kako odgajati djecu, s ciljem da usre\u0107i svu djecu ovoga svijeta.<\/span><\/p>\n<p><a href=\"http:\/\/kabbalahbooks.info\/\"><span style=\"font-weight: 400\">kabbalahbooks.info<\/span><\/a><\/p>\n<p>&nbsp;<\/p>\n","protected":false},"excerpt":{"rendered":"<p>Djeca Sutra\u0161njice: Smjernice za Odgoj Sretne Djece u 21. Stolje\u0107u (Children of Tomorrow: Guidelines for Raising Happy Children in the 21st Century) je novi po\u010detak za Vas i Va\u0161e dijete. Zamislite da mo\u017eete pritisnuti tipku za ponovno pokretanje i ovaj<span class=\"ellipsis\">&hellip;<\/span><\/p>\n<div class=\"read-more\"><a href=\"https:\/\/www.michaellaitman.com\/hr\/books\/children-of-tomorrow\/\">Read more &#8250;<\/a><\/div>\n<p><!-- end of .read-more --><\/p>\n","protected":false},"author":1,"featured_media":116,"parent":40,"menu_order":6,"comment_status":"open","ping_status":"open","template":"sidebar-content-page.php","meta":{"ngg_post_thumbnail":0,"footnotes":""},"class_list":["post-115","page","type-page","status-publish","has-post-thumbnail","hentry"],"_links":{"self":[{"href":"https:\/\/www.michaellaitman.com\/hr\/wp-json\/wp\/v2\/pages\/115","targetHints":{"allow":["GET"]}}],"collection":[{"href":"https:\/\/www.michaellaitman.com\/hr\/wp-json\/wp\/v2\/pages"}],"about":[{"href":"https:\/\/www.michaellaitman.com\/hr\/wp-json\/wp\/v2\/types\/page"}],"author":[{"embeddable":true,"href":"https:\/\/www.michaellaitman.com\/hr\/wp-json\/wp\/v2\/users\/1"}],"replies":[{"embeddable":true,"href":"https:\/\/www.michaellaitman.com\/hr\/wp-json\/wp\/v2\/comments?post=115"}],"version-history":[{"count":1,"href":"https:\/\/www.michaellaitman.com\/hr\/wp-json\/wp\/v2\/pages\/115\/revisions"}],"predecessor-version":[{"id":117,"href":"https:\/\/www.michaellaitman.com\/hr\/wp-json\/wp\/v2\/pages\/115\/revisions\/117"}],"up":[{"embeddable":true,"href":"https:\/\/www.michaellaitman.com\/hr\/wp-json\/wp\/v2\/pages\/40"}],"wp:featuredmedia":[{"embeddable":true,"href":"https:\/\/www.michaellaitman.com\/hr\/wp-json\/wp\/v2\/media\/116"}],"wp:attachment":[{"href":"https:\/\/www.michaellaitman.com\/hr\/wp-json\/wp\/v2\/media?parent=115"}],"curies":[{"name":"wp","href":"https:\/\/api.w.org\/{rel}","templated":true}]}}