{"id":11,"date":"2012-09-19T11:29:42","date_gmt":"2012-09-19T11:29:42","guid":{"rendered":"http:\/\/dev.michaellaitman.kbb1.com\/?page_id=11"},"modified":"2019-04-02T18:53:33","modified_gmt":"2019-04-02T18:53:33","slug":"education-provider","status":"publish","type":"page","link":"https:\/\/www.michaellaitman.com\/hr\/global-thinker\/education-provider\/","title":{"rendered":"Zagovaratelj obrazovanja"},"content":{"rendered":"<div id=\"attachment_129\" style=\"width: 242px\" class=\"wp-caption alignleft\"><a href=\"http:\/\/www.michaellaitman.com\/hr\/person\/education-provider\/img_8985\/\" rel=\"attachment wp-att-129\"><img loading=\"lazy\" decoding=\"async\" aria-describedby=\"caption-attachment-129\" class=\" wp-image-129 \" src=\"http:\/\/www.michaellaitman.com\/hr\/wp-content\/uploads\/2012\/09\/IMG_8985-290x193.jpg\" alt=\"Key-note Speaker at Florida International University (FIU), Miami, Florida. \" width=\"232\" height=\"154\"><\/a><p id=\"caption-attachment-129\" class=\"wp-caption-text\">Klju\u010dni govornik u&nbsp;Florida Internacionalnom&nbsp;Sveu\u010dili\u0161tu&nbsp;(FIU), Miami, Florida.<\/p><\/div>\n<p><span style=\"font-weight: 400\">Dr. Laitman je predsjednik ARI Instituta, neprofitne organizacije posve\u0107ene pobolj\u0161anju \u010dovje\u010danstva kroz istra\u017eivanje i obrazovanje, s ograncima diljem svijeta. <\/span><\/p>\n<p><span style=\"font-weight: 400\">Michael Laitman pru\u017ea specifi\u010dne smjernice za \u017eivot u dana\u0161njem, me\u0111usobno sve povezanijem svijetu. <\/span><\/p>\n<p><span style=\"font-weight: 400\">Njegova svje\u017ea perspektiva prema suo\u010davanju s izazovima 21. stolje\u0107a doti\u010de sve aspekte ljudskog \u017eivota: dru\u0161tvene, ekonomske i ekolo\u0161ke, s posebnim naglaskom na obrazovanje. Razvio je novu globalnu obrazovnu metodu koja obuhva\u0107a principe, primjenu i op\u0107e vrijednosti za stvaranje kohezivnog dru\u0161tva u na\u0161em nastaju\u0107em, usko me\u0111uovisnom svijetu.<\/span><\/p>\n","protected":false},"excerpt":{"rendered":"<p>Dr. Laitman je predsjednik ARI Instituta, neprofitne organizacije posve\u0107ene pobolj\u0161anju \u010dovje\u010danstva kroz istra\u017eivanje i obrazovanje, s ograncima diljem svijeta. Michael Laitman pru\u017ea specifi\u010dne smjernice za \u017eivot u dana\u0161njem, me\u0111usobno sve povezanijem svijetu. Njegova svje\u017ea perspektiva prema suo\u010davanju s izazovima 21.<span class=\"ellipsis\">&hellip;<\/span><\/p>\n<div class=\"read-more\"><a href=\"https:\/\/www.michaellaitman.com\/hr\/global-thinker\/education-provider\/\">Read more &#8250;<\/a><\/div>\n<p><!-- end of .read-more --><\/p>\n","protected":false},"author":1,"featured_media":0,"parent":32,"menu_order":4,"comment_status":"open","ping_status":"open","template":"sidebar-content-page.php","meta":{"ngg_post_thumbnail":0,"footnotes":""},"class_list":["post-11","page","type-page","status-publish","hentry"],"_links":{"self":[{"href":"https:\/\/www.michaellaitman.com\/hr\/wp-json\/wp\/v2\/pages\/11","targetHints":{"allow":["GET"]}}],"collection":[{"href":"https:\/\/www.michaellaitman.com\/hr\/wp-json\/wp\/v2\/pages"}],"about":[{"href":"https:\/\/www.michaellaitman.com\/hr\/wp-json\/wp\/v2\/types\/page"}],"author":[{"embeddable":true,"href":"https:\/\/www.michaellaitman.com\/hr\/wp-json\/wp\/v2\/users\/1"}],"replies":[{"embeddable":true,"href":"https:\/\/www.michaellaitman.com\/hr\/wp-json\/wp\/v2\/comments?post=11"}],"version-history":[{"count":1,"href":"https:\/\/www.michaellaitman.com\/hr\/wp-json\/wp\/v2\/pages\/11\/revisions"}],"predecessor-version":[{"id":614,"href":"https:\/\/www.michaellaitman.com\/hr\/wp-json\/wp\/v2\/pages\/11\/revisions\/614"}],"up":[{"embeddable":true,"href":"https:\/\/www.michaellaitman.com\/hr\/wp-json\/wp\/v2\/pages\/32"}],"wp:attachment":[{"href":"https:\/\/www.michaellaitman.com\/hr\/wp-json\/wp\/v2\/media?parent=11"}],"curies":[{"name":"wp","href":"https:\/\/api.w.org\/{rel}","templated":true}]}}