{"id":105,"date":"2012-09-25T12:29:33","date_gmt":"2012-09-25T12:29:33","guid":{"rendered":"http:\/\/dev.michaellaitman.kbb1.com\/?page_id=105"},"modified":"2019-04-08T14:41:39","modified_gmt":"2019-04-08T14:41:39","slug":"about","status":"publish","type":"page","link":"https:\/\/www.michaellaitman.com\/hr\/","title":{"rendered":""},"content":{"rendered":"<p style=\"text-align: left\" align=\"center\"><strong><img loading=\"lazy\" decoding=\"async\" class=\"alignleft wp-image-110 size-full\" src=\"http:\/\/www.michaellaitman.com\/hr\/wp-content\/uploads\/2012\/09\/IMG_3070_abrener1.jpg\" alt=\"\" width=\"232\" height=\"224\"><\/strong><\/p>\n<p><b>Michael Laitman profesor je ontologije i teorije znanja, s doktoratom iz filozofije i kabale, te magistar medicinske biokibernetike.<\/b><\/p>\n<p><b>Osniva\u010d je i predsjednik Instituta ARI za napredak \u010dovje\u010danstva kroz globalizaciju te Instituta za pou\u010davanje i istra\u017eivanje kabale pod nazivom \u201eBnei Baruch\u201c.<\/b><\/p>\n<p style=\"text-align: left\" align=\"center\"><strong><strong><strong>&nbsp;<\/strong><\/strong><\/strong><\/p>\n<p>Dr. Laitman svakodnevno odr\u017eava brojna predavanja za otprilike dva milijuna studenata diljem svijeta, koja se simultano prevode na osam svjetskih jezika: engleski, \u0161panjolski, hebrejski, talijanski, ruski, francuski, turski i njema\u010dki. Sva predavanja i razgovori prenose se mnogobrojnim u\u010denicima putem internetske stranice: &nbsp;<a href=\"http:\/\/www.kab.info\/\">www.kab.info<\/a> (u izborniku jezika mo\u017eete prona\u0107i i stranice na hrvatskom, srpskom i makedonskom jeziku),<\/p>\n<p>Svoj doktorat, iz filozofije i kabale, Dr. Laitman je stekao na Moskovskom institutu za filozofiju te Ruskoj akademiji znanosti, dok je titulu magistra medicinske biokibernetike stekao na Dr\u017eavnom veleu\u010dili\u0161tu u Sankt Peterburgu. Dugogodi\u0161nim iskustvom u pou\u010davanju &nbsp;zaradio je titulu profesora ontologije i teorije znanja od \u010delnog povjerenstva za akademsku ovjeru stru\u010dnosti Ruske Federacije.<\/p>\n<p>Do danas, Laitman je objavio preko 40 knjiga, prevedenih na osamnaest jezika. Neka od istaknutih izdanja su:<\/p>\n<ul>\n<li><a href=\"http:\/\/www.michaellaitman.com\/hr\/books\/like-bundle-reeds\/\"><i>Poput snopa trske:<\/i> <i>Za\u0161to su jedinstvo i uzajamno jamstvo danas najva\u017eniji<\/i><\/a>, o kojoj je profesor Kalman J. Kaplan sa Sveu\u010dili\u0161ta u Chicagu napisao: \u201eOvo je uistinu inteligentna, zaokru\u017eena i pitka knjiga koja propituje klju\u010dna pitanja na\u0161eg doba poput uloge \u017didova u povijesti, odnosa izme\u0111u pojedinca i zajednice, sveprisutnosti antisemitizma, te novih, sve \u010de\u0161\u0107ih, malignih oblika istoga.\u201c<\/li>\n<\/ul>\n<ul>\n<li><a href=\"http:\/\/www.michaellaitman.com\/hr\/books\/a-guide-to-the-new-world\/\"><em>Vodi\u010d za novi svijet: za\u0161to je uzajamno jamstvo klju\u010d na\u0161eg oporavka od globalne krize<\/em><\/a>, o kojoj ForeWord Reviews pi\u0161e: \u201eOva je knjiga nesumjivo provokativna i donosi osvje\u017eavaju\u0107i pogled na globalizaciju kao potencijalno pozitivnu silu promjene.\u201c<\/li>\n<\/ul>\n<ul>\n<li><em><a href=\"http:\/\/www.michaellaitman.com\/hr\/books\/self-interest-vs-altruism\/\">Osobni interes protiv altruizma u globalnoj eri<\/a><\/em> je Midwest Book Review pohvalio sljede\u0107im rije\u010dima: \u201eToplo preporu\u010damo ovo neobi\u010dno \u0161tivo koje tvrdi da budu\u0107nost ljudskog dru\u0161tva ovisi o na\u0161oj zajedni\u010dkoj suradnji u korist dru\u0161tva, te da je ve\u0107ina dru\u0161tvene degradacije u posljednih nekoliko desetlje\u0107a posljedica narcisoidnosti i pohlepe.<\/li>\n<\/ul>\n<ul>\n<li><a href=\"http:\/\/www.michaellaitman.com\/hr\/books\/self-interest-vs-altruism\/\"><i>Psihologija integralnog dru\u0161tva<\/i><\/a>, koju je tako\u0111er preporu\u010dio ForeWord Reviews: \u201eOno o \u010demu ova knjiga govori zbilja bi trebalo natjerati ljude na promi\u0161ljanje.\u201d<\/li>\n<\/ul>\n<p>Dr. Laitman blisko sura\u0111uje s brojnim me\u0111unarodnim institutima za istra\u017eivanja. Pozvan je da se pridru\u017ei Svjetskom vije\u0107u mudrosti (World Wisdom Council \u2013 WWC), skupu mislilaca koje je okupio Budimpe\u0161tanski klub pod vodstvom prof. Ervina Laszla, kandidata za Nobelovu nagradu 2004. i 2005. godine. Me\u0111u istaknutim li\u010dnostima u Svjetskom vije\u0107u mudrosti nalaze se i biv\u0161i predsjednik Sovjetskog Saveza Mihael Gorba\u010dov, dobitnica Nobelove nagrade primatologinja Jane Goodall te poznati glazbenik Peter Gabriel.<\/p>\n<p>Posljednjih godina prisustvovao je nekolicini me\u0111unarodnih doga\u0111aja u organizaciji WWC-a, zatim na Goi Peace Foundationu u Tokiju, Arosi (\u0160vicarska), D\u00fcsseldorfu (Njema\u0107ka) te Svjetskom forumu kultura u Monterreyju (Meksiko), pod pokroviteljstvom UNESCO-a. Cilj svih ovih doga\u0111aja bio je sudjelovati u produktivnom dijalogu o globalnoj krizi te o pokretanju pozitivne promjene globalne svijesti. U svojim nastojanjima, redovito se nalazi sa svjetskim vo\u0111ama poput generalne direktorice UNESCO-a, g\u0111e Irine Bokove, koja ga je nazvala \u201eistinskim vizionarom\u201c, te zamjenicom glavnog tajnika UN-a, dr. Ashe-Rose Migiro.<\/p>\n<p>Laitmanovi su \u010dlanci i intervjui objavljeni putem istaknutih medija poput Bloomberg TV-a, radija Fox Newsa, <i>Chicago Tribunea<\/i>, lista <i>Corriere della Sera<\/i> te <i>Miami Heralda<\/i>.<\/p>\n<p>O\u017eenjen je, otac troje djece, djed \u010detvero unu\u010dadi.<\/p>\n<p>&nbsp;<\/p>\n","protected":false},"excerpt":{"rendered":"<p>Michael Laitman profesor je ontologije i teorije znanja, s doktoratom iz filozofije i kabale, te magistar medicinske biokibernetike. Osniva\u010d je i predsjednik Instituta ARI za napredak \u010dovje\u010danstva kroz globalizaciju te Instituta za pou\u010davanje i istra\u017eivanje kabale pod nazivom \u201eBnei Baruch\u201c.<span class=\"ellipsis\">&hellip;<\/span><\/p>\n<div class=\"read-more\"><a href=\"https:\/\/www.michaellaitman.com\/hr\/\">Read more &#8250;<\/a><\/div>\n<p><!-- end of .read-more --><\/p>\n","protected":false},"author":1,"featured_media":0,"parent":0,"menu_order":9,"comment_status":"open","ping_status":"open","template":"content-sidebar-page.php","meta":{"ngg_post_thumbnail":0,"footnotes":""},"class_list":["post-105","page","type-page","status-publish","hentry"],"_links":{"self":[{"href":"https:\/\/www.michaellaitman.com\/hr\/wp-json\/wp\/v2\/pages\/105","targetHints":{"allow":["GET"]}}],"collection":[{"href":"https:\/\/www.michaellaitman.com\/hr\/wp-json\/wp\/v2\/pages"}],"about":[{"href":"https:\/\/www.michaellaitman.com\/hr\/wp-json\/wp\/v2\/types\/page"}],"author":[{"embeddable":true,"href":"https:\/\/www.michaellaitman.com\/hr\/wp-json\/wp\/v2\/users\/1"}],"replies":[{"embeddable":true,"href":"https:\/\/www.michaellaitman.com\/hr\/wp-json\/wp\/v2\/comments?post=105"}],"version-history":[{"count":3,"href":"https:\/\/www.michaellaitman.com\/hr\/wp-json\/wp\/v2\/pages\/105\/revisions"}],"predecessor-version":[{"id":736,"href":"https:\/\/www.michaellaitman.com\/hr\/wp-json\/wp\/v2\/pages\/105\/revisions\/736"}],"wp:attachment":[{"href":"https:\/\/www.michaellaitman.com\/hr\/wp-json\/wp\/v2\/media?parent=105"}],"curies":[{"name":"wp","href":"https:\/\/api.w.org\/{rel}","templated":true}]}}