{"id":10,"date":"2012-09-19T11:29:28","date_gmt":"2012-09-19T11:29:28","guid":{"rendered":"http:\/\/dev.michaellaitman.kbb1.com\/?page_id=10"},"modified":"2019-04-02T19:11:41","modified_gmt":"2019-04-02T19:11:41","slug":"economic-outlook","status":"publish","type":"page","link":"https:\/\/www.michaellaitman.com\/hr\/global-thinker\/economic-outlook\/","title":{"rendered":"Ekonomska predvi\u0111anja"},"content":{"rendered":"<div id=\"attachment_128\" style=\"width: 210px\" class=\"wp-caption alignleft\"><a href=\"http:\/\/www.michaellaitman.com\/hr\/person\/economic-outlook\/index_img_5\/\" rel=\"attachment wp-att-128\"><img loading=\"lazy\" decoding=\"async\" aria-describedby=\"caption-attachment-128\" class=\"size-full wp-image-128\" src=\"http:\/\/www.michaellaitman.com\/hr\/wp-content\/uploads\/2012\/09\/index_img_5.jpg\" alt=\"Interview with Mike Schneider, from &quot;Night Talk&quot;, on Bloomberg TV\" width=\"200\" height=\"161\"><\/a><p id=\"caption-attachment-128\" class=\"wp-caption-text\">Intervju s&nbsp;Mike Schneider, iz&#8221;Night Talk&#8221;, na&nbsp;Bloomberg TV<\/p><\/div>\n<p><span style=\"font-weight: 400\">Ukoliko shvatimo kriti\u010dni utjecaj koji priroda ljudskih odnosa ima na ekonomiju, shvatit \u0107emo kakve ekonomske sustave moramo izgraditi kako bi ti sustavi bili u stanju u\u010dinkovito se nositi sa svojom ulogama te odr\u017eati svoju stabilnost. Kada se ekonomski i financijski sustav prilagodi globalnom integralnom svijetu u kojem ekonomske spone prelaze granice i tvrtke, u kojem ljudi ovise jedni o drugima i utje\u010du jedni na druga, tada \u0107e i stabilnost dru\u0161tveno-ekonomskog sustava biti osigurana. Tek tada \u0107e sustav izbje\u0107i \u0161okove i u\u010destale krize koje uzimaju danak na nama. <\/span><\/p>\n<p>Pa ipak, ekonomska promjena nije jedina koja se mora dogoditi, obzirom da su ekonomski i financijski sustavi odraz ljudskih odnosa, ve\u0107 \u010ditava me\u0111unarodna zajednica mora pru\u017eiti rje\u0161enja za restrukturiranje sustava ljudskih odnosa. Kada se na\u0161i odnosi po\u010dnu mijenjati ka spajanju, jedinstvu, dru\u0161tvenoj koheziji, brizi za druge i uzajamnoj brizi, znat \u0107emo kako shodno izmijeniti i ekonomsku paradigmu.<\/p>\n","protected":false},"excerpt":{"rendered":"<p>Ukoliko shvatimo kriti\u010dni utjecaj koji priroda ljudskih odnosa ima na ekonomiju, shvatit \u0107emo kakve ekonomske sustave moramo izgraditi kako bi ti sustavi bili u stanju u\u010dinkovito se nositi sa svojom ulogama te odr\u017eati svoju stabilnost. Kada se ekonomski i financijski<span class=\"ellipsis\">&hellip;<\/span><\/p>\n<div class=\"read-more\"><a href=\"https:\/\/www.michaellaitman.com\/hr\/global-thinker\/economic-outlook\/\">Read more &#8250;<\/a><\/div>\n<p><!-- end of .read-more --><\/p>\n","protected":false},"author":1,"featured_media":0,"parent":32,"menu_order":3,"comment_status":"open","ping_status":"open","template":"sidebar-content-page.php","meta":{"ngg_post_thumbnail":0,"footnotes":""},"class_list":["post-10","page","type-page","status-publish","hentry"],"_links":{"self":[{"href":"https:\/\/www.michaellaitman.com\/hr\/wp-json\/wp\/v2\/pages\/10","targetHints":{"allow":["GET"]}}],"collection":[{"href":"https:\/\/www.michaellaitman.com\/hr\/wp-json\/wp\/v2\/pages"}],"about":[{"href":"https:\/\/www.michaellaitman.com\/hr\/wp-json\/wp\/v2\/types\/page"}],"author":[{"embeddable":true,"href":"https:\/\/www.michaellaitman.com\/hr\/wp-json\/wp\/v2\/users\/1"}],"replies":[{"embeddable":true,"href":"https:\/\/www.michaellaitman.com\/hr\/wp-json\/wp\/v2\/comments?post=10"}],"version-history":[{"count":0,"href":"https:\/\/www.michaellaitman.com\/hr\/wp-json\/wp\/v2\/pages\/10\/revisions"}],"up":[{"embeddable":true,"href":"https:\/\/www.michaellaitman.com\/hr\/wp-json\/wp\/v2\/pages\/32"}],"wp:attachment":[{"href":"https:\/\/www.michaellaitman.com\/hr\/wp-json\/wp\/v2\/media?parent=10"}],"curies":[{"name":"wp","href":"https:\/\/api.w.org\/{rel}","templated":true}]}}