{"id":9,"date":"2012-09-19T11:29:06","date_gmt":"2012-09-19T11:29:06","guid":{"rendered":"http:\/\/dev.michaellaitman.kbb1.com\/?page_id=9"},"modified":"2026-01-14T22:12:10","modified_gmt":"2026-01-14T21:12:10","slug":"integral-persective","status":"publish","type":"page","link":"https:\/\/www.michaellaitman.com\/fr\/person\/integral-persective\/","title":{"rendered":"Vision globale"},"content":{"rendered":"<p>Aujourd&rsquo;hui, la mondialisation\u00a0est devenue un fait incontournable. Cependant, l&rsquo;humanit\u00e9 n&rsquo;a pas encore r\u00e9ussi \u00e0 adapter\u00a0son syst\u00e8me de valeurs \u00e0 cette nouvelle r\u00e9alit\u00e9.<\/p>\n<p>Dans un monde interd\u00e9pendant, il est vital de r\u00e9apprendre \u00e0 vivre ensemble de fa\u00e7on responsable et solidaire.<\/p>\n<p>Les syst\u00e8mes sociaux, politiques et \u00e9conomiques avec lesquels nous vivons\u00a0depuis de nombreuses ann\u00e9es ne sont plus\u00a0adapt\u00e9s pour faire face \u00e0 une r\u00e9alit\u00e9 de plus en plus interconnect\u00e9e. C&rsquo;est pourquoi nous sommes t\u00e9moins d&rsquo;une intensification des probl\u00e8mes, et de manifestations provoqu\u00e9es par les crises \u00e9conomiques et financi\u00e8res.<\/p>\n<p>Aujourd&rsquo;hui, l&rsquo;\u00e9conomie est aliment\u00e9e par des valeurs \u00e9go\u00efstes, et ne peut plus fonctionner dans cette nouvelle r\u00e9alit\u00e9. Ces circonstances nous obligent \u00e0 op\u00e9rer des changements importants pour prendre en compte une actualit\u00e9 globale\u00a0et\u00a0adapter\u00a0nos modes de pens\u00e9e pour int\u00e9grer le concept de l&rsquo;autre dans nos vies.<\/p>\n","protected":false},"excerpt":{"rendered":"<p>Aujourd&rsquo;hui, la mondialisation\u00a0est devenue un fait incontournable. Cependant, l&rsquo;humanit\u00e9 n&rsquo;a pas encore r\u00e9ussi \u00e0 adapter\u00a0son syst\u00e8me de valeurs \u00e0 cette nouvelle r\u00e9alit\u00e9. Dans un monde interd\u00e9pendant, il est vital de r\u00e9apprendre \u00e0 vivre ensemble de fa\u00e7on responsable et solidaire. Les<span class=\"ellipsis\">&hellip;<\/span><\/p>\n<div class=\"read-more\"><a href=\"https:\/\/www.michaellaitman.com\/fr\/person\/integral-persective\/\">Lire la suite &#8250;<\/a><\/div>\n<p><!-- end of .read-more --><\/p>\n","protected":false},"author":1,"featured_media":0,"parent":56,"menu_order":2,"comment_status":"open","ping_status":"open","template":"sidebar-content-page.php","meta":{"ngg_post_thumbnail":0,"footnotes":""},"class_list":["post-9","page","type-page","status-publish","hentry"],"_links":{"self":[{"href":"https:\/\/www.michaellaitman.com\/fr\/wp-json\/wp\/v2\/pages\/9","targetHints":{"allow":["GET"]}}],"collection":[{"href":"https:\/\/www.michaellaitman.com\/fr\/wp-json\/wp\/v2\/pages"}],"about":[{"href":"https:\/\/www.michaellaitman.com\/fr\/wp-json\/wp\/v2\/types\/page"}],"author":[{"embeddable":true,"href":"https:\/\/www.michaellaitman.com\/fr\/wp-json\/wp\/v2\/users\/1"}],"replies":[{"embeddable":true,"href":"https:\/\/www.michaellaitman.com\/fr\/wp-json\/wp\/v2\/comments?post=9"}],"version-history":[{"count":1,"href":"https:\/\/www.michaellaitman.com\/fr\/wp-json\/wp\/v2\/pages\/9\/revisions"}],"predecessor-version":[{"id":795,"href":"https:\/\/www.michaellaitman.com\/fr\/wp-json\/wp\/v2\/pages\/9\/revisions\/795"}],"up":[{"embeddable":true,"href":"https:\/\/www.michaellaitman.com\/fr\/wp-json\/wp\/v2\/pages\/56"}],"wp:attachment":[{"href":"https:\/\/www.michaellaitman.com\/fr\/wp-json\/wp\/v2\/media?parent=9"}],"curies":[{"name":"wp","href":"https:\/\/api.w.org\/{rel}","templated":true}]}}