{"id":70,"date":"2012-09-23T21:43:24","date_gmt":"2012-09-23T21:43:24","guid":{"rendered":"http:\/\/dev.michaellaitman.kbb1.com\/?page_id=70"},"modified":"2015-02-08T09:34:04","modified_gmt":"2015-02-08T08:34:04","slug":"self-interest-vs-altruism","status":"publish","type":"page","link":"https:\/\/www.michaellaitman.com\/fr\/books\/self-interest-vs-altruism\/","title":{"rendered":"L&rsquo;int\u00e9r\u00eat personnel contre l&rsquo;altruisme"},"content":{"rendered":"<p>Cet ouvrage pr\u00e9sente une perspective tout \u00e0 fait nouvelle quant aux d\u00e9fis que rencontre actuellement l\u2019humanit\u00e9. Le Dr Laitman montre au lecteur que les probl\u00e8mes\u00a0rencontr\u00e9s aujourd\u2019hui sont la cons\u00e9quence de l\u2019expansion de l\u2019\u00e9go\u00efsme humain. Dans cet esprit, le livre de Micha\u00ebl Laitman montre comment nous pourrions utiliser cet \u00e9go\u00efsme dans l&rsquo;int\u00e9r\u00eat g\u00e9n\u00e9ral plut\u00f4t que de limiter son usage \u00e0 l\u2019atteinte d\u2019une simple satisfaction personnelle.<\/p>\n<p>Lien vers <a href=\"http:\/\/www.amazon.com\/Self-Interest-vs-Altruism-Global-Self-Interests\/dp\/1897448651\/ref=sr_1_12?s=books&amp;ie=UTF8&amp;qid=1423384277&amp;sr=1-12&amp;keywords=michael+laitman+books\">Amazon<\/a><\/p>\n","protected":false},"excerpt":{"rendered":"<p>Cet ouvrage pr\u00e9sente une perspective tout \u00e0 fait nouvelle quant aux d\u00e9fis que rencontre actuellement l\u2019humanit\u00e9. Le Dr Laitman montre au lecteur que les probl\u00e8mes\u00a0rencontr\u00e9s aujourd\u2019hui sont la cons\u00e9quence de l\u2019expansion de l\u2019\u00e9go\u00efsme humain. Dans cet esprit, le livre de<span class=\"ellipsis\">&hellip;<\/span><\/p>\n<div class=\"read-more\"><a href=\"https:\/\/www.michaellaitman.com\/fr\/books\/self-interest-vs-altruism\/\">Lire la suite &#8250;<\/a><\/div>\n<p><!-- end of .read-more --><\/p>\n","protected":false},"author":1,"featured_media":118,"parent":40,"menu_order":5,"comment_status":"open","ping_status":"open","template":"sidebar-content-page.php","meta":{"ngg_post_thumbnail":0,"footnotes":""},"class_list":["post-70","page","type-page","status-publish","has-post-thumbnail","hentry"],"_links":{"self":[{"href":"https:\/\/www.michaellaitman.com\/fr\/wp-json\/wp\/v2\/pages\/70","targetHints":{"allow":["GET"]}}],"collection":[{"href":"https:\/\/www.michaellaitman.com\/fr\/wp-json\/wp\/v2\/pages"}],"about":[{"href":"https:\/\/www.michaellaitman.com\/fr\/wp-json\/wp\/v2\/types\/page"}],"author":[{"embeddable":true,"href":"https:\/\/www.michaellaitman.com\/fr\/wp-json\/wp\/v2\/users\/1"}],"replies":[{"embeddable":true,"href":"https:\/\/www.michaellaitman.com\/fr\/wp-json\/wp\/v2\/comments?post=70"}],"version-history":[{"count":2,"href":"https:\/\/www.michaellaitman.com\/fr\/wp-json\/wp\/v2\/pages\/70\/revisions"}],"predecessor-version":[{"id":632,"href":"https:\/\/www.michaellaitman.com\/fr\/wp-json\/wp\/v2\/pages\/70\/revisions\/632"}],"up":[{"embeddable":true,"href":"https:\/\/www.michaellaitman.com\/fr\/wp-json\/wp\/v2\/pages\/40"}],"wp:featuredmedia":[{"embeddable":true,"href":"https:\/\/www.michaellaitman.com\/fr\/wp-json\/wp\/v2\/media\/118"}],"wp:attachment":[{"href":"https:\/\/www.michaellaitman.com\/fr\/wp-json\/wp\/v2\/media?parent=70"}],"curies":[{"name":"wp","href":"https:\/\/api.w.org\/{rel}","templated":true}]}}