{"id":66,"date":"2012-09-23T21:36:40","date_gmt":"2012-09-23T21:36:40","guid":{"rendered":"http:\/\/dev.michaellaitman.kbb1.com\/?page_id=66"},"modified":"2015-02-09T12:44:29","modified_gmt":"2015-02-09T11:44:29","slug":"a-guide-to-the-new-world","status":"publish","type":"page","link":"https:\/\/www.michaellaitman.com\/fr\/books\/a-guide-to-the-new-world\/","title":{"rendered":"Un guide pour un nouveau monde"},"content":{"rendered":"<p>Pour quelle raison 1% de la population poss\u00e8de-t-il 40% de la richesse mondiale? Pourquoi, partout dans le monde, les syst\u00e8mes d\u2019\u00e9ducation produisent-ils des enfants malheureux et si peu \u00e9duqu\u00e9s? Pourquoi, alors qu\u2019il y a suffisamment de nourriture pour tous, les prix des aliments grimpent-ils constamment? Pourquoi y a-t-il, encore aujourd\u2019hui, des pays o\u00f9 la dignit\u00e9 humaine et la justice sociale sont inexistantes? Quand et comment ces situations malheureuses cesseront? En (2011) ces questions troublent des centaines de millions de personnes sur cette plan\u00e8te. Le besoin de justice sociale est devenu une exigence puissante capable d\u2019unir l\u2019humanit\u00e9. Nous voulons tous une soci\u00e9t\u00e9 dans laquelle chacun se sentirait en s\u00e9curit\u00e9 et o\u00f9\u00a0un avenir serait assur\u00e9 \u00e0 tous.<\/p>\n<p>En d\u00e9pit des obstacles, le livre argumente qu&rsquo;un changement est possible et qu&rsquo;il faut\u00a0trouver un moyen d&rsquo;y parvenir.\u00a0L&rsquo;auteur\u00a0sugg\u00e8re que nous disposons d&rsquo;une occasion unique de transformer la soci\u00e9t\u00e9 dans son ensemble, faisant de chacun l&rsquo;acteur de cette (r)\u00e9volution sociale. Cet ouvrage nous donne des \u00e9l\u00e8ments de r\u00e9flexions pour avancer vers cet objectif.<\/p>\n<p>Lien vers <a href=\"http:\/\/www.amazon.com\/Guide-New-World-Guarantee-Recovery\/dp\/1897448724\/ref=sr_1_23?s=books&amp;ie=UTF8&amp;qid=1423384455&amp;sr=1-23&amp;keywords=michael+laitman+books\">Amazon<\/a><\/p>\n","protected":false},"excerpt":{"rendered":"<p>Pour quelle raison 1% de la population poss\u00e8de-t-il 40% de la richesse mondiale? Pourquoi, partout dans le monde, les syst\u00e8mes d\u2019\u00e9ducation produisent-ils des enfants malheureux et si peu \u00e9duqu\u00e9s? Pourquoi, alors qu\u2019il y a suffisamment de nourriture pour tous, les<span class=\"ellipsis\">&hellip;<\/span><\/p>\n<div class=\"read-more\"><a href=\"https:\/\/www.michaellaitman.com\/fr\/books\/a-guide-to-the-new-world\/\">Lire la suite &#8250;<\/a><\/div>\n<p><!-- end of .read-more --><\/p>\n","protected":false},"author":1,"featured_media":119,"parent":40,"menu_order":2,"comment_status":"open","ping_status":"open","template":"sidebar-content-page.php","meta":{"ngg_post_thumbnail":0,"footnotes":""},"class_list":["post-66","page","type-page","status-publish","has-post-thumbnail","hentry"],"_links":{"self":[{"href":"https:\/\/www.michaellaitman.com\/fr\/wp-json\/wp\/v2\/pages\/66","targetHints":{"allow":["GET"]}}],"collection":[{"href":"https:\/\/www.michaellaitman.com\/fr\/wp-json\/wp\/v2\/pages"}],"about":[{"href":"https:\/\/www.michaellaitman.com\/fr\/wp-json\/wp\/v2\/types\/page"}],"author":[{"embeddable":true,"href":"https:\/\/www.michaellaitman.com\/fr\/wp-json\/wp\/v2\/users\/1"}],"replies":[{"embeddable":true,"href":"https:\/\/www.michaellaitman.com\/fr\/wp-json\/wp\/v2\/comments?post=66"}],"version-history":[{"count":2,"href":"https:\/\/www.michaellaitman.com\/fr\/wp-json\/wp\/v2\/pages\/66\/revisions"}],"predecessor-version":[{"id":629,"href":"https:\/\/www.michaellaitman.com\/fr\/wp-json\/wp\/v2\/pages\/66\/revisions\/629"}],"up":[{"embeddable":true,"href":"https:\/\/www.michaellaitman.com\/fr\/wp-json\/wp\/v2\/pages\/40"}],"wp:featuredmedia":[{"embeddable":true,"href":"https:\/\/www.michaellaitman.com\/fr\/wp-json\/wp\/v2\/media\/119"}],"wp:attachment":[{"href":"https:\/\/www.michaellaitman.com\/fr\/wp-json\/wp\/v2\/media?parent=66"}],"curies":[{"name":"wp","href":"https:\/\/api.w.org\/{rel}","templated":true}]}}