{"id":64,"date":"2012-09-23T21:10:08","date_gmt":"2012-09-23T21:10:08","guid":{"rendered":"http:\/\/dev.michaellaitman.kbb1.com\/?page_id=64"},"modified":"2015-02-07T21:39:30","modified_gmt":"2015-02-07T20:39:30","slug":"integral-education-page","status":"publish","type":"page","link":"https:\/\/www.michaellaitman.com\/fr\/integral-education-page\/","title":{"rendered":"Education"},"content":{"rendered":"<p>Micha\u00ebl Laitman est un penseur contemporain\u00a0qui oeuvre pour un\u00a0changement social\u00a0par le biais de l\u2019\u00e9ducation, unique moyen\u00a0pour r\u00e9soudre sur le long terme les probl\u00e8mes de notre \u00e9poque.<\/p>\n<h1>Principes\u00a0\u00e9ducatifs<\/h1>\n<p>Notre\u00a0monde est un syst\u00e8me complexe et interconnect\u00e9. Pendant plusieurs d\u00e9cennnies, nous n&rsquo;\u00e9tions pas v\u00e9ritablement conscients de la n\u00e9cessit\u00e9 de prendre en compte l&rsquo;ensemble de ce syst\u00e8me. Ceci a fa\u00e7onn\u00e9 notre compr\u00e9hension du monde et nous a amen\u00e9\u00a0\u00e0 simplifier notre approche de la r\u00e9alit\u00e9 en une s\u00e9rie de sujets\u00a0semble-t-il distincts les uns des autres, sans vraiment faire attention \u00e0 l&rsquo;interd\u00e9pendance existante que nous d\u00e9couvrons pleinement aujourd&rsquo;hui.<\/p>\n<p>Bien que cette vision des choses soit toujours la plus commun\u00e9ment partag\u00e9e, la n\u00e9cessit\u00e9 d\u2019une nouvelle vision du monde\u00a0est en train de\u00a0devenir un imp\u00e9ratif. Ceci constitue les fondements des travaux de Micha\u00ebl Laitman dans le domaine de l&rsquo;\u00e9ducation.\u00a0\u00a0Un des\u00a0th\u00e8mes r\u00e9curants du mod\u00e8le \u00e9ducatif\u00a0pr\u00e9sent\u00e9 par l&rsquo;Institut ARI consiste\u00a0\u00e0 pr\u00e9senter les sujets enseign\u00e9s non pas\u00a0d\u2019une mani\u00e8re lin\u00e9aire mais pour chaque sujet, montrer les relations existantes avec d&rsquo;autres mati\u00e8res.<\/p>\n<p><iframe loading=\"lazy\" title=\"Youmankind with Michael Laitman\" width=\"550\" height=\"413\" src=\"https:\/\/www.youtube.com\/embed\/HhoTCiNrdW4?list=PLOwgIdsYkvh-iiBDWXq1I8uwjf3EQkX0V\" frameborder=\"0\" allow=\"accelerometer; autoplay; clipboard-write; encrypted-media; gyroscope; picture-in-picture; web-share\" referrerpolicy=\"strict-origin-when-cross-origin\" allowfullscreen><\/iframe><\/p>\n<p><strong>Rencontres\u00a0aux Nations Unies et \u00e0 l\u2019Unesco<\/strong><\/p>\n<p>Micha\u00ebl Laitman a rencontr\u00e9 au si\u00e8ge des Nations-Unies \u00e0 New-York, \u00a0la Vice-secr\u00e9taire de l\u2019ONU, le Dr. Asha-Rose Migiro pour pr\u00e9senter les\u00a0avantages de ses\u00a0principes \u00e9ducatifs et pour r\u00e9fl\u00e9chir aux b\u00e9n\u00e9fices d&rsquo;une coop\u00e9ration.<\/p>\n<p>Son parcours acad\u00e9mique dans le domaine des sciences exactes et des sciences humaines, combin\u00e9 \u00e0 ses travaux de recherche\u00a0dans l&rsquo;\u00e9ducation font de lui un penseur international unique.<\/p>\n<p><img decoding=\"async\" class=\"aligncenter size-full wp-image-520\" src=\"http:\/\/www.michaellaitman.com\/wp-content\/uploads\/2012\/09\/meetings.jpg\" alt=\"meetings\" width=\"560\" srcset=\"https:\/\/www.michaellaitman.com\/fr\/wp-content\/uploads\/2012\/09\/meetings.jpg 615w, https:\/\/www.michaellaitman.com\/fr\/wp-content\/uploads\/2012\/09\/meetings-300x198.jpg 300w\" sizes=\"(max-width: 615px) 100vw, 615px\" \/><\/p>\n<ul>\n<li>\u00a0\u00a0Proposition pour la mise en place d\u2019une m\u00e9thode d\u2019\u00e9ducation pr\u00e9sent\u00e9e \u00e0 la Directrice g\u00e9n\u00e9rale de l\u2019UNESCO, madame Irina Bokova, en France.<\/li>\n<li>\u00a0\u00a0Participation au bilan annuel de l&rsquo;UNESCO \u00abRapport mondial de suivi sur l\u2019\u00e9ducation pour tous\u00bb, Universit\u00e9 de Columbia, New-York.<\/li>\n<li>\u00a0\u00a0Participation \u00e0 la conf\u00e9rence \u201cConstruire la paix: La r\u00e9conciliation par l\u2019\u00e9ducation, les sciences, la culture et la communication \u00bb, au si\u00e8ge de l\u2019ONU, New-York.<\/li>\n<li>\u00a0Participation \u00e0 la conf\u00e9rence de l\u2019UNESCO \u00ab Contribution de la jeunesse aux transformations sociales: initiatives et participations \u00bb, Moscou.<\/li>\n<li>\u00a0Participation au 27\u00e8me congr\u00e8s du International Women\u2019s leadership Association sur \u00ab La science, la technologie et l\u2019innovation: \u00c9ducation et Formation pour les femmes et les filles \u00bb, organis\u00e9e par l\u2019UNESCO.<\/li>\n<li>\u00a0\u00a0Une proposition sur \u00ab L\u2019\u00e9ducation comme solution \u00e0 la crise \u00bb pr\u00e9sent\u00e9e au 8\u00e8me forum du Minist\u00e8re du D\u00e9veloppement Social d\u2019Am\u00e9rique Latine \u00bb Organis\u00e9 par l\u2019UNESCO au Salvador.<\/li>\n<li>\u00a0Une proposition sur \u00ab L\u2019\u00e9ducation comme solution \u00e0 la crise \u00bb pr\u00e9sent\u00e9e \u00e0 la Vice-Secr\u00e9taire de l\u2019ONU le \u00a0Dr. Asha-Rose Migiro.<\/li>\n<li>\u00a0\u00a0Pr\u00e9sentation de \u00ab\u00a0Le rapprochement des\u00a0\u00a0jeunes par le sport\u00bb \u00e0 la conf\u00e9rence internationale de l\u2019ICSSPE sur le \u00ab Sport et le d\u00e9veloppement de la Paix \u00bb.<\/li>\n<li>\u00a0\u00a0Participation au Symposium intitul\u00e9 \u00ab\u00a0 Les femmes actrices du d\u00e9veloppement pour les enjeux mondiaux \u00bb \u00e0 Paris, un \u00e9v\u00e9nement de Millennia 2015.<\/li>\n<li>\u00a0\u00a0Une proposition d\u2019\u00e9ducation en tant que solution au ch\u00f4mage grandissant, pr\u00e9sent\u00e9e au Secr\u00e9taire G\u00e9n\u00e9ral de l\u2019ONU, M. Ban Ki-Moon<\/li>\n<\/ul>\n<h1><\/h1>\n<h1>Publications<\/h1>\n<h2>Propositions\/Pr\u00e9sentations<\/h2>\n<ul>\n<li><a href=\"http:\/\/www.michaellaitman.com\/fr\/wp-content\/uploads\/2014\/09\/globalization-school_ari-institute.pdf\" target=\"_blank\">Globalization School for Citizens of the Interconnected World \u2013 Overview<\/a><\/li>\n<li><a href=\"http:\/\/www.michaellaitman.com\/fr\/wp-content\/uploads\/2014\/09\/toward-mutual-commitment_ari-institute.pdf\" target=\"_blank\">Toward Mutual Commitment<\/a><\/li>\n<li><a href=\"http:\/\/www.michaellaitman.com\/fr\/wp-content\/uploads\/2014\/09\/we-the-world_ari-institute.pdf\" target=\"_blank\">We, the World<\/a><\/li>\n<li><a href=\"http:\/\/www.michaellaitman.com\/fr\/wp-content\/uploads\/2014\/09\/women-leaders-conference-presentation_ari-institute.pdf\" target=\"_blank\">Women Leaders&rsquo; Conference Presentation<\/a><\/li>\n<\/ul>\n<div><\/div>\n<h2>Articles<\/h2>\n<ul>\n<li><a href=\"http:\/\/www.michaellaitman.com\/fr\/articles\/letter-influencers-advance-g-20-cannes-summit\/\">Lettre ouverte aux dirigeants\u00a0du monde lors\u00a0du\u00a0sommet du G20\u00a0\u00e0 Cannes<\/a><\/li>\n<li><a href=\"http:\/\/www.michaellaitman.com\/fr\/articles\/global-education-remedy-crisis\/\">L&rsquo;\u00e9ducation comme rem\u00e8de \u00e0 la crise<\/a><\/li>\n<li><a href=\"http:\/\/www.michaellaitman.com\/fr\/articles\/solution-crisis-education-globalism\/\">La solution \u00e0 la crise: une \u00e9ducation pour coop\u00e9rer<\/a><\/li>\n<li><a href=\"http:\/\/www.michaellaitman.com\/fr\/articles\/internet-engine-change\/\">Internet: Moteur du changement<\/a><\/li>\n<li><a href=\"http:\/\/www.michaellaitman.com\/fr\/articles\/good-education\/\">La bonne \u00e9ducation<\/a><\/li>\n<li><a href=\"http:\/\/www.michaellaitman.com\/fr\/articles\/climate-ball-court\/\">Climat: la balle est dans votre<\/a><a href=\"http:\/\/www.michaellaitman.com\/fr\/articles\/climate-ball-court\/\"> camp<\/a><\/li>\n<\/ul>\n","protected":false},"excerpt":{"rendered":"<p>Micha\u00ebl Laitman est un penseur contemporain\u00a0qui oeuvre pour un\u00a0changement social\u00a0par le biais de l\u2019\u00e9ducation, unique moyen\u00a0pour r\u00e9soudre sur le long terme les probl\u00e8mes de notre \u00e9poque. Principes\u00a0\u00e9ducatifs Notre\u00a0monde est un syst\u00e8me complexe et interconnect\u00e9. Pendant plusieurs d\u00e9cennnies, nous n&rsquo;\u00e9tions pas<span class=\"ellipsis\">&hellip;<\/span><\/p>\n<div class=\"read-more\"><a href=\"https:\/\/www.michaellaitman.com\/fr\/integral-education-page\/\">Lire la suite &#8250;<\/a><\/div>\n<p><!-- end of .read-more --><\/p>\n","protected":false},"author":1,"featured_media":0,"parent":0,"menu_order":5,"comment_status":"open","ping_status":"open","template":"content-sidebar-page.php","meta":{"ngg_post_thumbnail":0,"footnotes":""},"class_list":["post-64","page","type-page","status-publish","hentry"],"_links":{"self":[{"href":"https:\/\/www.michaellaitman.com\/fr\/wp-json\/wp\/v2\/pages\/64","targetHints":{"allow":["GET"]}}],"collection":[{"href":"https:\/\/www.michaellaitman.com\/fr\/wp-json\/wp\/v2\/pages"}],"about":[{"href":"https:\/\/www.michaellaitman.com\/fr\/wp-json\/wp\/v2\/types\/page"}],"author":[{"embeddable":true,"href":"https:\/\/www.michaellaitman.com\/fr\/wp-json\/wp\/v2\/users\/1"}],"replies":[{"embeddable":true,"href":"https:\/\/www.michaellaitman.com\/fr\/wp-json\/wp\/v2\/comments?post=64"}],"version-history":[{"count":2,"href":"https:\/\/www.michaellaitman.com\/fr\/wp-json\/wp\/v2\/pages\/64\/revisions"}],"predecessor-version":[{"id":521,"href":"https:\/\/www.michaellaitman.com\/fr\/wp-json\/wp\/v2\/pages\/64\/revisions\/521"}],"wp:attachment":[{"href":"https:\/\/www.michaellaitman.com\/fr\/wp-json\/wp\/v2\/media?parent=64"}],"curies":[{"name":"wp","href":"https:\/\/api.w.org\/{rel}","templated":true}]}}