{"id":62,"date":"2012-09-23T20:52:03","date_gmt":"2012-09-23T20:52:03","guid":{"rendered":"http:\/\/dev.michaellaitman.kbb1.com\/?page_id=62"},"modified":"2025-05-19T18:54:35","modified_gmt":"2025-05-19T17:54:35","slug":"leader-in-global-change","status":"publish","type":"page","link":"https:\/\/www.michaellaitman.com\/fr\/person\/leader-in-global-change\/","title":{"rendered":"Leader dans le changement mondial"},"content":{"rendered":"<div id=\"attachment_131\" style=\"width: 205px\" class=\"wp-caption alignleft\"><a href=\"http:\/\/www.michaellaitman.com\/fr\/person\/leader-in-global-change\/unesco\/\" rel=\"attachment wp-att-131\"><img loading=\"lazy\" decoding=\"async\" aria-describedby=\"caption-attachment-131\" class=\"size-thumbnail wp-image-131\" src=\"http:\/\/www.michaellaitman.com\/fr\/wp-content\/uploads\/2012\/09\/unesco-195x290.jpg\" alt=\"&quot;A true visionary.&quot; Irina Bokova Director-General of UNESCO Paris, 2011\" width=\"195\" height=\"290\"><\/a><p id=\"caption-attachment-131\" class=\"wp-caption-text\">\u00ab\u00a0Un v\u00e9ritable visionnaire.\u00a0\u00bb Irina Bokova Directrice-G\u00e9n\u00e9rale&nbsp;de &nbsp;l&rsquo;UNESCO Paris, 2011<\/p><\/div>\n<p>Les travaux de Micha\u00ebl&nbsp;Laitman dans le domaine de l&rsquo;\u00e9ducation ont \u00e9t\u00e9 pr\u00e9sent\u00e9s \u00e0 la Directrice g\u00e9n\u00e9rale de l&rsquo;UNESCO, Madame Irina Bokova, qui l&rsquo;a qualifi\u00e9 de \u00ab v\u00e9ritable visionnaire \u00bb apr\u00e8s l&rsquo;avoir rencontr\u00e9 \u00e0 Paris.<\/p>\n<p>Parmi les propositions de Micha\u00ebl Laitman pour faire avancer l&rsquo;\u00e9ducation&nbsp;dans le monde actuel, il&nbsp;a soulign\u00e9 la n\u00e9cessit\u00e9 de prendre en consid\u00e9ration la jeunesse d\u2019aujourd\u2019hui&nbsp;et de&nbsp;la pr\u00e9parer \u00e0 un monde global. L&rsquo;Institut ARI, pr\u00e9sid\u00e9 par Mich\u00ebl Laitman,&nbsp;a \u00e9t\u00e9 par la suite,&nbsp;invit\u00e9 \u00e0 participer \u00e0 une s\u00e9rie d&rsquo;initiatives sur l\u2019\u00e9ducation&nbsp;organis\u00e9e par&nbsp;l&rsquo;ONU et l\u2019UNESCO.<\/p>\n<p>Micha\u00ebl Laitman a \u00e9t\u00e9 couvert par diff\u00e9rentes publications internationales, comme, pour n&rsquo;en citer que quelques unes: le &nbsp;<em>New York Times, El Mundo, The Chicago Tribune, The Miami Herald, The Jerusalem Post et The Globe<\/em>. Il a particip\u00e9 \u00e0 plusieurs \u00e9missions de t\u00e9l\u00e9vision, y compris <em>SKY TV (Skytg24<\/em>) et <em>Medias<\/em> et <em>TV (Tg5<\/em>), <em>Univision<\/em> et <em>Bloomberg TV<\/em>.<\/p>\n<!--\n<ul id=\"videoTab\" class=\"nav nav-tabs\">\n<li class=\"active\"><a class=\"cu-icon-play\" href=\"#video2\" data-wplink-edit=\"true\">Watch the video<\/a><\/li>\n<\/ul>\n<div id=\"myTabContent\" class=\"tab-content\">\n<div id=\"video2\" class=\"tab-pane fade in active\">\n<p style=\"font-size: 14px;\">Micha\u00ebl Laitman lors de sa rencontre en France \u00e0 l'UNESCO&nbsp;avec la directrice g\u00e9n\u00e9rale&nbsp;Irina Bokova<\/p>\n<\/div>\n<\/div>\n-->\n\n<p><\/p>\n","protected":false},"excerpt":{"rendered":"<p>Les travaux de Micha\u00ebl&nbsp;Laitman dans le domaine de l&rsquo;\u00e9ducation ont \u00e9t\u00e9 pr\u00e9sent\u00e9s \u00e0 la Directrice g\u00e9n\u00e9rale de l&rsquo;UNESCO, Madame Irina Bokova, qui l&rsquo;a qualifi\u00e9 de \u00ab v\u00e9ritable visionnaire \u00bb apr\u00e8s l&rsquo;avoir rencontr\u00e9 \u00e0 Paris. Parmi les propositions de Micha\u00ebl Laitman<span class=\"ellipsis\">&hellip;<\/span><\/p>\n<div class=\"read-more\"><a href=\"https:\/\/www.michaellaitman.com\/fr\/person\/leader-in-global-change\/\">Lire la suite &#8250;<\/a><\/div>\n<p><!-- end of .read-more --><\/p>\n","protected":false},"author":1,"featured_media":0,"parent":56,"menu_order":6,"comment_status":"open","ping_status":"open","template":"sidebar-content-page.php","meta":{"ngg_post_thumbnail":0,"footnotes":""},"class_list":["post-62","page","type-page","status-publish","hentry"],"_links":{"self":[{"href":"https:\/\/www.michaellaitman.com\/fr\/wp-json\/wp\/v2\/pages\/62","targetHints":{"allow":["GET"]}}],"collection":[{"href":"https:\/\/www.michaellaitman.com\/fr\/wp-json\/wp\/v2\/pages"}],"about":[{"href":"https:\/\/www.michaellaitman.com\/fr\/wp-json\/wp\/v2\/types\/page"}],"author":[{"embeddable":true,"href":"https:\/\/www.michaellaitman.com\/fr\/wp-json\/wp\/v2\/users\/1"}],"replies":[{"embeddable":true,"href":"https:\/\/www.michaellaitman.com\/fr\/wp-json\/wp\/v2\/comments?post=62"}],"version-history":[{"count":3,"href":"https:\/\/www.michaellaitman.com\/fr\/wp-json\/wp\/v2\/pages\/62\/revisions"}],"predecessor-version":[{"id":784,"href":"https:\/\/www.michaellaitman.com\/fr\/wp-json\/wp\/v2\/pages\/62\/revisions\/784"}],"up":[{"embeddable":true,"href":"https:\/\/www.michaellaitman.com\/fr\/wp-json\/wp\/v2\/pages\/56"}],"wp:attachment":[{"href":"https:\/\/www.michaellaitman.com\/fr\/wp-json\/wp\/v2\/media?parent=62"}],"curies":[{"name":"wp","href":"https:\/\/api.w.org\/{rel}","templated":true}]}}