{"id":61,"date":"2012-09-23T20:51:16","date_gmt":"2012-09-23T20:51:16","guid":{"rendered":"http:\/\/dev.michaellaitman.kbb1.com\/?page_id=61"},"modified":"2015-02-09T12:37:58","modified_gmt":"2015-02-09T11:37:58","slug":"internationally-best-selling-author","status":"publish","type":"page","link":"https:\/\/www.michaellaitman.com\/fr\/person\/internationally-best-selling-author\/","title":{"rendered":"Auteur international"},"content":{"rendered":"<div id=\"attachment_130\" style=\"width: 210px\" class=\"wp-caption alignleft\"><a href=\"http:\/\/www.michaellaitman.com\/fr\/person\/internationally-best-selling-author\/index_img_7\/\" rel=\"attachment wp-att-130\"><img loading=\"lazy\" decoding=\"async\" aria-describedby=\"caption-attachment-130\" class=\"size-full wp-image-130\" src=\"http:\/\/www.michaellaitman.com\/fr\/wp-content\/uploads\/2012\/09\/index_img_7.jpg\" alt=\"High Panel on Peace and Dialogue among Cultures. UN Headquarters, New York\" width=\"200\" height=\"149\" \/><\/a><p id=\"caption-attachment-130\" class=\"wp-caption-text\">Panel\u00a0de haut niveau sur la paix et le\u00a0\u00a0dialogue entre les cultures.\u00a0Si\u00e8ge des Nations-Unies\u00a0, New York<\/p><\/div>\n<p>Au cours de ces\u00a0trente derni\u00e8res ann\u00e9es, Micha\u00ebl Laitman a publi\u00e9 plus de 40 livres traduits en 18 langues.\u00a0Cette large production litt\u00e9raire vise \u00e0 apporter \u00e0 tout un chacun des \u00e9lements de refl\u00e9xion sur le sens de la vie et sur\u00a0la soci\u00e9t\u00e9 moderne.<\/p>\n<p>La r\u00e9cente mont\u00e9e de l\u2019antis\u00e9mitisme l\u2019a amen\u00e9 \u00e0 \u00e9crire son dernier livre \u00ab\u00a0<em>Like a Bundle of Reeds: why unity and mutual guarantee are today\u2019s call of the hour\u00a0<\/em>\u00bb (<em>comme une gerbe de bl\u00e9 : pourquoi l&rsquo;unit\u00e9 et la solidarit\u00e9 sont aujourd&rsquo;hui \u00e0 l\u2019ordre du jour<\/em>).<\/p>\n<p>Micha\u00ebl Laitman a \u00e9crit trois livres parlant de la crise et\u00a0de ses solutions potentielles\u00a0: A<em> Guide to the New World: why mutual guarantee is the key to our recovery from the global crisis (Un guide pour un monde nouveau : pourquoi la solidarit\u00e9 est la cl\u00e9 de notre reprise face \u00e0 la crise mondiale<\/em>), <em>Self-Interest vs. Altruism in the Global Era: how society can turn self-interests into mutual benefit (Int\u00e9r\u00eat personnel contre Altruisme \u00e0 l&rsquo;\u00e8re de la mondialisation : comment la soci\u00e9t\u00e9 peut transformer ses int\u00e9r\u00eats personnels en int\u00e9r\u00eat mutuel<\/em>) et \u00ab\u00a0<em>The Psychology of the Integral Society\u00a0\u00bb (La psychologie de la Soci\u00e9t\u00e9 Int\u00e9grale<\/em>).<\/p>\n<p>Les th\u00e8mes de pr\u00e9dilection de Micha\u00ebl\u00a0Laitman sont la coh\u00e9sion sociale, l\u2019\u00e9ducation, l\u2019antis\u00e9mitisme, la globalisation, la solidarit\u00e9 mondiale et la paix.<\/p>\n<p><em>\u00a0<\/em><\/p>\n","protected":false},"excerpt":{"rendered":"<p>Au cours de ces\u00a0trente derni\u00e8res ann\u00e9es, Micha\u00ebl Laitman a publi\u00e9 plus de 40 livres traduits en 18 langues.\u00a0Cette large production litt\u00e9raire vise \u00e0 apporter \u00e0 tout un chacun des \u00e9lements de refl\u00e9xion sur le sens de la vie et sur\u00a0la<span class=\"ellipsis\">&hellip;<\/span><\/p>\n<div class=\"read-more\"><a href=\"https:\/\/www.michaellaitman.com\/fr\/person\/internationally-best-selling-author\/\">Lire la suite &#8250;<\/a><\/div>\n<p><!-- end of .read-more --><\/p>\n","protected":false},"author":1,"featured_media":0,"parent":56,"menu_order":5,"comment_status":"open","ping_status":"open","template":"sidebar-content-page.php","meta":{"ngg_post_thumbnail":0,"footnotes":""},"class_list":["post-61","page","type-page","status-publish","hentry"],"_links":{"self":[{"href":"https:\/\/www.michaellaitman.com\/fr\/wp-json\/wp\/v2\/pages\/61","targetHints":{"allow":["GET"]}}],"collection":[{"href":"https:\/\/www.michaellaitman.com\/fr\/wp-json\/wp\/v2\/pages"}],"about":[{"href":"https:\/\/www.michaellaitman.com\/fr\/wp-json\/wp\/v2\/types\/page"}],"author":[{"embeddable":true,"href":"https:\/\/www.michaellaitman.com\/fr\/wp-json\/wp\/v2\/users\/1"}],"replies":[{"embeddable":true,"href":"https:\/\/www.michaellaitman.com\/fr\/wp-json\/wp\/v2\/comments?post=61"}],"version-history":[{"count":2,"href":"https:\/\/www.michaellaitman.com\/fr\/wp-json\/wp\/v2\/pages\/61\/revisions"}],"predecessor-version":[{"id":626,"href":"https:\/\/www.michaellaitman.com\/fr\/wp-json\/wp\/v2\/pages\/61\/revisions\/626"}],"up":[{"embeddable":true,"href":"https:\/\/www.michaellaitman.com\/fr\/wp-json\/wp\/v2\/pages\/56"}],"wp:attachment":[{"href":"https:\/\/www.michaellaitman.com\/fr\/wp-json\/wp\/v2\/media?parent=61"}],"curies":[{"name":"wp","href":"https:\/\/api.w.org\/{rel}","templated":true}]}}