{"id":514,"date":"2014-09-17T07:46:39","date_gmt":"2014-09-17T07:46:39","guid":{"rendered":"http:\/\/www.michaellaitman.com\/fr\/?page_id=514"},"modified":"2015-02-07T21:49:00","modified_gmt":"2015-02-07T20:49:00","slug":"like-bundle-reeds","status":"publish","type":"page","link":"https:\/\/www.michaellaitman.com\/fr\/books\/like-bundle-reeds\/","title":{"rendered":"Comme une gerbe de bl\u00e9"},"content":{"rendered":"<p><em><a href=\"http:\/\/bundleofreeds.com\/\" target=\"_blank\"><img loading=\"lazy\" decoding=\"async\" class=\"alignleft size-medium wp-image-516\" src=\"http:\/\/www.michaellaitman.com\/fr\/wp-content\/uploads\/2014\/09\/like-bundle-of-reed-2-193x300.jpg\" alt=\"like-bundle-of-reed-2\" width=\"193\" height=\"300\" srcset=\"https:\/\/www.michaellaitman.com\/fr\/wp-content\/uploads\/2014\/09\/like-bundle-of-reed-2-193x300.jpg 193w, https:\/\/www.michaellaitman.com\/fr\/wp-content\/uploads\/2014\/09\/like-bundle-of-reed-2.jpg 323w\" sizes=\"auto, (max-width: 193px) 100vw, 193px\" \/><\/a><\/em>Dans le livre<em> Like A Bundle of Reeds,<\/em> (en anglais uniquement)\u00a0Micha\u00ebl Laitman offre des \u00e9l\u00e8ments de r\u00e9flexion sur la question de l\u2019antis\u00e9mitisme et propose une nouvelle\u00a0perspective pour r\u00e9soudre cet \u00e9ternel\u00a0probl\u00e8me.<\/p>\n<p>On peut t\u00e9l\u00e9charger gratuitement ce livre \u00e0 cette adresse : <a title=\"Like a Bundle of Reeds\" href=\"http:\/\/bundleofreeds.com\/\" target=\"_blank\">BundleOfReeds.com<\/a><\/p>\n","protected":false},"excerpt":{"rendered":"<p>Dans le livre Like A Bundle of Reeds, (en anglais uniquement)\u00a0Micha\u00ebl Laitman offre des \u00e9l\u00e8ments de r\u00e9flexion sur la question de l\u2019antis\u00e9mitisme et propose une nouvelle\u00a0perspective pour r\u00e9soudre cet \u00e9ternel\u00a0probl\u00e8me. On peut t\u00e9l\u00e9charger gratuitement ce livre \u00e0 cette adresse :<span class=\"ellipsis\">&hellip;<\/span><\/p>\n<div class=\"read-more\"><a href=\"https:\/\/www.michaellaitman.com\/fr\/books\/like-bundle-reeds\/\">Lire la suite &#8250;<\/a><\/div>\n<p><!-- end of .read-more --><\/p>\n","protected":false},"author":1,"featured_media":0,"parent":40,"menu_order":1,"comment_status":"open","ping_status":"open","template":"sidebar-content-page.php","meta":{"ngg_post_thumbnail":0,"footnotes":""},"class_list":["post-514","page","type-page","status-publish","hentry"],"_links":{"self":[{"href":"https:\/\/www.michaellaitman.com\/fr\/wp-json\/wp\/v2\/pages\/514","targetHints":{"allow":["GET"]}}],"collection":[{"href":"https:\/\/www.michaellaitman.com\/fr\/wp-json\/wp\/v2\/pages"}],"about":[{"href":"https:\/\/www.michaellaitman.com\/fr\/wp-json\/wp\/v2\/types\/page"}],"author":[{"embeddable":true,"href":"https:\/\/www.michaellaitman.com\/fr\/wp-json\/wp\/v2\/users\/1"}],"replies":[{"embeddable":true,"href":"https:\/\/www.michaellaitman.com\/fr\/wp-json\/wp\/v2\/comments?post=514"}],"version-history":[{"count":2,"href":"https:\/\/www.michaellaitman.com\/fr\/wp-json\/wp\/v2\/pages\/514\/revisions"}],"predecessor-version":[{"id":628,"href":"https:\/\/www.michaellaitman.com\/fr\/wp-json\/wp\/v2\/pages\/514\/revisions\/628"}],"up":[{"embeddable":true,"href":"https:\/\/www.michaellaitman.com\/fr\/wp-json\/wp\/v2\/pages\/40"}],"wp:attachment":[{"href":"https:\/\/www.michaellaitman.com\/fr\/wp-json\/wp\/v2\/media?parent=514"}],"curies":[{"name":"wp","href":"https:\/\/api.w.org\/{rel}","templated":true}]}}