{"id":368,"date":"2013-07-22T12:57:17","date_gmt":"2013-07-22T12:57:17","guid":{"rendered":"http:\/\/www.michaellaitman.com\/fr\/?page_id=368"},"modified":"2015-02-07T22:16:53","modified_gmt":"2015-02-07T21:16:53","slug":"the-benefits-of-the-new-economy","status":"publish","type":"page","link":"https:\/\/www.michaellaitman.com\/fr\/books\/the-benefits-of-the-new-economy\/","title":{"rendered":"Les b\u00e9n\u00e9fices de la nouvelle \u00e9conomie"},"content":{"rendered":"<p>Vous \u00eates-vous d\u00e9j\u00e0 demand\u00e9 pour quelle raison, en d\u00e9pit du savoir des \u00e9conomistes, les crises refusent obstin\u00e9ment de dispara\u00eetre? La r\u00e9ponse \u00e0 cette question se trouve en chacun d&rsquo;entre nous. L\u2019\u00e9tat de l\u2019\u00e9conomie est un reflet de l\u2019\u00e9tat des relations humaines.\u00a0L&rsquo;\u00e9volution a conduit \u00e0 la construction d\u2019un monde interd\u00e9pendant. Interd\u00e9pendance et \u00ab mondialisation \u00bb\u00a0\u00a0impliquent qu&rsquo;une solution \u00e0 la crise globale doit prendre en compte l&rsquo;ensemble des acteurs mondiaux. En effet, si seule une partie du monde\u00a0va bien tandis que les autres restent en crise, le probl\u00e8me demeurera, et\u00a0les crises seront amen\u00e9es \u00e0 s&rsquo;amplifier.<\/p>\n<p>L&rsquo;ouvrage motiv\u00e9 par la crise \u00e9conomique de 2008 veut contribuer \u00e0 am\u00e9liorer la compr\u00e9hension des catastrophes \u00e9conomiques actuelles: quelles sont les causes de ces crises? Comment peut-on les r\u00e9soudre?<\/p>\n<p>Il est \u00e9vident que nous n&rsquo;avons rien \u00e0 attendre des solutions classiques. Rien ne sera r\u00e9gl\u00e9 en faisant tourner la planche \u00e0 billet ni en augmentant les imp\u00f4ts et les taxes. La solution r\u00e9side plut\u00f4t dans la construction d\u2019une soci\u00e9t\u00e9 o\u00f9 chacun commence \u00e0 se pr\u00e9occuper des autres. Une soci\u00e9t\u00e9 fond\u00e9e sur un contrat social cr\u00e9\u00e9e un environnement social dans lequel chacun est responsable de la r\u00e9ussite collective.<\/p>\n<p>Cet ouvrage est compos\u00e9 de treize essais \u00e9crits en 2011 par des experts dans les\u00a0domaines de l\u2019\u00e9conomie et de la finance. Bien que chacun de ces essais puisse \u00eatre lu s\u00e9paremment, il reste que l\u2019unit\u00e9 de l\u2019ouvrage est assur\u00e9e par le th\u00e8me unique qui sous-tend chacun d\u2019eux: l\u2019absence d\u2019un contrat social fond\u00e9e sur la notion de solidarit\u00e9 comme la cause commune \u00e0 l\u2019ensemble des probl\u00e8mes que rencontre notre monde.<i> <\/i><\/p>\n<p>&nbsp;<\/p>\n","protected":false},"excerpt":{"rendered":"<p>Vous \u00eates-vous d\u00e9j\u00e0 demand\u00e9 pour quelle raison, en d\u00e9pit du savoir des \u00e9conomistes, les crises refusent obstin\u00e9ment de dispara\u00eetre? La r\u00e9ponse \u00e0 cette question se trouve en chacun d&rsquo;entre nous. L\u2019\u00e9tat de l\u2019\u00e9conomie est un reflet de l\u2019\u00e9tat des relations<span class=\"ellipsis\">&hellip;<\/span><\/p>\n<div class=\"read-more\"><a href=\"https:\/\/www.michaellaitman.com\/fr\/books\/the-benefits-of-the-new-economy\/\">Lire la suite &#8250;<\/a><\/div>\n<p><!-- end of .read-more --><\/p>\n","protected":false},"author":1,"featured_media":369,"parent":40,"menu_order":3,"comment_status":"open","ping_status":"open","template":"sidebar-content-page.php","meta":{"ngg_post_thumbnail":0,"footnotes":""},"class_list":["post-368","page","type-page","status-publish","has-post-thumbnail","hentry"],"_links":{"self":[{"href":"https:\/\/www.michaellaitman.com\/fr\/wp-json\/wp\/v2\/pages\/368","targetHints":{"allow":["GET"]}}],"collection":[{"href":"https:\/\/www.michaellaitman.com\/fr\/wp-json\/wp\/v2\/pages"}],"about":[{"href":"https:\/\/www.michaellaitman.com\/fr\/wp-json\/wp\/v2\/types\/page"}],"author":[{"embeddable":true,"href":"https:\/\/www.michaellaitman.com\/fr\/wp-json\/wp\/v2\/users\/1"}],"replies":[{"embeddable":true,"href":"https:\/\/www.michaellaitman.com\/fr\/wp-json\/wp\/v2\/comments?post=368"}],"version-history":[{"count":1,"href":"https:\/\/www.michaellaitman.com\/fr\/wp-json\/wp\/v2\/pages\/368\/revisions"}],"predecessor-version":[{"id":630,"href":"https:\/\/www.michaellaitman.com\/fr\/wp-json\/wp\/v2\/pages\/368\/revisions\/630"}],"up":[{"embeddable":true,"href":"https:\/\/www.michaellaitman.com\/fr\/wp-json\/wp\/v2\/pages\/40"}],"wp:featuredmedia":[{"embeddable":true,"href":"https:\/\/www.michaellaitman.com\/fr\/wp-json\/wp\/v2\/media\/369"}],"wp:attachment":[{"href":"https:\/\/www.michaellaitman.com\/fr\/wp-json\/wp\/v2\/media?parent=368"}],"curies":[{"name":"wp","href":"https:\/\/api.w.org\/{rel}","templated":true}]}}