{"id":366,"date":"2013-07-22T12:53:40","date_gmt":"2013-07-22T12:53:40","guid":{"rendered":"http:\/\/www.michaellaitman.com\/fr\/?page_id=366"},"modified":"2015-02-08T09:32:08","modified_gmt":"2015-02-08T08:32:08","slug":"connected-by-natures-law","status":"publish","type":"page","link":"https:\/\/www.michaellaitman.com\/fr\/books\/connected-by-natures-law\/","title":{"rendered":"Connect\u00e9 par les lois de la Nature"},"content":{"rendered":"<p><em>Connected &#8211; by Nature\u2019s Law <\/em>j\u00e8te un nouveau regard sur la \u00ab conscience sociale \u00bb. Il pr\u00e9sente une vision coh\u00e9rente et compl\u00e8te de ce que nous appelons la r\u00e9alit\u00e9 et le processus que l\u2019humanit\u00e9 traverse.<\/p>\n<p>Il sugg\u00e8re la cr\u00e9ation d\u2019un \u00ab Programme social pour l\u2019humanit\u00e9\u00a0\u00bb\u00a0visant \u00e0\u00a0renforcer les liens de la soci\u00e9t\u00e9 \u00e0 tous les niveaux: familial, r\u00e9gional, national puis international. La cr\u00e9ation d&rsquo;un tel programme est une n\u00e9cessit\u00e9 pour assurer un meilleur futur\u00a0\u00e0 la soci\u00e9t\u00e9.<\/p>\n<p>Lien vers <a href=\"http:\/\/www.amazon.com\/Connected-Natures-Law-Michael-Laitman\/dp\/1897448813\/ref=sr_1_6?s=books&amp;ie=UTF8&amp;qid=1423384277&amp;sr=1-6&amp;keywords=michael+laitman+books\">Amazon<\/a><\/p>\n","protected":false},"excerpt":{"rendered":"<p>Connected &#8211; by Nature\u2019s Law j\u00e8te un nouveau regard sur la \u00ab conscience sociale \u00bb. Il pr\u00e9sente une vision coh\u00e9rente et compl\u00e8te de ce que nous appelons la r\u00e9alit\u00e9 et le processus que l\u2019humanit\u00e9 traverse. Il sugg\u00e8re la cr\u00e9ation d\u2019un<span class=\"ellipsis\">&hellip;<\/span><\/p>\n<div class=\"read-more\"><a href=\"https:\/\/www.michaellaitman.com\/fr\/books\/connected-by-natures-law\/\">Lire la suite &#8250;<\/a><\/div>\n<p><!-- end of .read-more --><\/p>\n","protected":false},"author":1,"featured_media":367,"parent":40,"menu_order":4,"comment_status":"open","ping_status":"open","template":"sidebar-content-page.php","meta":{"ngg_post_thumbnail":0,"footnotes":""},"class_list":["post-366","page","type-page","status-publish","has-post-thumbnail","hentry"],"_links":{"self":[{"href":"https:\/\/www.michaellaitman.com\/fr\/wp-json\/wp\/v2\/pages\/366","targetHints":{"allow":["GET"]}}],"collection":[{"href":"https:\/\/www.michaellaitman.com\/fr\/wp-json\/wp\/v2\/pages"}],"about":[{"href":"https:\/\/www.michaellaitman.com\/fr\/wp-json\/wp\/v2\/types\/page"}],"author":[{"embeddable":true,"href":"https:\/\/www.michaellaitman.com\/fr\/wp-json\/wp\/v2\/users\/1"}],"replies":[{"embeddable":true,"href":"https:\/\/www.michaellaitman.com\/fr\/wp-json\/wp\/v2\/comments?post=366"}],"version-history":[{"count":1,"href":"https:\/\/www.michaellaitman.com\/fr\/wp-json\/wp\/v2\/pages\/366\/revisions"}],"predecessor-version":[{"id":631,"href":"https:\/\/www.michaellaitman.com\/fr\/wp-json\/wp\/v2\/pages\/366\/revisions\/631"}],"up":[{"embeddable":true,"href":"https:\/\/www.michaellaitman.com\/fr\/wp-json\/wp\/v2\/pages\/40"}],"wp:featuredmedia":[{"embeddable":true,"href":"https:\/\/www.michaellaitman.com\/fr\/wp-json\/wp\/v2\/media\/367"}],"wp:attachment":[{"href":"https:\/\/www.michaellaitman.com\/fr\/wp-json\/wp\/v2\/media?parent=366"}],"curies":[{"name":"wp","href":"https:\/\/api.w.org\/{rel}","templated":true}]}}